{"id":135702,"date":"2025-05-18T22:46:16","date_gmt":"2025-05-18T22:46:16","guid":{"rendered":"https:\/\/staging2.stylingagenten.com\/fi\/produkt\/oscar-de-la-renta-extraordinary-petale-edp-90ml\/"},"modified":"2026-03-27T08:08:40","modified_gmt":"2026-03-27T08:08:40","slug":"oscar-de-la-renta-extraordinary-petale-edp-90ml","status":"publish","type":"product","link":"https:\/\/stylingagenten.com\/fi\/tuote\/oscar-de-la-renta-extraordinary-petale-edp-90ml\/","title":{"rendered":"Oscar de la Renta Extraordinary P\u00e9tale Edp 90ml"},"content":{"rendered":"<p>Oscar de la Renta Extraordinary P&eacute;tale Edp on uusi tulkinta Oscar de la Renta Extraordinarysta. <br \/>Extraordinary P&eacute;tale on kukkakierre alkuper\u00e4inen ja on ilmoitettu pehme\u00e4ksi ja romanttiseksi tuoksuksi. <\/p>\n<p>Alkutuoksu: Sitrus, bergamotti, mandariini, kuohuva samppanja<br \/>Syd\u00e4ntuoksu: Appelsiininkukka, ruusu, jasmiini<br \/>Pohjatuoksu: vanilja, myski, ambra<\/p>\n","protected":false},"excerpt":{"rendered":"<p>Oscar de la Renta Extraordinary P&eacute;tale Edp on uusi tulkinta Oscar de la Renta Extraordinarysta. Extraordinary P&eacute;tale on kukkakierre alkuper\u00e4inen ja on ilmoitettu pehme\u00e4ksi ja romanttiseksi tuoksuksi. Alkutuoksu: Sitrus, bergamotti, mandariini, kuohuva samppanjaSyd\u00e4ntuoksu: Appelsiininkukka, ruusu, jasmiiniPohjatuoksu: vanilja, myski, ambra<\/p>\n","protected":false},"featured_media":135692,"comment_status":"open","ping_status":"closed","template":"","meta":{"_trash_the_other_posts":false},"product_brand":[],"product_cat":[999,706,735],"product_tag":[],"berocket_brand":[1047],"class_list":{"0":"post-135702","1":"product","2":"type-product","3":"status-publish","4":"has-post-thumbnail","6":"product_cat-kampanjatarjous-naiselle","7":"product_cat-naisten-eau-de-parfum","8":"product_cat-kampanjamme","9":"pa_brand-oscar-de-la-renta","10":"berocket_brand-oscar-de-la-renta","12":"first","13":"instock","14":"sale","15":"taxable","16":"shipping-taxable","17":"purchasable","18":"product-type-simple"},"_links":{"self":[{"href":"https:\/\/stylingagenten.com\/fi\/wp-json\/wp\/v2\/product\/135702","targetHints":{"allow":["GET"]}}],"collection":[{"href":"https:\/\/stylingagenten.com\/fi\/wp-json\/wp\/v2\/product"}],"about":[{"href":"https:\/\/stylingagenten.com\/fi\/wp-json\/wp\/v2\/types\/product"}],"replies":[{"embeddable":true,"href":"https:\/\/stylingagenten.com\/fi\/wp-json\/wp\/v2\/comments?post=135702"}],"version-history":[{"count":0,"href":"https:\/\/stylingagenten.com\/fi\/wp-json\/wp\/v2\/product\/135702\/revisions"}],"wp:featuredmedia":[{"embeddable":true,"href":"https:\/\/stylingagenten.com\/fi\/wp-json\/wp\/v2\/media\/135692"}],"wp:attachment":[{"href":"https:\/\/stylingagenten.com\/fi\/wp-json\/wp\/v2\/media?parent=135702"}],"wp:term":[{"taxonomy":"product_brand","embeddable":true,"href":"https:\/\/stylingagenten.com\/fi\/wp-json\/wp\/v2\/product_brand?post=135702"},{"taxonomy":"product_cat","embeddable":true,"href":"https:\/\/stylingagenten.com\/fi\/wp-json\/wp\/v2\/product_cat?post=135702"},{"taxonomy":"product_tag","embeddable":true,"href":"https:\/\/stylingagenten.com\/fi\/wp-json\/wp\/v2\/product_tag?post=135702"},{"taxonomy":"berocket_brand","embeddable":true,"href":"https:\/\/stylingagenten.com\/fi\/wp-json\/wp\/v2\/berocket_brand?post=135702"}],"curies":[{"name":"wp","href":"https:\/\/api.w.org\/{rel}","templated":true}]}}