{"id":135696,"date":"2025-05-18T22:46:16","date_gmt":"2025-05-18T22:46:16","guid":{"rendered":"https:\/\/staging2.stylingagenten.com\/fi\/produkt\/dolce-gabbana-the-only-one-edp-50ml\/"},"modified":"2026-04-05T16:08:31","modified_gmt":"2026-04-05T16:08:31","slug":"dolce-gabbana-the-only-one-edp-50ml","status":"publish","type":"product","link":"https:\/\/stylingagenten.com\/fi\/tuote\/dolce-gabbana-the-only-one-edp-50ml\/","title":{"rendered":"Dolce &amp; Gabbana The Only One Edp 50ml"},"content":{"rendered":"<p>Dolce &amp; Gabbana Beauty esittelee The Only One -tuoksun, uuden kukkaistuoksun, joka vangitsee hienostuneen ja hypnotisoivan naisellisuuden olemuksen. Tuoksun tunnus on yll\u00e4tt\u00e4v\u00e4ss\u00e4 violetin ja kahvin yhdistelm\u00e4ss\u00e4, joka her\u00e4tt\u00e4\u00e4 koukuttavan kontrastin.<\/p>\n<p>Yl\u00e4tuoksu: Tuoksu avautuu violetilla, joka yhdistyy hienovaraiseen bergamotiin luoden eloisan tuoksun. <br \/>Syd\u00e4n nuotit: Syd\u00e4mess\u00e4 t\u00e4ytel\u00e4isen kahvin eteeriset nuotit sekoittuvat vieh\u00e4tt\u00e4vien iiristen kanssa.<br \/>Pohjatuoksu: Vanilja ja patsuli tarjoavat l\u00e4mpim\u00e4n pohjan, joka ymp\u00e4r\u00f6i aistit.<\/p>\n","protected":false},"excerpt":{"rendered":"<p>Dolce &amp; Gabbana Beauty esittelee The Only One -tuoksun, uuden kukkaistuoksun, joka vangitsee hienostuneen ja hypnotisoivan naisellisuuden olemuksen. Tuoksun tunnus on yll\u00e4tt\u00e4v\u00e4ss\u00e4 violetin ja kahvin yhdistelm\u00e4ss\u00e4, joka her\u00e4tt\u00e4\u00e4 koukuttavan kontrastin. Yl\u00e4tuoksu: Tuoksu avautuu violetilla, joka yhdistyy hienovaraiseen bergamotiin luoden eloisan tuoksun. Syd\u00e4n nuotit: Syd\u00e4mess\u00e4 t\u00e4ytel\u00e4isen kahvin eteeriset nuotit sekoittuvat vieh\u00e4tt\u00e4vien iiristen kanssa.Pohjatuoksu: Vanilja ja patsuli [&hellip;]<\/p>\n","protected":false},"featured_media":135690,"comment_status":"open","ping_status":"closed","template":"","meta":{"_trash_the_other_posts":false},"product_brand":[],"product_cat":[999,706,735],"product_tag":[2844],"berocket_brand":[1292],"class_list":{"0":"post-135696","1":"product","2":"type-product","3":"status-publish","4":"has-post-thumbnail","6":"product_cat-kampanjatarjous-naiselle","7":"product_cat-naisten-eau-de-parfum","8":"product_cat-kampanjamme","9":"product_tag-dolce-gabbana-the-only-one-edp","10":"pa_brand-dolce-gabbana","11":"pa_variantti-50ml","12":"berocket_brand-dolce-gabbana","14":"first","15":"outofstock","16":"sale","17":"taxable","18":"shipping-taxable","19":"purchasable","20":"product-type-simple"},"_links":{"self":[{"href":"https:\/\/stylingagenten.com\/fi\/wp-json\/wp\/v2\/product\/135696","targetHints":{"allow":["GET"]}}],"collection":[{"href":"https:\/\/stylingagenten.com\/fi\/wp-json\/wp\/v2\/product"}],"about":[{"href":"https:\/\/stylingagenten.com\/fi\/wp-json\/wp\/v2\/types\/product"}],"replies":[{"embeddable":true,"href":"https:\/\/stylingagenten.com\/fi\/wp-json\/wp\/v2\/comments?post=135696"}],"version-history":[{"count":0,"href":"https:\/\/stylingagenten.com\/fi\/wp-json\/wp\/v2\/product\/135696\/revisions"}],"wp:featuredmedia":[{"embeddable":true,"href":"https:\/\/stylingagenten.com\/fi\/wp-json\/wp\/v2\/media\/135690"}],"wp:attachment":[{"href":"https:\/\/stylingagenten.com\/fi\/wp-json\/wp\/v2\/media?parent=135696"}],"wp:term":[{"taxonomy":"product_brand","embeddable":true,"href":"https:\/\/stylingagenten.com\/fi\/wp-json\/wp\/v2\/product_brand?post=135696"},{"taxonomy":"product_cat","embeddable":true,"href":"https:\/\/stylingagenten.com\/fi\/wp-json\/wp\/v2\/product_cat?post=135696"},{"taxonomy":"product_tag","embeddable":true,"href":"https:\/\/stylingagenten.com\/fi\/wp-json\/wp\/v2\/product_tag?post=135696"},{"taxonomy":"berocket_brand","embeddable":true,"href":"https:\/\/stylingagenten.com\/fi\/wp-json\/wp\/v2\/berocket_brand?post=135696"}],"curies":[{"name":"wp","href":"https:\/\/api.w.org\/{rel}","templated":true}]}}