{"id":135693,"date":"2025-05-18T22:46:15","date_gmt":"2025-05-18T22:46:15","guid":{"rendered":"https:\/\/staging2.stylingagenten.com\/fi\/produkt\/jean-paul-gaultier-scandal-edp-30ml\/"},"modified":"2026-04-14T10:38:31","modified_gmt":"2026-04-14T10:38:31","slug":"jean-paul-gaultier-scandal-edp-30ml","status":"publish","type":"product","link":"https:\/\/stylingagenten.com\/fi\/tuote\/jean-paul-gaultier-scandal-edp-30ml\/","title":{"rendered":"Jean Paul Gaultier Scandal Edp 30ml"},"content":{"rendered":"<p>Jean Paul Gaultier Scandal on ylimielinen tuoksu, joka on tehty murtamaan kaikki kliseet ja tarjoaa jotain uutta, modernia, voimakasta ja eleganttia. Tuoksussa on veriappelsiinin, hunajan, patsuliin ja gardenian n\u00e4kyv\u00e4t tuoksut, jotka yhdistyv\u00e4t kermaiseen ja maanl\u00e4heiseen gourmet-vaikutelmaan sek\u00e4 l\u00e4mpimiin, syviin ja puisiin pohjatuoksuihin.<\/p>\n","protected":false},"excerpt":{"rendered":"<p>Jean Paul Gaultier Scandal on ylimielinen tuoksu, joka on tehty murtamaan kaikki kliseet ja tarjoaa jotain uutta, modernia, voimakasta ja eleganttia. Tuoksussa on veriappelsiinin, hunajan, patsuliin ja gardenian n\u00e4kyv\u00e4t tuoksut, jotka yhdistyv\u00e4t kermaiseen ja maanl\u00e4heiseen gourmet-vaikutelmaan sek\u00e4 l\u00e4mpimiin, syviin ja puisiin pohjatuoksuihin.<\/p>\n","protected":false},"featured_media":441965,"comment_status":"open","ping_status":"closed","template":"","meta":{"_trash_the_other_posts":false},"product_brand":[],"product_cat":[706],"product_tag":[3039],"berocket_brand":[1353],"class_list":{"0":"post-135693","1":"product","2":"type-product","3":"status-publish","4":"has-post-thumbnail","6":"product_cat-naisten-eau-de-parfum","7":"product_tag-jean-paul-gaultier-scandal-edp","8":"pa_brand-jean-paul-gaultier","9":"pa_variantti-30ml","10":"berocket_brand-jean-paul-gaultier","12":"first","13":"instock","14":"sale","15":"taxable","16":"shipping-taxable","17":"purchasable","18":"product-type-simple"},"_links":{"self":[{"href":"https:\/\/stylingagenten.com\/fi\/wp-json\/wp\/v2\/product\/135693","targetHints":{"allow":["GET"]}}],"collection":[{"href":"https:\/\/stylingagenten.com\/fi\/wp-json\/wp\/v2\/product"}],"about":[{"href":"https:\/\/stylingagenten.com\/fi\/wp-json\/wp\/v2\/types\/product"}],"replies":[{"embeddable":true,"href":"https:\/\/stylingagenten.com\/fi\/wp-json\/wp\/v2\/comments?post=135693"}],"version-history":[{"count":0,"href":"https:\/\/stylingagenten.com\/fi\/wp-json\/wp\/v2\/product\/135693\/revisions"}],"wp:featuredmedia":[{"embeddable":true,"href":"https:\/\/stylingagenten.com\/fi\/wp-json\/wp\/v2\/media\/441965"}],"wp:attachment":[{"href":"https:\/\/stylingagenten.com\/fi\/wp-json\/wp\/v2\/media?parent=135693"}],"wp:term":[{"taxonomy":"product_brand","embeddable":true,"href":"https:\/\/stylingagenten.com\/fi\/wp-json\/wp\/v2\/product_brand?post=135693"},{"taxonomy":"product_cat","embeddable":true,"href":"https:\/\/stylingagenten.com\/fi\/wp-json\/wp\/v2\/product_cat?post=135693"},{"taxonomy":"product_tag","embeddable":true,"href":"https:\/\/stylingagenten.com\/fi\/wp-json\/wp\/v2\/product_tag?post=135693"},{"taxonomy":"berocket_brand","embeddable":true,"href":"https:\/\/stylingagenten.com\/fi\/wp-json\/wp\/v2\/berocket_brand?post=135693"}],"curies":[{"name":"wp","href":"https:\/\/api.w.org\/{rel}","templated":true}]}}