{"id":135668,"date":"2025-05-18T22:46:10","date_gmt":"2025-05-18T22:46:10","guid":{"rendered":"https:\/\/staging2.stylingagenten.com\/fi\/produkt\/elizabeth-arden-white-tea-edt-50ml\/"},"modified":"2026-04-09T18:28:26","modified_gmt":"2026-04-09T18:28:26","slug":"elizabeth-arden-white-tea-edt-50ml","status":"publish","type":"product","link":"https:\/\/stylingagenten.com\/fi\/tuote\/elizabeth-arden-white-tea-edt-50ml\/","title":{"rendered":"Elizabeth Arden White Tea Edt 50ml"},"content":{"rendered":"<p>White Tea sis\u00e4lt\u00e4\u00e4 rapeaa ja kuplivaa italialaista mandariinia, jota t\u00e4ydent\u00e4v\u00e4t suolaisen, viilent\u00e4v\u00e4n merituulen aistilliset nuotit.<br \/>Yhdess\u00e4 ne luovat rauhallisen yksinkertaisuuden. Ihastuttavan rauhallinen syd\u00e4ntuoksu valkoteeuutteineen, turkkilaisen ruusun ja Paraguayn mate-absoluutin kanssa vie sinut ylelliseen hemmotteluun. Lempe\u00e4t nuotit Madras-puusta, malvasta ja rauhoittavan myskin kolmiosta johtavat harmoniseen lopputulokseen. <\/p>\n","protected":false},"excerpt":{"rendered":"<p>White Tea sis\u00e4lt\u00e4\u00e4 rapeaa ja kuplivaa italialaista mandariinia, jota t\u00e4ydent\u00e4v\u00e4t suolaisen, viilent\u00e4v\u00e4n merituulen aistilliset nuotit.Yhdess\u00e4 ne luovat rauhallisen yksinkertaisuuden. Ihastuttavan rauhallinen syd\u00e4ntuoksu valkoteeuutteineen, turkkilaisen ruusun ja Paraguayn mate-absoluutin kanssa vie sinut ylelliseen hemmotteluun. Lempe\u00e4t nuotit Madras-puusta, malvasta ja rauhoittavan myskin kolmiosta johtavat harmoniseen lopputulokseen.<\/p>\n","protected":false},"featured_media":135665,"comment_status":"open","ping_status":"closed","template":"","meta":{"_trash_the_other_posts":false},"product_brand":[],"product_cat":[841,1006,707],"product_tag":[2875],"berocket_brand":[1303],"class_list":{"0":"post-135668","1":"product","2":"type-product","3":"status-publish","4":"has-post-thumbnail","6":"product_cat-elizabeth-arden-white-tea","7":"product_cat-kampanjahinta","8":"product_cat-naisten-eau-de-toilette","9":"product_tag-elizabeth-arden-white-tea-edt","10":"pa_brand-elizabeth-arden","11":"pa_variantti-50ml","12":"berocket_brand-elizabeth-arden","14":"first","15":"instock","16":"sale","17":"taxable","18":"shipping-taxable","19":"purchasable","20":"product-type-simple"},"_links":{"self":[{"href":"https:\/\/stylingagenten.com\/fi\/wp-json\/wp\/v2\/product\/135668","targetHints":{"allow":["GET"]}}],"collection":[{"href":"https:\/\/stylingagenten.com\/fi\/wp-json\/wp\/v2\/product"}],"about":[{"href":"https:\/\/stylingagenten.com\/fi\/wp-json\/wp\/v2\/types\/product"}],"replies":[{"embeddable":true,"href":"https:\/\/stylingagenten.com\/fi\/wp-json\/wp\/v2\/comments?post=135668"}],"version-history":[{"count":0,"href":"https:\/\/stylingagenten.com\/fi\/wp-json\/wp\/v2\/product\/135668\/revisions"}],"wp:featuredmedia":[{"embeddable":true,"href":"https:\/\/stylingagenten.com\/fi\/wp-json\/wp\/v2\/media\/135665"}],"wp:attachment":[{"href":"https:\/\/stylingagenten.com\/fi\/wp-json\/wp\/v2\/media?parent=135668"}],"wp:term":[{"taxonomy":"product_brand","embeddable":true,"href":"https:\/\/stylingagenten.com\/fi\/wp-json\/wp\/v2\/product_brand?post=135668"},{"taxonomy":"product_cat","embeddable":true,"href":"https:\/\/stylingagenten.com\/fi\/wp-json\/wp\/v2\/product_cat?post=135668"},{"taxonomy":"product_tag","embeddable":true,"href":"https:\/\/stylingagenten.com\/fi\/wp-json\/wp\/v2\/product_tag?post=135668"},{"taxonomy":"berocket_brand","embeddable":true,"href":"https:\/\/stylingagenten.com\/fi\/wp-json\/wp\/v2\/berocket_brand?post=135668"}],"curies":[{"name":"wp","href":"https:\/\/api.w.org\/{rel}","templated":true}]}}