{"id":135660,"date":"2025-05-18T22:46:07","date_gmt":"2025-05-18T22:46:07","guid":{"rendered":"https:\/\/staging2.stylingagenten.com\/fi\/produkt\/elizabeth-arden-green-tea-nectarine-blossom-edt-100ml\/"},"modified":"2026-04-14T15:38:30","modified_gmt":"2026-04-14T15:38:30","slug":"elizabeth-arden-green-tea-nectarine-blossom-edt-100ml","status":"publish","type":"product","link":"https:\/\/stylingagenten.com\/fi\/tuote\/elizabeth-arden-green-tea-nectarine-blossom-edt-100ml\/","title":{"rendered":"Elizabeth Arden Green Tea Nectarine Blossom Edt 100ml"},"content":{"rendered":"<p>Elizabeth Arden Green Tea Nectarine Blossom EDT on kukkainen hedelm\u00e4inen tuoksu naisille.<\/p>\n<p>Alkutuoksu: persikka, bergamotti, eksoottiset hedelm\u00e4t, vihre\u00e4 tee<br \/>Syd\u00e4ntuoksu: vihre\u00e4 ;nt tee, nektariini, nektariinikukka<br \/>Pohjatuoksu: myski<\/p>\n","protected":false},"excerpt":{"rendered":"<p>Elizabeth Arden Green Tea Nectarine Blossom EDT on kukkainen hedelm\u00e4inen tuoksu naisille. Alkutuoksu: persikka, bergamotti, eksoottiset hedelm\u00e4t, vihre\u00e4 teeSyd\u00e4ntuoksu: vihre\u00e4 ;nt tee, nektariini, nektariinikukkaPohjatuoksu: myski<\/p>\n","protected":false},"featured_media":135651,"comment_status":"open","ping_status":"closed","template":"","meta":{"_trash_the_other_posts":false},"product_brand":[],"product_cat":[759,1006,999,1003,707,735],"product_tag":[],"berocket_brand":[1303],"class_list":{"0":"post-135660","1":"product","2":"type-product","3":"status-publish","4":"has-post-thumbnail","6":"product_cat-elizabeth-arden-green-tea","7":"product_cat-kampanjahinta","8":"product_cat-kampanjatarjous-naiselle","9":"product_cat-myydyimmat","10":"product_cat-naisten-eau-de-toilette","11":"product_cat-kampanjamme","12":"pa_brand-elizabeth-arden","13":"berocket_brand-elizabeth-arden","15":"first","16":"outofstock","17":"sale","18":"taxable","19":"shipping-taxable","20":"purchasable","21":"product-type-simple"},"_links":{"self":[{"href":"https:\/\/stylingagenten.com\/fi\/wp-json\/wp\/v2\/product\/135660","targetHints":{"allow":["GET"]}}],"collection":[{"href":"https:\/\/stylingagenten.com\/fi\/wp-json\/wp\/v2\/product"}],"about":[{"href":"https:\/\/stylingagenten.com\/fi\/wp-json\/wp\/v2\/types\/product"}],"replies":[{"embeddable":true,"href":"https:\/\/stylingagenten.com\/fi\/wp-json\/wp\/v2\/comments?post=135660"}],"version-history":[{"count":0,"href":"https:\/\/stylingagenten.com\/fi\/wp-json\/wp\/v2\/product\/135660\/revisions"}],"wp:featuredmedia":[{"embeddable":true,"href":"https:\/\/stylingagenten.com\/fi\/wp-json\/wp\/v2\/media\/135651"}],"wp:attachment":[{"href":"https:\/\/stylingagenten.com\/fi\/wp-json\/wp\/v2\/media?parent=135660"}],"wp:term":[{"taxonomy":"product_brand","embeddable":true,"href":"https:\/\/stylingagenten.com\/fi\/wp-json\/wp\/v2\/product_brand?post=135660"},{"taxonomy":"product_cat","embeddable":true,"href":"https:\/\/stylingagenten.com\/fi\/wp-json\/wp\/v2\/product_cat?post=135660"},{"taxonomy":"product_tag","embeddable":true,"href":"https:\/\/stylingagenten.com\/fi\/wp-json\/wp\/v2\/product_tag?post=135660"},{"taxonomy":"berocket_brand","embeddable":true,"href":"https:\/\/stylingagenten.com\/fi\/wp-json\/wp\/v2\/berocket_brand?post=135660"}],"curies":[{"name":"wp","href":"https:\/\/api.w.org\/{rel}","templated":true}]}}