{"id":135640,"date":"2025-05-18T22:46:03","date_gmt":"2025-05-18T22:46:03","guid":{"rendered":"https:\/\/staging2.stylingagenten.com\/fi\/produkt\/marc-jacobs-daisy-love-edt-100ml\/"},"modified":"2026-03-27T07:38:30","modified_gmt":"2026-03-27T07:38:30","slug":"marc-jacobs-daisy-love-edt-100ml","status":"publish","type":"product","link":"https:\/\/stylingagenten.com\/fi\/tuote\/marc-jacobs-daisy-love-edt-100ml\/","title":{"rendered":"Marc Jacobs Daisy Love Edt 100ml"},"content":{"rendered":"<p>Marc Jacobs Daisy Love on koukuttava ja vastustamaton tuoksu, joka t\u00e4ytt\u00e4\u00e4 ilman tarttuvalla rakkaudella el\u00e4m\u00e4\u00e4n.<\/p>\n<p>T\u00e4m\u00e4 gourmand-s\u00e4teilev\u00e4 tuoksu paljastaa ensimm\u00e4iset nuotinsa makeiden lakkojen vilkkaassa r\u00e4j\u00e4hdyksess\u00e4. Herk\u00e4t p\u00e4iv\u00e4nkakkaran lehdet sekoittuvat kuohuviin kashmirmyskiin ja ajopuuhun luoden kest\u00e4v\u00e4n ja ikimuistoisen gourmand-kierteen.<\/p>\n<p>Yl\u00e4tuoksu: hedelm\u00e4inen toppi kiteytyneill\u00e4 karviaismarjoilla<br \/>Syd\u00e4ntuoksu: Kukkapeura leikkii p\u00e4iv\u00e4nkakkarailla<br \/>Pohjatuoksu : Naisellinen pohja kashmirmyski\u00e4 ja ajopuuta<\/p>\n","protected":false},"excerpt":{"rendered":"<p>Marc Jacobs Daisy Love on koukuttava ja vastustamaton tuoksu, joka t\u00e4ytt\u00e4\u00e4 ilman tarttuvalla rakkaudella el\u00e4m\u00e4\u00e4n. T\u00e4m\u00e4 gourmand-s\u00e4teilev\u00e4 tuoksu paljastaa ensimm\u00e4iset nuotinsa makeiden lakkojen vilkkaassa r\u00e4j\u00e4hdyksess\u00e4. Herk\u00e4t p\u00e4iv\u00e4nkakkaran lehdet sekoittuvat kuohuviin kashmirmyskiin ja ajopuuhun luoden kest\u00e4v\u00e4n ja ikimuistoisen gourmand-kierteen. Yl\u00e4tuoksu: hedelm\u00e4inen toppi kiteytyneill\u00e4 karviaismarjoillaSyd\u00e4ntuoksu: Kukkapeura leikkii p\u00e4iv\u00e4nkakkaraillaPohjatuoksu : Naisellinen pohja kashmirmyski\u00e4 ja ajopuuta<\/p>\n","protected":false},"featured_media":135628,"comment_status":"open","ping_status":"closed","template":"","meta":{"_trash_the_other_posts":false},"product_brand":[],"product_cat":[999,959,707,735],"product_tag":[3385],"berocket_brand":[1069],"class_list":{"0":"post-135640","1":"product","2":"type-product","3":"status-publish","4":"has-post-thumbnail","6":"product_cat-kampanjatarjous-naiselle","7":"product_cat-marc-jacobs-daisy","8":"product_cat-naisten-eau-de-toilette","9":"product_cat-kampanjamme","10":"product_tag-marc-jacobs-daisy-love-edt","11":"pa_brand-marc-jacobs","12":"pa_variantti-100ml","13":"berocket_brand-marc-jacobs","15":"first","16":"instock","17":"sale","18":"taxable","19":"shipping-taxable","20":"purchasable","21":"product-type-simple"},"_links":{"self":[{"href":"https:\/\/stylingagenten.com\/fi\/wp-json\/wp\/v2\/product\/135640","targetHints":{"allow":["GET"]}}],"collection":[{"href":"https:\/\/stylingagenten.com\/fi\/wp-json\/wp\/v2\/product"}],"about":[{"href":"https:\/\/stylingagenten.com\/fi\/wp-json\/wp\/v2\/types\/product"}],"replies":[{"embeddable":true,"href":"https:\/\/stylingagenten.com\/fi\/wp-json\/wp\/v2\/comments?post=135640"}],"version-history":[{"count":0,"href":"https:\/\/stylingagenten.com\/fi\/wp-json\/wp\/v2\/product\/135640\/revisions"}],"wp:featuredmedia":[{"embeddable":true,"href":"https:\/\/stylingagenten.com\/fi\/wp-json\/wp\/v2\/media\/135628"}],"wp:attachment":[{"href":"https:\/\/stylingagenten.com\/fi\/wp-json\/wp\/v2\/media?parent=135640"}],"wp:term":[{"taxonomy":"product_brand","embeddable":true,"href":"https:\/\/stylingagenten.com\/fi\/wp-json\/wp\/v2\/product_brand?post=135640"},{"taxonomy":"product_cat","embeddable":true,"href":"https:\/\/stylingagenten.com\/fi\/wp-json\/wp\/v2\/product_cat?post=135640"},{"taxonomy":"product_tag","embeddable":true,"href":"https:\/\/stylingagenten.com\/fi\/wp-json\/wp\/v2\/product_tag?post=135640"},{"taxonomy":"berocket_brand","embeddable":true,"href":"https:\/\/stylingagenten.com\/fi\/wp-json\/wp\/v2\/berocket_brand?post=135640"}],"curies":[{"name":"wp","href":"https:\/\/api.w.org\/{rel}","templated":true}]}}