{"id":135608,"date":"2025-05-18T22:45:57","date_gmt":"2025-05-18T22:45:57","guid":{"rendered":"https:\/\/staging2.stylingagenten.com\/fi\/produkt\/coty-exclamation-cologne-spray-50ml\/"},"modified":"2026-04-14T15:38:25","modified_gmt":"2026-04-14T15:38:25","slug":"coty-exclamation-cologne-spray-50ml","status":"publish","type":"product","link":"https:\/\/stylingagenten.com\/fi\/tuote\/coty-exclamation-cologne-spray-50ml\/","title":{"rendered":"Coty Exclamation Cologne Spray 50ml"},"content":{"rendered":"<p>Cotyn Ex&#039;cla-ma&#039;tion on ter\u00e4v\u00e4, kukkainen tuoksu naisille. Ex&#8217;cla-ma&#8217; lanseerattiin vuonna 1988.<\/p>\n<p>Yl\u00e4tuoksu: aprikoosi, vihre\u00e4t, persikka ja bergamotti<br \/>Syd\u00e4ntuoksu: orris-juuri, jasmiini, heliotrooppi, kielo laakso ja ruusu<br \/>Pohjatuoksu: santelipuu, meripihka, kaneli, myski, vanilja ja setripuu.<\/p>\n","protected":false},"excerpt":{"rendered":"<p>Cotyn Ex&#039;cla-ma&#039;tion on ter\u00e4v\u00e4, kukkainen tuoksu naisille. Ex&#8217;cla-ma&#8217; lanseerattiin vuonna 1988. Yl\u00e4tuoksu: aprikoosi, vihre\u00e4t, persikka ja bergamottiSyd\u00e4ntuoksu: orris-juuri, jasmiini, heliotrooppi, kielo laakso ja ruusuPohjatuoksu: santelipuu, meripihka, kaneli, myski, vanilja ja setripuu.<\/p>\n","protected":false},"featured_media":135604,"comment_status":"open","ping_status":"closed","template":"","meta":{"_trash_the_other_posts":false},"product_brand":[],"product_cat":[1003,706],"product_tag":[],"berocket_brand":[1216],"class_list":{"0":"post-135608","1":"product","2":"type-product","3":"status-publish","4":"has-post-thumbnail","6":"product_cat-myydyimmat","7":"product_cat-naisten-eau-de-parfum","8":"pa_brand-coty","9":"berocket_brand-coty","11":"first","12":"instock","13":"sale","14":"taxable","15":"shipping-taxable","16":"purchasable","17":"product-type-simple"},"_links":{"self":[{"href":"https:\/\/stylingagenten.com\/fi\/wp-json\/wp\/v2\/product\/135608","targetHints":{"allow":["GET"]}}],"collection":[{"href":"https:\/\/stylingagenten.com\/fi\/wp-json\/wp\/v2\/product"}],"about":[{"href":"https:\/\/stylingagenten.com\/fi\/wp-json\/wp\/v2\/types\/product"}],"replies":[{"embeddable":true,"href":"https:\/\/stylingagenten.com\/fi\/wp-json\/wp\/v2\/comments?post=135608"}],"version-history":[{"count":1,"href":"https:\/\/stylingagenten.com\/fi\/wp-json\/wp\/v2\/product\/135608\/revisions"}],"predecessor-version":[{"id":443172,"href":"https:\/\/stylingagenten.com\/fi\/wp-json\/wp\/v2\/product\/135608\/revisions\/443172"}],"wp:featuredmedia":[{"embeddable":true,"href":"https:\/\/stylingagenten.com\/fi\/wp-json\/wp\/v2\/media\/135604"}],"wp:attachment":[{"href":"https:\/\/stylingagenten.com\/fi\/wp-json\/wp\/v2\/media?parent=135608"}],"wp:term":[{"taxonomy":"product_brand","embeddable":true,"href":"https:\/\/stylingagenten.com\/fi\/wp-json\/wp\/v2\/product_brand?post=135608"},{"taxonomy":"product_cat","embeddable":true,"href":"https:\/\/stylingagenten.com\/fi\/wp-json\/wp\/v2\/product_cat?post=135608"},{"taxonomy":"product_tag","embeddable":true,"href":"https:\/\/stylingagenten.com\/fi\/wp-json\/wp\/v2\/product_tag?post=135608"},{"taxonomy":"berocket_brand","embeddable":true,"href":"https:\/\/stylingagenten.com\/fi\/wp-json\/wp\/v2\/berocket_brand?post=135608"}],"curies":[{"name":"wp","href":"https:\/\/api.w.org\/{rel}","templated":true}]}}