{"id":135481,"date":"2025-05-18T22:45:32","date_gmt":"2025-05-18T22:45:32","guid":{"rendered":"https:\/\/staging2.stylingagenten.com\/fi\/produkt\/cacharel-anais-anais-loriginal-edt-50ml\/"},"modified":"2026-04-12T08:58:53","modified_gmt":"2026-04-12T08:58:53","slug":"cacharel-anais-anais-loriginal-edt-50ml","status":"publish","type":"product","link":"https:\/\/stylingagenten.com\/fi\/tuote\/cacharel-anais-anais-loriginal-edt-50ml\/","title":{"rendered":"Cacharel Anais Anais L&#8217;Original Edt 50ml"},"content":{"rendered":"<p>Cacharel Anais Anais L&#039;Original Eau Toilette on runsas, l\u00e4mmin, kukkainen tuoksu naisille.<\/p>\n<p>Alkutuoksu: Hyasintti, appelsiininkukka, vihre\u00e4t<br \/>Hj&auml; Yl\u00e4tuoksu: jasmiini , iiris, ylang ylang, ruusu, valkoinen lilja, kuusama, tuberoosi ja neilikka<br \/>Pohjatuoksu: santelipuu, setri, vetiveriajuuri, meripihka ja suitsuke.<\/p>\n","protected":false},"excerpt":{"rendered":"<p>Cacharel Anais Anais L&#039;Original Eau Toilette on runsas, l\u00e4mmin, kukkainen tuoksu naisille. Alkutuoksu: Hyasintti, appelsiininkukka, vihre\u00e4tHj&auml; Yl\u00e4tuoksu: jasmiini , iiris, ylang ylang, ruusu, valkoinen lilja, kuusama, tuberoosi ja neilikkaPohjatuoksu: santelipuu, setri, vetiveriajuuri, meripihka ja suitsuke.<\/p>\n","protected":false},"featured_media":135475,"comment_status":"open","ping_status":"closed","template":"","meta":{"_trash_the_other_posts":false},"product_brand":[],"product_cat":[784,999,707,735],"product_tag":[2624],"berocket_brand":[1098],"class_list":{"0":"post-135481","1":"product","2":"type-product","3":"status-publish","4":"has-post-thumbnail","6":"product_cat-cacharel-anais-anais","7":"product_cat-kampanjatarjous-naiselle","8":"product_cat-naisten-eau-de-toilette","9":"product_cat-kampanjamme","10":"product_tag-cacharel-anais-anais-loriginal-edt","11":"pa_brand-cacharel","12":"pa_variantti-50ml","13":"berocket_brand-cacharel","15":"first","16":"instock","17":"sale","18":"taxable","19":"shipping-taxable","20":"purchasable","21":"product-type-simple"},"_links":{"self":[{"href":"https:\/\/stylingagenten.com\/fi\/wp-json\/wp\/v2\/product\/135481","targetHints":{"allow":["GET"]}}],"collection":[{"href":"https:\/\/stylingagenten.com\/fi\/wp-json\/wp\/v2\/product"}],"about":[{"href":"https:\/\/stylingagenten.com\/fi\/wp-json\/wp\/v2\/types\/product"}],"replies":[{"embeddable":true,"href":"https:\/\/stylingagenten.com\/fi\/wp-json\/wp\/v2\/comments?post=135481"}],"version-history":[{"count":0,"href":"https:\/\/stylingagenten.com\/fi\/wp-json\/wp\/v2\/product\/135481\/revisions"}],"wp:featuredmedia":[{"embeddable":true,"href":"https:\/\/stylingagenten.com\/fi\/wp-json\/wp\/v2\/media\/135475"}],"wp:attachment":[{"href":"https:\/\/stylingagenten.com\/fi\/wp-json\/wp\/v2\/media?parent=135481"}],"wp:term":[{"taxonomy":"product_brand","embeddable":true,"href":"https:\/\/stylingagenten.com\/fi\/wp-json\/wp\/v2\/product_brand?post=135481"},{"taxonomy":"product_cat","embeddable":true,"href":"https:\/\/stylingagenten.com\/fi\/wp-json\/wp\/v2\/product_cat?post=135481"},{"taxonomy":"product_tag","embeddable":true,"href":"https:\/\/stylingagenten.com\/fi\/wp-json\/wp\/v2\/product_tag?post=135481"},{"taxonomy":"berocket_brand","embeddable":true,"href":"https:\/\/stylingagenten.com\/fi\/wp-json\/wp\/v2\/berocket_brand?post=135481"}],"curies":[{"name":"wp","href":"https:\/\/api.w.org\/{rel}","templated":true}]}}