{"id":135460,"date":"2025-05-18T22:45:28","date_gmt":"2025-05-18T22:45:28","guid":{"rendered":"https:\/\/staging2.stylingagenten.com\/fi\/produkt\/elizabeth-arden-white-tea-wild-rose-edt-30ml\/"},"modified":"2026-04-04T16:28:29","modified_gmt":"2026-04-04T16:28:29","slug":"elizabeth-arden-white-tea-wild-rose-edt-30ml","status":"publish","type":"product","link":"https:\/\/stylingagenten.com\/fi\/tuote\/elizabeth-arden-white-tea-wild-rose-edt-30ml\/","title":{"rendered":"Elizabeth Arden White Tea Wild Rose Edt 30ml"},"content":{"rendered":"<p>White Tea Wild Rose on ainutlaatuinen tuoksu, joka yhdist\u00e4\u00e4 valkoisen teen yksinkertaisuuden ruusun makeuteen. Alkuper\u00e4isen valkoisen teen inspiroima, mutta ruusuisia ja kukkaisia \u200b\u200btuoksuja.<\/p>\n<p><strong>Tuoksutuoksu:<\/strong> Valkoinen tee, bulgarialainen ruusu, pioni ja myski.<\/p>\n","protected":false},"excerpt":{"rendered":"<p>White Tea Wild Rose on ainutlaatuinen tuoksu, joka yhdist\u00e4\u00e4 valkoisen teen yksinkertaisuuden ruusun makeuteen. Alkuper\u00e4isen valkoisen teen inspiroima, mutta ruusuisia ja kukkaisia \u200b\u200btuoksuja. Tuoksutuoksu: Valkoinen tee, bulgarialainen ruusu, pioni ja myski.<\/p>\n","protected":false},"featured_media":135454,"comment_status":"open","ping_status":"closed","template":"","meta":{"_trash_the_other_posts":false},"product_brand":[],"product_cat":[841,1006,999,707,735],"product_tag":[2878],"berocket_brand":[1303],"class_list":{"0":"post-135460","1":"product","2":"type-product","3":"status-publish","4":"has-post-thumbnail","6":"product_cat-elizabeth-arden-white-tea","7":"product_cat-kampanjahinta","8":"product_cat-kampanjatarjous-naiselle","9":"product_cat-naisten-eau-de-toilette","10":"product_cat-kampanjamme","11":"product_tag-elizabeth-arden-white-tea-wild-rose-edt","12":"pa_brand-elizabeth-arden","13":"pa_variantti-30ml","14":"berocket_brand-elizabeth-arden","16":"first","17":"instock","18":"sale","19":"taxable","20":"shipping-taxable","21":"purchasable","22":"product-type-simple"},"_links":{"self":[{"href":"https:\/\/stylingagenten.com\/fi\/wp-json\/wp\/v2\/product\/135460","targetHints":{"allow":["GET"]}}],"collection":[{"href":"https:\/\/stylingagenten.com\/fi\/wp-json\/wp\/v2\/product"}],"about":[{"href":"https:\/\/stylingagenten.com\/fi\/wp-json\/wp\/v2\/types\/product"}],"replies":[{"embeddable":true,"href":"https:\/\/stylingagenten.com\/fi\/wp-json\/wp\/v2\/comments?post=135460"}],"version-history":[{"count":0,"href":"https:\/\/stylingagenten.com\/fi\/wp-json\/wp\/v2\/product\/135460\/revisions"}],"wp:featuredmedia":[{"embeddable":true,"href":"https:\/\/stylingagenten.com\/fi\/wp-json\/wp\/v2\/media\/135454"}],"wp:attachment":[{"href":"https:\/\/stylingagenten.com\/fi\/wp-json\/wp\/v2\/media?parent=135460"}],"wp:term":[{"taxonomy":"product_brand","embeddable":true,"href":"https:\/\/stylingagenten.com\/fi\/wp-json\/wp\/v2\/product_brand?post=135460"},{"taxonomy":"product_cat","embeddable":true,"href":"https:\/\/stylingagenten.com\/fi\/wp-json\/wp\/v2\/product_cat?post=135460"},{"taxonomy":"product_tag","embeddable":true,"href":"https:\/\/stylingagenten.com\/fi\/wp-json\/wp\/v2\/product_tag?post=135460"},{"taxonomy":"berocket_brand","embeddable":true,"href":"https:\/\/stylingagenten.com\/fi\/wp-json\/wp\/v2\/berocket_brand?post=135460"}],"curies":[{"name":"wp","href":"https:\/\/api.w.org\/{rel}","templated":true}]}}