{"id":135431,"date":"2025-05-18T22:45:23","date_gmt":"2025-05-18T22:45:23","guid":{"rendered":"https:\/\/staging2.stylingagenten.com\/fi\/produkt\/elizabeth-arden-5th-avenue-edp-75ml\/"},"modified":"2026-03-30T18:58:46","modified_gmt":"2026-03-30T18:58:46","slug":"elizabeth-arden-5th-avenue-edp-75ml","status":"publish","type":"product","link":"https:\/\/stylingagenten.com\/fi\/tuote\/elizabeth-arden-5th-avenue-edp-75ml\/","title":{"rendered":"Elizabeth Arden 5th Avenue Edp 75ml"},"content":{"rendered":"<p>Elizabeth Arden 5th Avenue on kukkainen, it\u00e4mainen ja kes\u00e4inen tuoksu modernille naiselle. T\u00e4m\u00e4 hajuvesi saa sinut tuntemaan olosi raikkaalta ja naiselliselta koko p\u00e4iv\u00e4n.<\/p>\n<p><strong>Tuoksutuoksu:&nbsp;<\/strong>magnolia, lime, kielo, bergamotti, muskottip\u00e4hkin\u00e4, orvokki, persikka, ruusu, iiris, myski &amp; vanilja.<\/p>\n","protected":false},"excerpt":{"rendered":"<p>Elizabeth Arden 5th Avenue on kukkainen, it\u00e4mainen ja kes\u00e4inen tuoksu modernille naiselle. T\u00e4m\u00e4 hajuvesi saa sinut tuntemaan olosi raikkaalta ja naiselliselta koko p\u00e4iv\u00e4n. Tuoksutuoksu:&nbsp;magnolia, lime, kielo, bergamotti, muskottip\u00e4hkin\u00e4, orvokki, persikka, ruusu, iiris, myski &amp; vanilja.<\/p>\n","protected":false},"featured_media":135425,"comment_status":"open","ping_status":"closed","template":"","meta":{"_trash_the_other_posts":false},"product_brand":[],"product_cat":[999,1003,706,735],"product_tag":[2861],"berocket_brand":[1303],"class_list":{"0":"post-135431","1":"product","2":"type-product","3":"status-publish","4":"has-post-thumbnail","6":"product_cat-kampanjatarjous-naiselle","7":"product_cat-myydyimmat","8":"product_cat-naisten-eau-de-parfum","9":"product_cat-kampanjamme","10":"product_tag-elizabeth-arden-5th-avenue-edp","11":"pa_brand-elizabeth-arden","12":"pa_variantti-75ml","13":"berocket_brand-elizabeth-arden","15":"first","16":"instock","17":"sale","18":"taxable","19":"shipping-taxable","20":"purchasable","21":"product-type-simple"},"_links":{"self":[{"href":"https:\/\/stylingagenten.com\/fi\/wp-json\/wp\/v2\/product\/135431","targetHints":{"allow":["GET"]}}],"collection":[{"href":"https:\/\/stylingagenten.com\/fi\/wp-json\/wp\/v2\/product"}],"about":[{"href":"https:\/\/stylingagenten.com\/fi\/wp-json\/wp\/v2\/types\/product"}],"replies":[{"embeddable":true,"href":"https:\/\/stylingagenten.com\/fi\/wp-json\/wp\/v2\/comments?post=135431"}],"version-history":[{"count":0,"href":"https:\/\/stylingagenten.com\/fi\/wp-json\/wp\/v2\/product\/135431\/revisions"}],"wp:featuredmedia":[{"embeddable":true,"href":"https:\/\/stylingagenten.com\/fi\/wp-json\/wp\/v2\/media\/135425"}],"wp:attachment":[{"href":"https:\/\/stylingagenten.com\/fi\/wp-json\/wp\/v2\/media?parent=135431"}],"wp:term":[{"taxonomy":"product_brand","embeddable":true,"href":"https:\/\/stylingagenten.com\/fi\/wp-json\/wp\/v2\/product_brand?post=135431"},{"taxonomy":"product_cat","embeddable":true,"href":"https:\/\/stylingagenten.com\/fi\/wp-json\/wp\/v2\/product_cat?post=135431"},{"taxonomy":"product_tag","embeddable":true,"href":"https:\/\/stylingagenten.com\/fi\/wp-json\/wp\/v2\/product_tag?post=135431"},{"taxonomy":"berocket_brand","embeddable":true,"href":"https:\/\/stylingagenten.com\/fi\/wp-json\/wp\/v2\/berocket_brand?post=135431"}],"curies":[{"name":"wp","href":"https:\/\/api.w.org\/{rel}","templated":true}]}}