{"id":135376,"date":"2025-05-18T22:45:11","date_gmt":"2025-05-18T22:45:11","guid":{"rendered":"https:\/\/staging2.stylingagenten.com\/fi\/produkt\/hugo-boss-the-scent-for-her-edp-100ml\/"},"modified":"2026-03-25T09:38:42","modified_gmt":"2026-03-25T09:38:42","slug":"hugo-boss-the-scent-for-her-edp-100ml","status":"publish","type":"product","link":"https:\/\/stylingagenten.com\/fi\/tuote\/hugo-boss-the-scent-for-her-edp-100ml\/","title":{"rendered":"Hugo Boss The Scent For Her Edp 100ml"},"content":{"rendered":"<p>Hugo Boss The Scent For Her on ylellinen ja aistillinen tuoksu, joka huokuu eksklusiivista naisellista eleganssia ja l\u00e4mp\u00f6\u00e4. Tuoksussa on vastustamaton ja voimakas ainesosien yhdistelm\u00e4, joka heijastaa kahden fantastista vuorovaikutusta ihmiset, jotka tulevat yh\u00e4 l\u00e4hemm\u00e4ksi toisiaan.<\/p>\n<p><strong>Tuoksutuoksu:<\/strong> freesia, persikka, osmanthus &amp; paahdettua kaakaota.<\/p>\n","protected":false},"excerpt":{"rendered":"<p>Hugo Boss The Scent For Her on ylellinen ja aistillinen tuoksu, joka huokuu eksklusiivista naisellista eleganssia ja l\u00e4mp\u00f6\u00e4. Tuoksussa on vastustamaton ja voimakas ainesosien yhdistelm\u00e4, joka heijastaa kahden fantastista vuorovaikutusta ihmiset, jotka tulevat yh\u00e4 l\u00e4hemm\u00e4ksi toisiaan. Tuoksutuoksu: freesia, persikka, osmanthus &amp; paahdettua kaakaota.<\/p>\n","protected":false},"featured_media":135373,"comment_status":"open","ping_status":"closed","template":"","meta":{"_trash_the_other_posts":false},"product_brand":[],"product_cat":[898,999,1003,707,735],"product_tag":[3001],"berocket_brand":[1339],"class_list":{"0":"post-135376","1":"product","2":"type-product","3":"status-publish","4":"has-post-thumbnail","6":"product_cat-issey-miyake-leau-dissey","7":"product_cat-kampanjatarjous-naiselle","8":"product_cat-myydyimmat","9":"product_cat-naisten-eau-de-toilette","10":"product_cat-kampanjamme","11":"product_tag-hugo-boss-the-scent-for-her-edp","12":"pa_brand-hugo-boss","13":"pa_variantti-100ml","14":"berocket_brand-hugo-boss","16":"first","17":"outofstock","18":"sale","19":"taxable","20":"shipping-taxable","21":"purchasable","22":"product-type-simple"},"_links":{"self":[{"href":"https:\/\/stylingagenten.com\/fi\/wp-json\/wp\/v2\/product\/135376","targetHints":{"allow":["GET"]}}],"collection":[{"href":"https:\/\/stylingagenten.com\/fi\/wp-json\/wp\/v2\/product"}],"about":[{"href":"https:\/\/stylingagenten.com\/fi\/wp-json\/wp\/v2\/types\/product"}],"replies":[{"embeddable":true,"href":"https:\/\/stylingagenten.com\/fi\/wp-json\/wp\/v2\/comments?post=135376"}],"version-history":[{"count":0,"href":"https:\/\/stylingagenten.com\/fi\/wp-json\/wp\/v2\/product\/135376\/revisions"}],"wp:featuredmedia":[{"embeddable":true,"href":"https:\/\/stylingagenten.com\/fi\/wp-json\/wp\/v2\/media\/135373"}],"wp:attachment":[{"href":"https:\/\/stylingagenten.com\/fi\/wp-json\/wp\/v2\/media?parent=135376"}],"wp:term":[{"taxonomy":"product_brand","embeddable":true,"href":"https:\/\/stylingagenten.com\/fi\/wp-json\/wp\/v2\/product_brand?post=135376"},{"taxonomy":"product_cat","embeddable":true,"href":"https:\/\/stylingagenten.com\/fi\/wp-json\/wp\/v2\/product_cat?post=135376"},{"taxonomy":"product_tag","embeddable":true,"href":"https:\/\/stylingagenten.com\/fi\/wp-json\/wp\/v2\/product_tag?post=135376"},{"taxonomy":"berocket_brand","embeddable":true,"href":"https:\/\/stylingagenten.com\/fi\/wp-json\/wp\/v2\/berocket_brand?post=135376"}],"curies":[{"name":"wp","href":"https:\/\/api.w.org\/{rel}","templated":true}]}}