{"id":135371,"date":"2025-05-18T22:45:10","date_gmt":"2025-05-18T22:45:10","guid":{"rendered":"https:\/\/staging2.stylingagenten.com\/fi\/produkt\/chloe-love-story-edp-50ml\/"},"modified":"2026-03-25T14:28:37","modified_gmt":"2026-03-25T14:28:37","slug":"chloe-love-story-edp-50ml","status":"publish","type":"product","link":"https:\/\/stylingagenten.com\/fi\/tuote\/chloe-love-story-edp-50ml\/","title":{"rendered":"Chlo\u00e9 Love Story Edp 50ml"},"content":{"rendered":"<p><strong>Chloe Love Story Edp<\/strong> on h\u00e4nelle raikas ja kukkainen tuoksu, jossa on luumua, appelsiininkukkaa ja kastetta. Romanttinen tarina, joka l\u00e4htee liikkeelle v\u00e4lill\u00e4 Rakastajat kohtaavat auringonnousun aikaan.<\/p>\n<p>Yl\u00e4tuoksu: neroli, p\u00e4\u00e4ryn\u00e4, bergamotti, greippi ja sitruuna<br \/>Syd\u00e4ntuoksu: appelsiinin kukka, Stephanotis, ruusu, persikka ja mustaherukka<br \/>Pohjatuoksu: myski, setri, ka\u0161miiripuu ja patsuli .<\/p>\n","protected":false},"excerpt":{"rendered":"<p>Chloe Love Story Edp on h\u00e4nelle raikas ja kukkainen tuoksu, jossa on luumua, appelsiininkukkaa ja kastetta. Romanttinen tarina, joka l\u00e4htee liikkeelle v\u00e4lill\u00e4 Rakastajat kohtaavat auringonnousun aikaan. Yl\u00e4tuoksu: neroli, p\u00e4\u00e4ryn\u00e4, bergamotti, greippi ja sitruunaSyd\u00e4ntuoksu: appelsiinin kukka, Stephanotis, ruusu, persikka ja mustaherukkaPohjatuoksu: myski, setri, ka\u0161miiripuu ja patsuli .<\/p>\n","protected":false},"featured_media":135369,"comment_status":"open","ping_status":"closed","template":"","meta":{"_trash_the_other_posts":false},"product_brand":[],"product_cat":[999,706,735],"product_tag":[2684],"berocket_brand":[1101],"class_list":{"0":"post-135371","1":"product","2":"type-product","3":"status-publish","4":"has-post-thumbnail","6":"product_cat-kampanjatarjous-naiselle","7":"product_cat-naisten-eau-de-parfum","8":"product_cat-kampanjamme","9":"product_tag-chloe-love-story-edp","10":"pa_brand-chloe","11":"pa_variantti-50ml","12":"berocket_brand-chloe","14":"first","15":"instock","16":"sale","17":"taxable","18":"shipping-taxable","19":"purchasable","20":"product-type-simple"},"_links":{"self":[{"href":"https:\/\/stylingagenten.com\/fi\/wp-json\/wp\/v2\/product\/135371","targetHints":{"allow":["GET"]}}],"collection":[{"href":"https:\/\/stylingagenten.com\/fi\/wp-json\/wp\/v2\/product"}],"about":[{"href":"https:\/\/stylingagenten.com\/fi\/wp-json\/wp\/v2\/types\/product"}],"replies":[{"embeddable":true,"href":"https:\/\/stylingagenten.com\/fi\/wp-json\/wp\/v2\/comments?post=135371"}],"version-history":[{"count":0,"href":"https:\/\/stylingagenten.com\/fi\/wp-json\/wp\/v2\/product\/135371\/revisions"}],"wp:featuredmedia":[{"embeddable":true,"href":"https:\/\/stylingagenten.com\/fi\/wp-json\/wp\/v2\/media\/135369"}],"wp:attachment":[{"href":"https:\/\/stylingagenten.com\/fi\/wp-json\/wp\/v2\/media?parent=135371"}],"wp:term":[{"taxonomy":"product_brand","embeddable":true,"href":"https:\/\/stylingagenten.com\/fi\/wp-json\/wp\/v2\/product_brand?post=135371"},{"taxonomy":"product_cat","embeddable":true,"href":"https:\/\/stylingagenten.com\/fi\/wp-json\/wp\/v2\/product_cat?post=135371"},{"taxonomy":"product_tag","embeddable":true,"href":"https:\/\/stylingagenten.com\/fi\/wp-json\/wp\/v2\/product_tag?post=135371"},{"taxonomy":"berocket_brand","embeddable":true,"href":"https:\/\/stylingagenten.com\/fi\/wp-json\/wp\/v2\/berocket_brand?post=135371"}],"curies":[{"name":"wp","href":"https:\/\/api.w.org\/{rel}","templated":true}]}}