{"id":135337,"date":"2025-05-18T22:45:01","date_gmt":"2025-05-18T22:45:01","guid":{"rendered":"https:\/\/staging2.stylingagenten.com\/fi\/produkt\/clean-classic-cool-cotton-edp-60ml\/"},"modified":"2026-03-29T01:08:32","modified_gmt":"2026-03-29T01:08:32","slug":"clean-classic-cool-cotton-edp-60ml","status":"publish","type":"product","link":"https:\/\/stylingagenten.com\/fi\/tuote\/clean-classic-cool-cotton-edp-60ml\/","title":{"rendered":"Clean Classic Cool Cotton Edp 60ml"},"content":{"rendered":"<p>Clean Warm Cotton Cleanista on kukkainen, puinen myskituoksu naisille.<\/p>\n<p>Yl\u00e4tuoksu: Sitruuna ja sitruunaverbena<br \/>Syd\u00e4ntuoksu: Meren tuoksu, appelsiinin kukka ja hedelm\u00e4t<br \/> Pohjatuoksu: Myski , saniainen ja ambra.<\/p>\n","protected":false},"excerpt":{"rendered":"<p>Clean Warm Cotton Cleanista on kukkainen, puinen myskituoksu naisille. Yl\u00e4tuoksu: Sitruuna ja sitruunaverbenaSyd\u00e4ntuoksu: Meren tuoksu, appelsiinin kukka ja hedelm\u00e4t Pohjatuoksu: Myski , saniainen ja ambra.<\/p>\n","protected":false},"featured_media":135336,"comment_status":"open","ping_status":"closed","template":"","meta":{"_trash_the_other_posts":false},"product_brand":[],"product_cat":[999,706,735],"product_tag":[],"berocket_brand":[1116],"class_list":{"0":"post-135337","1":"product","2":"type-product","3":"status-publish","4":"has-post-thumbnail","6":"product_cat-kampanjatarjous-naiselle","7":"product_cat-naisten-eau-de-parfum","8":"product_cat-kampanjamme","9":"pa_brand-clean","10":"berocket_brand-clean","12":"first","13":"instock","14":"sale","15":"taxable","16":"shipping-taxable","17":"purchasable","18":"product-type-simple"},"_links":{"self":[{"href":"https:\/\/stylingagenten.com\/fi\/wp-json\/wp\/v2\/product\/135337","targetHints":{"allow":["GET"]}}],"collection":[{"href":"https:\/\/stylingagenten.com\/fi\/wp-json\/wp\/v2\/product"}],"about":[{"href":"https:\/\/stylingagenten.com\/fi\/wp-json\/wp\/v2\/types\/product"}],"replies":[{"embeddable":true,"href":"https:\/\/stylingagenten.com\/fi\/wp-json\/wp\/v2\/comments?post=135337"}],"version-history":[{"count":0,"href":"https:\/\/stylingagenten.com\/fi\/wp-json\/wp\/v2\/product\/135337\/revisions"}],"wp:featuredmedia":[{"embeddable":true,"href":"https:\/\/stylingagenten.com\/fi\/wp-json\/wp\/v2\/media\/135336"}],"wp:attachment":[{"href":"https:\/\/stylingagenten.com\/fi\/wp-json\/wp\/v2\/media?parent=135337"}],"wp:term":[{"taxonomy":"product_brand","embeddable":true,"href":"https:\/\/stylingagenten.com\/fi\/wp-json\/wp\/v2\/product_brand?post=135337"},{"taxonomy":"product_cat","embeddable":true,"href":"https:\/\/stylingagenten.com\/fi\/wp-json\/wp\/v2\/product_cat?post=135337"},{"taxonomy":"product_tag","embeddable":true,"href":"https:\/\/stylingagenten.com\/fi\/wp-json\/wp\/v2\/product_tag?post=135337"},{"taxonomy":"berocket_brand","embeddable":true,"href":"https:\/\/stylingagenten.com\/fi\/wp-json\/wp\/v2\/berocket_brand?post=135337"}],"curies":[{"name":"wp","href":"https:\/\/api.w.org\/{rel}","templated":true}]}}