{"id":135331,"date":"2025-05-18T22:45:00","date_gmt":"2025-05-18T22:45:00","guid":{"rendered":"https:\/\/staging2.stylingagenten.com\/fi\/produkt\/davidoff-cool-water-woman-edt-30ml\/"},"modified":"2026-04-07T19:48:32","modified_gmt":"2026-04-07T19:48:32","slug":"davidoff-cool-water-woman-edt-30ml","status":"publish","type":"product","link":"https:\/\/stylingagenten.com\/fi\/tuote\/davidoff-cool-water-woman-edt-30ml\/","title":{"rendered":"Davidoff Cool Water Woman Edt 30ml"},"content":{"rendered":"<p>Davidoff Cool Water Woman on raikas tuoksu, joka korostaa naisen itsevarmuutta ja luonnollista kauneutta. L\u00f6yd\u00e4 t\u00e4m\u00e4 kuohuva, raikas ja aistillinen tunne.<\/p>\n<p><strong>Tuoksutuoksu:<\/strong> otsoniset tuoksut, sitrushedelm\u00e4t, ananas, mustaherukka, mesikastemeloni, lootus, lumpeen, ruiskukka, jasmiini, muguet , iiris, vetiveria\u00f6ljy, santelipuu, persikka ja mulperipuu.<\/p>\n","protected":false},"excerpt":{"rendered":"<p>Davidoff Cool Water Woman on raikas tuoksu, joka korostaa naisen itsevarmuutta ja luonnollista kauneutta. L\u00f6yd\u00e4 t\u00e4m\u00e4 kuohuva, raikas ja aistillinen tunne. Tuoksutuoksu: otsoniset tuoksut, sitrushedelm\u00e4t, ananas, mustaherukka, mesikastemeloni, lootus, lumpeen, ruiskukka, jasmiini, muguet , iiris, vetiveria\u00f6ljy, santelipuu, persikka ja mulperipuu.<\/p>\n","protected":false},"featured_media":135329,"comment_status":"open","ping_status":"closed","template":"","meta":{"_trash_the_other_posts":false},"product_brand":[],"product_cat":[823,1006,999,707,735],"product_tag":[2785],"berocket_brand":[1282],"class_list":{"0":"post-135331","1":"product","2":"type-product","3":"status-publish","4":"has-post-thumbnail","6":"product_cat-davidoff-cool-water-woman","7":"product_cat-kampanjahinta","8":"product_cat-kampanjatarjous-naiselle","9":"product_cat-naisten-eau-de-toilette","10":"product_cat-kampanjamme","11":"product_tag-davidoff-cool-water-woman-edt","12":"pa_brand-davidoff","13":"pa_variantti-30ml","14":"berocket_brand-davidoff","16":"first","17":"instock","18":"sale","19":"taxable","20":"shipping-taxable","21":"purchasable","22":"product-type-simple"},"_links":{"self":[{"href":"https:\/\/stylingagenten.com\/fi\/wp-json\/wp\/v2\/product\/135331","targetHints":{"allow":["GET"]}}],"collection":[{"href":"https:\/\/stylingagenten.com\/fi\/wp-json\/wp\/v2\/product"}],"about":[{"href":"https:\/\/stylingagenten.com\/fi\/wp-json\/wp\/v2\/types\/product"}],"replies":[{"embeddable":true,"href":"https:\/\/stylingagenten.com\/fi\/wp-json\/wp\/v2\/comments?post=135331"}],"version-history":[{"count":0,"href":"https:\/\/stylingagenten.com\/fi\/wp-json\/wp\/v2\/product\/135331\/revisions"}],"wp:featuredmedia":[{"embeddable":true,"href":"https:\/\/stylingagenten.com\/fi\/wp-json\/wp\/v2\/media\/135329"}],"wp:attachment":[{"href":"https:\/\/stylingagenten.com\/fi\/wp-json\/wp\/v2\/media?parent=135331"}],"wp:term":[{"taxonomy":"product_brand","embeddable":true,"href":"https:\/\/stylingagenten.com\/fi\/wp-json\/wp\/v2\/product_brand?post=135331"},{"taxonomy":"product_cat","embeddable":true,"href":"https:\/\/stylingagenten.com\/fi\/wp-json\/wp\/v2\/product_cat?post=135331"},{"taxonomy":"product_tag","embeddable":true,"href":"https:\/\/stylingagenten.com\/fi\/wp-json\/wp\/v2\/product_tag?post=135331"},{"taxonomy":"berocket_brand","embeddable":true,"href":"https:\/\/stylingagenten.com\/fi\/wp-json\/wp\/v2\/berocket_brand?post=135331"}],"curies":[{"name":"wp","href":"https:\/\/api.w.org\/{rel}","templated":true}]}}