{"id":135326,"date":"2025-05-18T22:44:58","date_gmt":"2025-05-18T22:44:58","guid":{"rendered":"https:\/\/staging2.stylingagenten.com\/fi\/produkt\/clean-classic-fresh-linens-edp-60ml\/"},"modified":"2026-03-25T14:28:34","modified_gmt":"2026-03-25T14:28:34","slug":"clean-classic-fresh-linens-edp-60ml","status":"publish","type":"product","link":"https:\/\/stylingagenten.com\/fi\/tuote\/clean-classic-fresh-linens-edp-60ml\/","title":{"rendered":"Clean Classic Fresh Linens Edp 60ml"},"content":{"rendered":"<p>Cleanin Fresh Linens on tuoksu naisille ja miehille.<br \/>&nbsp;Yl\u00e4tuoksu: pellava, klementiini ja p\u00e4\u00e4ryn\u00e4<br \/>&nbsp;Syd\u00e4ntuoksu: Lilja, valkopuu ja orkidea&eacute;<br \/>&nbsp;Perustuoksut : Myski, nahka, santelipuu&auml; ja Ambra.<\/p>\n","protected":false},"excerpt":{"rendered":"<p>Cleanin Fresh Linens on tuoksu naisille ja miehille.&nbsp;Yl\u00e4tuoksu: pellava, klementiini ja p\u00e4\u00e4ryn\u00e4&nbsp;Syd\u00e4ntuoksu: Lilja, valkopuu ja orkidea&eacute;&nbsp;Perustuoksut : Myski, nahka, santelipuu&auml; ja Ambra.<\/p>\n","protected":false},"featured_media":135325,"comment_status":"open","ping_status":"closed","template":"","meta":{"_trash_the_other_posts":false},"product_brand":[],"product_cat":[999,706,735],"product_tag":[2709],"berocket_brand":[1116],"class_list":{"0":"post-135326","1":"product","2":"type-product","3":"status-publish","4":"has-post-thumbnail","6":"product_cat-kampanjatarjous-naiselle","7":"product_cat-naisten-eau-de-parfum","8":"product_cat-kampanjamme","9":"product_tag-clean-classic-fresh-linens-edp","10":"pa_brand-clean","11":"pa_variantti-60ml","12":"berocket_brand-clean","14":"first","15":"instock","16":"sale","17":"taxable","18":"shipping-taxable","19":"purchasable","20":"product-type-simple"},"_links":{"self":[{"href":"https:\/\/stylingagenten.com\/fi\/wp-json\/wp\/v2\/product\/135326","targetHints":{"allow":["GET"]}}],"collection":[{"href":"https:\/\/stylingagenten.com\/fi\/wp-json\/wp\/v2\/product"}],"about":[{"href":"https:\/\/stylingagenten.com\/fi\/wp-json\/wp\/v2\/types\/product"}],"replies":[{"embeddable":true,"href":"https:\/\/stylingagenten.com\/fi\/wp-json\/wp\/v2\/comments?post=135326"}],"version-history":[{"count":0,"href":"https:\/\/stylingagenten.com\/fi\/wp-json\/wp\/v2\/product\/135326\/revisions"}],"wp:featuredmedia":[{"embeddable":true,"href":"https:\/\/stylingagenten.com\/fi\/wp-json\/wp\/v2\/media\/135325"}],"wp:attachment":[{"href":"https:\/\/stylingagenten.com\/fi\/wp-json\/wp\/v2\/media?parent=135326"}],"wp:term":[{"taxonomy":"product_brand","embeddable":true,"href":"https:\/\/stylingagenten.com\/fi\/wp-json\/wp\/v2\/product_brand?post=135326"},{"taxonomy":"product_cat","embeddable":true,"href":"https:\/\/stylingagenten.com\/fi\/wp-json\/wp\/v2\/product_cat?post=135326"},{"taxonomy":"product_tag","embeddable":true,"href":"https:\/\/stylingagenten.com\/fi\/wp-json\/wp\/v2\/product_tag?post=135326"},{"taxonomy":"berocket_brand","embeddable":true,"href":"https:\/\/stylingagenten.com\/fi\/wp-json\/wp\/v2\/berocket_brand?post=135326"}],"curies":[{"name":"wp","href":"https:\/\/api.w.org\/{rel}","templated":true}]}}