{"id":135280,"date":"2025-05-18T22:44:48","date_gmt":"2025-05-18T22:44:48","guid":{"rendered":"https:\/\/staging2.stylingagenten.com\/fi\/produkt\/madonna-blossom-edt-50ml\/"},"modified":"2026-04-12T12:19:10","modified_gmt":"2026-04-12T12:19:10","slug":"madonna-blossom-edt-50ml","status":"publish","type":"product","link":"https:\/\/stylingagenten.com\/fi\/tuote\/madonna-blossom-edt-50ml\/","title":{"rendered":"Madonna Blossom Edt 50ml"},"content":{"rendered":"<p>Madonna Blossom EDT on makea ja kukkainen tuoksu, joka sopii t\u00e4ydellisesti kev\u00e4\u00e4seen, kun kukat kukkivat.<\/p>\n<p><strong>Tuoksutuoksu:<\/strong> Kukkia, vaniljaa ja jasmiinia.<\/p>\n","protected":false},"excerpt":{"rendered":"<p>Madonna Blossom EDT on makea ja kukkainen tuoksu, joka sopii t\u00e4ydellisesti kev\u00e4\u00e4seen, kun kukat kukkivat. Tuoksutuoksu: Kukkia, vaniljaa ja jasmiinia.<\/p>\n","protected":false},"featured_media":135279,"comment_status":"open","ping_status":"closed","template":"","meta":{"_trash_the_other_posts":false},"product_brand":[],"product_cat":[1006,999,954,1003,707,735],"product_tag":[],"berocket_brand":[1191],"class_list":{"0":"post-135280","1":"product","2":"type-product","3":"status-publish","4":"has-post-thumbnail","6":"product_cat-kampanjahinta","7":"product_cat-kampanjatarjous-naiselle","8":"product_cat-madonna-blossom","9":"product_cat-myydyimmat","10":"product_cat-naisten-eau-de-toilette","11":"product_cat-kampanjamme","12":"pa_brand-madonna","13":"berocket_brand-madonna","15":"first","16":"instock","17":"sale","18":"taxable","19":"shipping-taxable","20":"purchasable","21":"product-type-simple"},"_links":{"self":[{"href":"https:\/\/stylingagenten.com\/fi\/wp-json\/wp\/v2\/product\/135280","targetHints":{"allow":["GET"]}}],"collection":[{"href":"https:\/\/stylingagenten.com\/fi\/wp-json\/wp\/v2\/product"}],"about":[{"href":"https:\/\/stylingagenten.com\/fi\/wp-json\/wp\/v2\/types\/product"}],"replies":[{"embeddable":true,"href":"https:\/\/stylingagenten.com\/fi\/wp-json\/wp\/v2\/comments?post=135280"}],"version-history":[{"count":0,"href":"https:\/\/stylingagenten.com\/fi\/wp-json\/wp\/v2\/product\/135280\/revisions"}],"wp:featuredmedia":[{"embeddable":true,"href":"https:\/\/stylingagenten.com\/fi\/wp-json\/wp\/v2\/media\/135279"}],"wp:attachment":[{"href":"https:\/\/stylingagenten.com\/fi\/wp-json\/wp\/v2\/media?parent=135280"}],"wp:term":[{"taxonomy":"product_brand","embeddable":true,"href":"https:\/\/stylingagenten.com\/fi\/wp-json\/wp\/v2\/product_brand?post=135280"},{"taxonomy":"product_cat","embeddable":true,"href":"https:\/\/stylingagenten.com\/fi\/wp-json\/wp\/v2\/product_cat?post=135280"},{"taxonomy":"product_tag","embeddable":true,"href":"https:\/\/stylingagenten.com\/fi\/wp-json\/wp\/v2\/product_tag?post=135280"},{"taxonomy":"berocket_brand","embeddable":true,"href":"https:\/\/stylingagenten.com\/fi\/wp-json\/wp\/v2\/berocket_brand?post=135280"}],"curies":[{"name":"wp","href":"https:\/\/api.w.org\/{rel}","templated":true}]}}