{"id":135260,"date":"2025-05-18T22:44:43","date_gmt":"2025-05-18T22:44:43","guid":{"rendered":"https:\/\/staging2.stylingagenten.com\/fi\/produkt\/alyssa-ashley-white-musk-edt-100ml\/"},"modified":"2026-03-25T16:18:58","modified_gmt":"2026-03-25T16:18:58","slug":"alyssa-ashley-white-musk-edt-100ml","status":"publish","type":"product","link":"https:\/\/stylingagenten.com\/fi\/tuote\/alyssa-ashley-white-musk-edt-100ml\/","title":{"rendered":"Alyssa Ashley White Musk Edt 100ml"},"content":{"rendered":"<p>Alyssa Ashley White Musk on suunniteltu niille, jotka haluavat miedomman vintagen kuin alkuper\u00e4inen Musk. T\u00e4m\u00e4 tuoksu on kevyempi, raikkaempi ja hieman kukkaisempi. White Musk on moderni, tyylik\u00e4s ja sensuelli hajuvesi.<\/p>\n<p><strong>Tuoksutuoksu:<\/strong> bergamotti, ylang ylang, piment baies, jasmiini, kielo, ruusu ja orvokki, myski, patchouli, meripihka, vanilja ja vetiveria\u00f6ljy.<\/p>\n","protected":false},"excerpt":{"rendered":"<p>Alyssa Ashley White Musk on suunniteltu niille, jotka haluavat miedomman vintagen kuin alkuper\u00e4inen Musk. T\u00e4m\u00e4 tuoksu on kevyempi, raikkaempi ja hieman kukkaisempi. White Musk on moderni, tyylik\u00e4s ja sensuelli hajuvesi. Tuoksutuoksu: bergamotti, ylang ylang, piment baies, jasmiini, kielo, ruusu ja orvokki, myski, patchouli, meripihka, vanilja ja vetiveria\u00f6ljy.<\/p>\n","protected":false},"featured_media":135254,"comment_status":"open","ping_status":"closed","template":"","meta":{"_trash_the_other_posts":false},"product_brand":[],"product_cat":[988,999,707,735],"product_tag":[2362],"berocket_brand":[1089],"class_list":{"0":"post-135260","1":"product","2":"type-product","3":"status-publish","4":"has-post-thumbnail","6":"product_cat-alyssa-ashley-white-musk","7":"product_cat-kampanjatarjous-naiselle","8":"product_cat-naisten-eau-de-toilette","9":"product_cat-kampanjamme","10":"product_tag-alyssa-ashley-white-musk-edt","11":"pa_brand-alyssa-ashley","12":"pa_variantti-100ml","13":"berocket_brand-alyssa-ashley","15":"first","16":"outofstock","17":"sale","18":"taxable","19":"shipping-taxable","20":"purchasable","21":"product-type-simple"},"_links":{"self":[{"href":"https:\/\/stylingagenten.com\/fi\/wp-json\/wp\/v2\/product\/135260","targetHints":{"allow":["GET"]}}],"collection":[{"href":"https:\/\/stylingagenten.com\/fi\/wp-json\/wp\/v2\/product"}],"about":[{"href":"https:\/\/stylingagenten.com\/fi\/wp-json\/wp\/v2\/types\/product"}],"replies":[{"embeddable":true,"href":"https:\/\/stylingagenten.com\/fi\/wp-json\/wp\/v2\/comments?post=135260"}],"version-history":[{"count":0,"href":"https:\/\/stylingagenten.com\/fi\/wp-json\/wp\/v2\/product\/135260\/revisions"}],"wp:featuredmedia":[{"embeddable":true,"href":"https:\/\/stylingagenten.com\/fi\/wp-json\/wp\/v2\/media\/135254"}],"wp:attachment":[{"href":"https:\/\/stylingagenten.com\/fi\/wp-json\/wp\/v2\/media?parent=135260"}],"wp:term":[{"taxonomy":"product_brand","embeddable":true,"href":"https:\/\/stylingagenten.com\/fi\/wp-json\/wp\/v2\/product_brand?post=135260"},{"taxonomy":"product_cat","embeddable":true,"href":"https:\/\/stylingagenten.com\/fi\/wp-json\/wp\/v2\/product_cat?post=135260"},{"taxonomy":"product_tag","embeddable":true,"href":"https:\/\/stylingagenten.com\/fi\/wp-json\/wp\/v2\/product_tag?post=135260"},{"taxonomy":"berocket_brand","embeddable":true,"href":"https:\/\/stylingagenten.com\/fi\/wp-json\/wp\/v2\/berocket_brand?post=135260"}],"curies":[{"name":"wp","href":"https:\/\/api.w.org\/{rel}","templated":true}]}}