{"id":135205,"date":"2025-05-18T22:44:30","date_gmt":"2025-05-18T22:44:30","guid":{"rendered":"https:\/\/staging2.stylingagenten.com\/fi\/produkt\/roberto-cavalli-edp-50ml\/"},"modified":"2026-04-14T10:38:53","modified_gmt":"2026-04-14T10:38:53","slug":"roberto-cavalli-edp-50ml","status":"publish","type":"product","link":"https:\/\/stylingagenten.com\/fi\/tuote\/roberto-cavalli-edp-50ml\/","title":{"rendered":"Roberto Cavalli Edp 50ml"},"content":{"rendered":"<p>Roberto Cavalli Edp on aurinkoinen ja ylt\u00e4kyll\u00e4inen tuoksu, jonka yl\u00e4tuoksut vaaleanpunaisen pippurin valaisemina s\u00e4teilev\u00e4t aitoa luonteenvoimakkuutta. Se heijastaa naisellisuutta, aistillisuutta ja ylellisyytt\u00e4, ja t\u00e4t\u00e4 tuoksua k\u00e4ytt\u00e4v\u00e4 nainen on naisellista eleganssia ja kapinallisen olennon energiaa.<\/p>\n<p><strong>Tuoksun tuoksu: <\/strong>ruusupippuri. appelsiininkukka ehdoton. Tonkapapuja, vaniljaa ja bentsoiinia.<\/p>\n","protected":false},"excerpt":{"rendered":"<p>Roberto Cavalli Edp on aurinkoinen ja ylt\u00e4kyll\u00e4inen tuoksu, jonka yl\u00e4tuoksut vaaleanpunaisen pippurin valaisemina s\u00e4teilev\u00e4t aitoa luonteenvoimakkuutta. Se heijastaa naisellisuutta, aistillisuutta ja ylellisyytt\u00e4, ja t\u00e4t\u00e4 tuoksua k\u00e4ytt\u00e4v\u00e4 nainen on naisellista eleganssia ja kapinallisen olennon energiaa. Tuoksun tuoksu: ruusupippuri. appelsiininkukka ehdoton. Tonkapapuja, vaniljaa ja bentsoiinia.<\/p>\n","protected":false},"featured_media":135200,"comment_status":"open","ping_status":"closed","template":"","meta":{"_trash_the_other_posts":false},"product_brand":[],"product_cat":[999,706,983,735],"product_tag":[3939],"berocket_brand":[1074],"class_list":{"0":"post-135205","1":"product","2":"type-product","3":"status-publish","4":"has-post-thumbnail","6":"product_cat-kampanjatarjous-naiselle","7":"product_cat-naisten-eau-de-parfum","8":"product_cat-roberto-cavalli-edp","9":"product_cat-kampanjamme","10":"product_tag-roberto-cavalli-edp","11":"pa_brand-roberto-cavalli","12":"pa_variantti-50ml","13":"berocket_brand-roberto-cavalli","15":"first","16":"instock","17":"sale","18":"taxable","19":"shipping-taxable","20":"purchasable","21":"product-type-simple"},"_links":{"self":[{"href":"https:\/\/stylingagenten.com\/fi\/wp-json\/wp\/v2\/product\/135205","targetHints":{"allow":["GET"]}}],"collection":[{"href":"https:\/\/stylingagenten.com\/fi\/wp-json\/wp\/v2\/product"}],"about":[{"href":"https:\/\/stylingagenten.com\/fi\/wp-json\/wp\/v2\/types\/product"}],"replies":[{"embeddable":true,"href":"https:\/\/stylingagenten.com\/fi\/wp-json\/wp\/v2\/comments?post=135205"}],"version-history":[{"count":0,"href":"https:\/\/stylingagenten.com\/fi\/wp-json\/wp\/v2\/product\/135205\/revisions"}],"wp:featuredmedia":[{"embeddable":true,"href":"https:\/\/stylingagenten.com\/fi\/wp-json\/wp\/v2\/media\/135200"}],"wp:attachment":[{"href":"https:\/\/stylingagenten.com\/fi\/wp-json\/wp\/v2\/media?parent=135205"}],"wp:term":[{"taxonomy":"product_brand","embeddable":true,"href":"https:\/\/stylingagenten.com\/fi\/wp-json\/wp\/v2\/product_brand?post=135205"},{"taxonomy":"product_cat","embeddable":true,"href":"https:\/\/stylingagenten.com\/fi\/wp-json\/wp\/v2\/product_cat?post=135205"},{"taxonomy":"product_tag","embeddable":true,"href":"https:\/\/stylingagenten.com\/fi\/wp-json\/wp\/v2\/product_tag?post=135205"},{"taxonomy":"berocket_brand","embeddable":true,"href":"https:\/\/stylingagenten.com\/fi\/wp-json\/wp\/v2\/berocket_brand?post=135205"}],"curies":[{"name":"wp","href":"https:\/\/api.w.org\/{rel}","templated":true}]}}