{"id":135181,"date":"2025-05-18T22:44:23","date_gmt":"2025-05-18T22:44:23","guid":{"rendered":"https:\/\/staging2.stylingagenten.com\/fi\/produkt\/oscar-de-la-renta-oscar-edt-100ml\/"},"modified":"2026-04-13T12:08:25","modified_gmt":"2026-04-13T12:08:25","slug":"oscar-de-la-renta-oscar-edt-100ml","status":"publish","type":"product","link":"https:\/\/stylingagenten.com\/fi\/tuote\/oscar-de-la-renta-oscar-edt-100ml\/","title":{"rendered":"Oscar de la Renta Oscar Edt 100ml"},"content":{"rendered":"<p>Oscar de la Renta Oscarilla on klassinen kukkaistuoksu. Hajuvesi on erehtym\u00e4tt\u00f6m\u00e4n naisellinen ja eritt\u00e4in tuoksuva.<\/p>\n<p><strong>Tuoksutuoksu:&nbsp;<\/strong>bergamotti, neilikka, korianteri, iiris, jasmiini, ruusu, myski, meripihka, vetiveria\u00f6ljy<\/p>\n","protected":false},"excerpt":{"rendered":"<p>Oscar de la Renta Oscarilla on klassinen kukkaistuoksu. Hajuvesi on erehtym\u00e4tt\u00f6m\u00e4n naisellinen ja eritt\u00e4in tuoksuva. Tuoksutuoksu:&nbsp;bergamotti, neilikka, korianteri, iiris, jasmiini, ruusu, myski, meripihka, vetiveria\u00f6ljy<\/p>\n","protected":false},"featured_media":135178,"comment_status":"open","ping_status":"closed","template":"","meta":{"_trash_the_other_posts":false},"product_brand":[],"product_cat":[999,1003,707,735],"product_tag":[3735],"berocket_brand":[1047],"class_list":{"0":"post-135181","1":"product","2":"type-product","3":"status-publish","4":"has-post-thumbnail","6":"product_cat-kampanjatarjous-naiselle","7":"product_cat-myydyimmat","8":"product_cat-naisten-eau-de-toilette","9":"product_cat-kampanjamme","10":"product_tag-oscar-de-la-renta-oscar-edt","11":"pa_brand-oscar-de-la-renta","12":"pa_variantti-100ml","13":"berocket_brand-oscar-de-la-renta","15":"first","16":"instock","17":"sale","18":"taxable","19":"shipping-taxable","20":"purchasable","21":"product-type-simple"},"_links":{"self":[{"href":"https:\/\/stylingagenten.com\/fi\/wp-json\/wp\/v2\/product\/135181","targetHints":{"allow":["GET"]}}],"collection":[{"href":"https:\/\/stylingagenten.com\/fi\/wp-json\/wp\/v2\/product"}],"about":[{"href":"https:\/\/stylingagenten.com\/fi\/wp-json\/wp\/v2\/types\/product"}],"replies":[{"embeddable":true,"href":"https:\/\/stylingagenten.com\/fi\/wp-json\/wp\/v2\/comments?post=135181"}],"version-history":[{"count":0,"href":"https:\/\/stylingagenten.com\/fi\/wp-json\/wp\/v2\/product\/135181\/revisions"}],"wp:featuredmedia":[{"embeddable":true,"href":"https:\/\/stylingagenten.com\/fi\/wp-json\/wp\/v2\/media\/135178"}],"wp:attachment":[{"href":"https:\/\/stylingagenten.com\/fi\/wp-json\/wp\/v2\/media?parent=135181"}],"wp:term":[{"taxonomy":"product_brand","embeddable":true,"href":"https:\/\/stylingagenten.com\/fi\/wp-json\/wp\/v2\/product_brand?post=135181"},{"taxonomy":"product_cat","embeddable":true,"href":"https:\/\/stylingagenten.com\/fi\/wp-json\/wp\/v2\/product_cat?post=135181"},{"taxonomy":"product_tag","embeddable":true,"href":"https:\/\/stylingagenten.com\/fi\/wp-json\/wp\/v2\/product_tag?post=135181"},{"taxonomy":"berocket_brand","embeddable":true,"href":"https:\/\/stylingagenten.com\/fi\/wp-json\/wp\/v2\/berocket_brand?post=135181"}],"curies":[{"name":"wp","href":"https:\/\/api.w.org\/{rel}","templated":true}]}}