{"id":135170,"date":"2025-05-18T22:44:22","date_gmt":"2025-05-18T22:44:22","guid":{"rendered":"https:\/\/staging2.stylingagenten.com\/fi\/produkt\/nicki-minaj-minajesty-edp-100ml\/"},"modified":"2026-04-02T08:37:29","modified_gmt":"2026-04-02T08:37:29","slug":"nicki-minaj-minajesty-edp-100ml","status":"publish","type":"product","link":"https:\/\/stylingagenten.com\/fi\/tuote\/nicki-minaj-minajesty-edp-100ml\/","title":{"rendered":"Nicki Minaj Minajesty Edp 30ml"},"content":{"rendered":"<p>Nicki Minaj Minajesty on aistillinen ja kukkainen tuoksu, jossa on ihastuttavia hedelmi\u00e4, ylellisen tuoreita kukkia, kermaista vaniljaa ja myski\u00e4. Tuoksu valloittaa aistisi ja s\u00e4teilee majesteettista tunnetta.<\/p>\n<p><strong>Tuoksutuoksu:<\/strong> persikka, sitruunankukka, punaherukka, magnolia, vaaleanpunainen jasmiini, tiikeriorkidea&eacute;, vanilja &amp; valkoinen myski.<\/p>\n","protected":false},"excerpt":{"rendered":"<p>Nicki Minaj Minajesty on aistillinen ja kukkainen tuoksu, jossa on ihastuttavia hedelmi\u00e4, ylellisen tuoreita kukkia, kermaista vaniljaa ja myski\u00e4. Tuoksu valloittaa aistisi ja s\u00e4teilee majesteettista tunnetta. Tuoksutuoksu: persikka, sitruunankukka, punaherukka, magnolia, vaaleanpunainen jasmiini, tiikeriorkidea&eacute;, vanilja &amp; valkoinen myski.<\/p>\n","protected":false},"featured_media":135169,"comment_status":"open","ping_status":"closed","template":"","meta":{"_trash_the_other_posts":false},"product_brand":[],"product_cat":[999,1003,706,735],"product_tag":[3637],"berocket_brand":[1111],"class_list":{"0":"post-135170","1":"product","2":"type-product","3":"status-publish","4":"has-post-thumbnail","6":"product_cat-kampanjatarjous-naiselle","7":"product_cat-myydyimmat","8":"product_cat-naisten-eau-de-parfum","9":"product_cat-kampanjamme","10":"product_tag-nicki-minaj-minajesty-edp","11":"pa_brand-nicki-minaj","12":"pa_variantti-100ml","13":"berocket_brand-nicki-minaj","15":"first","16":"outofstock","17":"sale","18":"taxable","19":"shipping-taxable","20":"purchasable","21":"product-type-simple"},"_links":{"self":[{"href":"https:\/\/stylingagenten.com\/fi\/wp-json\/wp\/v2\/product\/135170","targetHints":{"allow":["GET"]}}],"collection":[{"href":"https:\/\/stylingagenten.com\/fi\/wp-json\/wp\/v2\/product"}],"about":[{"href":"https:\/\/stylingagenten.com\/fi\/wp-json\/wp\/v2\/types\/product"}],"replies":[{"embeddable":true,"href":"https:\/\/stylingagenten.com\/fi\/wp-json\/wp\/v2\/comments?post=135170"}],"version-history":[{"count":0,"href":"https:\/\/stylingagenten.com\/fi\/wp-json\/wp\/v2\/product\/135170\/revisions"}],"wp:featuredmedia":[{"embeddable":true,"href":"https:\/\/stylingagenten.com\/fi\/wp-json\/wp\/v2\/media\/135169"}],"wp:attachment":[{"href":"https:\/\/stylingagenten.com\/fi\/wp-json\/wp\/v2\/media?parent=135170"}],"wp:term":[{"taxonomy":"product_brand","embeddable":true,"href":"https:\/\/stylingagenten.com\/fi\/wp-json\/wp\/v2\/product_brand?post=135170"},{"taxonomy":"product_cat","embeddable":true,"href":"https:\/\/stylingagenten.com\/fi\/wp-json\/wp\/v2\/product_cat?post=135170"},{"taxonomy":"product_tag","embeddable":true,"href":"https:\/\/stylingagenten.com\/fi\/wp-json\/wp\/v2\/product_tag?post=135170"},{"taxonomy":"berocket_brand","embeddable":true,"href":"https:\/\/stylingagenten.com\/fi\/wp-json\/wp\/v2\/berocket_brand?post=135170"}],"curies":[{"name":"wp","href":"https:\/\/api.w.org\/{rel}","templated":true}]}}