{"id":135167,"date":"2025-05-18T22:44:20","date_gmt":"2025-05-18T22:44:20","guid":{"rendered":"https:\/\/staging2.stylingagenten.com\/fi\/produkt\/oscar-de-la-renta-volupte-edt-100ml\/"},"modified":"2026-04-13T19:47:29","modified_gmt":"2026-04-13T19:47:29","slug":"oscar-de-la-renta-volupte-edt-100ml","status":"publish","type":"product","link":"https:\/\/stylingagenten.com\/fi\/tuote\/oscar-de-la-renta-volupte-edt-100ml\/","title":{"rendered":"Oscar de la Renta Volupte Edt 100ml"},"content":{"rendered":"<p>Oscar de la Renta Volupt&eacute; &auml;on hajuvesi, joka tarjoaa aistillinen ja mystinen matka. Tuoksu on sekoitus eksoottisia kukkia, upeita hedelmi\u00e4 ja \u00e4\u00e4rimm\u00e4inen it\u00e4mainen tuoksu.<\/p>\n<p><strong>Tuoksutuoksu:<\/strong> jasmiini, ambra ja santelipuu, sekoitettuna ripaus melonia, mandariinia, mimosaa , neilikka ja lilja.<\/p>\n","protected":false},"excerpt":{"rendered":"<p>Oscar de la Renta Volupt&eacute; &auml;on hajuvesi, joka tarjoaa aistillinen ja mystinen matka. Tuoksu on sekoitus eksoottisia kukkia, upeita hedelmi\u00e4 ja \u00e4\u00e4rimm\u00e4inen it\u00e4mainen tuoksu. Tuoksutuoksu: jasmiini, ambra ja santelipuu, sekoitettuna ripaus melonia, mandariinia, mimosaa , neilikka ja lilja.<\/p>\n","protected":false},"featured_media":135161,"comment_status":"open","ping_status":"closed","template":"","meta":{"_trash_the_other_posts":false},"product_brand":[],"product_cat":[1003,707],"product_tag":[],"berocket_brand":[1047],"class_list":{"0":"post-135167","1":"product","2":"type-product","3":"status-publish","4":"has-post-thumbnail","6":"product_cat-myydyimmat","7":"product_cat-naisten-eau-de-toilette","8":"pa_brand-oscar-de-la-renta","9":"berocket_brand-oscar-de-la-renta","11":"first","12":"instock","13":"sale","14":"taxable","15":"shipping-taxable","16":"purchasable","17":"product-type-simple"},"_links":{"self":[{"href":"https:\/\/stylingagenten.com\/fi\/wp-json\/wp\/v2\/product\/135167","targetHints":{"allow":["GET"]}}],"collection":[{"href":"https:\/\/stylingagenten.com\/fi\/wp-json\/wp\/v2\/product"}],"about":[{"href":"https:\/\/stylingagenten.com\/fi\/wp-json\/wp\/v2\/types\/product"}],"replies":[{"embeddable":true,"href":"https:\/\/stylingagenten.com\/fi\/wp-json\/wp\/v2\/comments?post=135167"}],"version-history":[{"count":0,"href":"https:\/\/stylingagenten.com\/fi\/wp-json\/wp\/v2\/product\/135167\/revisions"}],"wp:featuredmedia":[{"embeddable":true,"href":"https:\/\/stylingagenten.com\/fi\/wp-json\/wp\/v2\/media\/135161"}],"wp:attachment":[{"href":"https:\/\/stylingagenten.com\/fi\/wp-json\/wp\/v2\/media?parent=135167"}],"wp:term":[{"taxonomy":"product_brand","embeddable":true,"href":"https:\/\/stylingagenten.com\/fi\/wp-json\/wp\/v2\/product_brand?post=135167"},{"taxonomy":"product_cat","embeddable":true,"href":"https:\/\/stylingagenten.com\/fi\/wp-json\/wp\/v2\/product_cat?post=135167"},{"taxonomy":"product_tag","embeddable":true,"href":"https:\/\/stylingagenten.com\/fi\/wp-json\/wp\/v2\/product_tag?post=135167"},{"taxonomy":"berocket_brand","embeddable":true,"href":"https:\/\/stylingagenten.com\/fi\/wp-json\/wp\/v2\/berocket_brand?post=135167"}],"curies":[{"name":"wp","href":"https:\/\/api.w.org\/{rel}","templated":true}]}}