{"id":135128,"date":"2025-05-18T22:44:09","date_gmt":"2025-05-18T22:44:09","guid":{"rendered":"https:\/\/staging2.stylingagenten.com\/fi\/produkt\/ariana-grande-thank-u-next-edp-50ml\/"},"modified":"2026-03-19T20:47:37","modified_gmt":"2026-03-19T20:47:37","slug":"ariana-grande-thank-u-next-edp-50ml","status":"publish","type":"product","link":"https:\/\/stylingagenten.com\/fi\/tuote\/ariana-grande-thank-u-next-edp-50ml\/","title":{"rendered":"Ariana Grande Thank U Next Edp 50ml"},"content":{"rendered":"<p>Thank U Next on poplaulaja Ariana Granden makea ja hedelm\u00e4inen tuoksu. T\u00e4m\u00e4 hittikappaleen Thank U Next inspiroima tuoksu on flirttaileva ja persoonallinen tuoksu.<\/p>\n<p>Yl\u00e4tuoksu: Vadelma ja P\u00e4\u00e4ryn\u00e4<\/p>\n<p>Syd\u00e4ntuoksu: Kookos ja Pink Rose<\/p>\n<p>Pohjatuoksu: Macarons ja Musk.<\/p>\n","protected":false},"excerpt":{"rendered":"<p>Thank U Next on poplaulaja Ariana Granden makea ja hedelm\u00e4inen tuoksu. T\u00e4m\u00e4 hittikappaleen Thank U Next inspiroima tuoksu on flirttaileva ja persoonallinen tuoksu. Yl\u00e4tuoksu: Vadelma ja P\u00e4\u00e4ryn\u00e4 Syd\u00e4ntuoksu: Kookos ja Pink Rose Pohjatuoksu: Macarons ja Musk.<\/p>\n","protected":false},"featured_media":135124,"comment_status":"open","ping_status":"closed","template":"","meta":{"_trash_the_other_posts":false},"product_brand":[],"product_cat":[999,706,735],"product_tag":[2429],"berocket_brand":[1201],"class_list":{"0":"post-135128","1":"product","2":"type-product","3":"status-publish","4":"has-post-thumbnail","6":"product_cat-kampanjatarjous-naiselle","7":"product_cat-naisten-eau-de-parfum","8":"product_cat-kampanjamme","9":"product_tag-ariana-grande-thank-u-next-edp","10":"pa_brand-ariana-grande","11":"pa_variantti-50ml","12":"berocket_brand-ariana-grande","14":"first","15":"outofstock","16":"sale","17":"taxable","18":"shipping-taxable","19":"purchasable","20":"product-type-simple"},"_links":{"self":[{"href":"https:\/\/stylingagenten.com\/fi\/wp-json\/wp\/v2\/product\/135128","targetHints":{"allow":["GET"]}}],"collection":[{"href":"https:\/\/stylingagenten.com\/fi\/wp-json\/wp\/v2\/product"}],"about":[{"href":"https:\/\/stylingagenten.com\/fi\/wp-json\/wp\/v2\/types\/product"}],"replies":[{"embeddable":true,"href":"https:\/\/stylingagenten.com\/fi\/wp-json\/wp\/v2\/comments?post=135128"}],"version-history":[{"count":0,"href":"https:\/\/stylingagenten.com\/fi\/wp-json\/wp\/v2\/product\/135128\/revisions"}],"wp:featuredmedia":[{"embeddable":true,"href":"https:\/\/stylingagenten.com\/fi\/wp-json\/wp\/v2\/media\/135124"}],"wp:attachment":[{"href":"https:\/\/stylingagenten.com\/fi\/wp-json\/wp\/v2\/media?parent=135128"}],"wp:term":[{"taxonomy":"product_brand","embeddable":true,"href":"https:\/\/stylingagenten.com\/fi\/wp-json\/wp\/v2\/product_brand?post=135128"},{"taxonomy":"product_cat","embeddable":true,"href":"https:\/\/stylingagenten.com\/fi\/wp-json\/wp\/v2\/product_cat?post=135128"},{"taxonomy":"product_tag","embeddable":true,"href":"https:\/\/stylingagenten.com\/fi\/wp-json\/wp\/v2\/product_tag?post=135128"},{"taxonomy":"berocket_brand","embeddable":true,"href":"https:\/\/stylingagenten.com\/fi\/wp-json\/wp\/v2\/berocket_brand?post=135128"}],"curies":[{"name":"wp","href":"https:\/\/api.w.org\/{rel}","templated":true}]}}