{"id":135090,"date":"2025-05-18T22:43:59","date_gmt":"2025-05-18T22:43:59","guid":{"rendered":"https:\/\/staging2.stylingagenten.com\/fi\/produkt\/dior-addict-edp-30ml\/"},"modified":"2026-04-01T17:48:28","modified_gmt":"2026-04-01T17:48:28","slug":"dior-addict-edp-30ml","status":"publish","type":"product","link":"https:\/\/stylingagenten.com\/fi\/tuote\/dior-addict-edp-30ml\/","title":{"rendered":"Dior Addict Edp 30ml"},"content":{"rendered":"<p>Christian Diorin Dior Addict on meripihkan kukkainen tuoksu naisille.<\/p>\n<p>Yl\u00e4tuoksu: P\u00e4\u00e4ryn\u00e4 ja mandariini L&ouml;v<\/p>\n<p>Syd\u00e4ntuoksu: Jasmiini, Night Blooming Cereus, Appelsiininkukka ja ruusu<\/p>\n<p>Pohjatuoksu: vanilja, tonkapapu ja santelipuu&auml;.<\/p>\n","protected":false},"excerpt":{"rendered":"<p>Christian Diorin Dior Addict on meripihkan kukkainen tuoksu naisille. Yl\u00e4tuoksu: P\u00e4\u00e4ryn\u00e4 ja mandariini L&ouml;v Syd\u00e4ntuoksu: Jasmiini, Night Blooming Cereus, Appelsiininkukka ja ruusu Pohjatuoksu: vanilja, tonkapapu ja santelipuu&auml;.<\/p>\n","protected":false},"featured_media":135089,"comment_status":"open","ping_status":"closed","template":"","meta":{"_trash_the_other_posts":false},"product_brand":[],"product_cat":[999,706,735],"product_tag":[],"berocket_brand":[1289],"class_list":{"0":"post-135090","1":"product","2":"type-product","3":"status-publish","4":"has-post-thumbnail","6":"product_cat-kampanjatarjous-naiselle","7":"product_cat-naisten-eau-de-parfum","8":"product_cat-kampanjamme","9":"pa_brand-dior","10":"berocket_brand-dior","12":"first","13":"outofstock","14":"sale","15":"taxable","16":"shipping-taxable","17":"purchasable","18":"product-type-simple"},"_links":{"self":[{"href":"https:\/\/stylingagenten.com\/fi\/wp-json\/wp\/v2\/product\/135090","targetHints":{"allow":["GET"]}}],"collection":[{"href":"https:\/\/stylingagenten.com\/fi\/wp-json\/wp\/v2\/product"}],"about":[{"href":"https:\/\/stylingagenten.com\/fi\/wp-json\/wp\/v2\/types\/product"}],"replies":[{"embeddable":true,"href":"https:\/\/stylingagenten.com\/fi\/wp-json\/wp\/v2\/comments?post=135090"}],"version-history":[{"count":0,"href":"https:\/\/stylingagenten.com\/fi\/wp-json\/wp\/v2\/product\/135090\/revisions"}],"wp:featuredmedia":[{"embeddable":true,"href":"https:\/\/stylingagenten.com\/fi\/wp-json\/wp\/v2\/media\/135089"}],"wp:attachment":[{"href":"https:\/\/stylingagenten.com\/fi\/wp-json\/wp\/v2\/media?parent=135090"}],"wp:term":[{"taxonomy":"product_brand","embeddable":true,"href":"https:\/\/stylingagenten.com\/fi\/wp-json\/wp\/v2\/product_brand?post=135090"},{"taxonomy":"product_cat","embeddable":true,"href":"https:\/\/stylingagenten.com\/fi\/wp-json\/wp\/v2\/product_cat?post=135090"},{"taxonomy":"product_tag","embeddable":true,"href":"https:\/\/stylingagenten.com\/fi\/wp-json\/wp\/v2\/product_tag?post=135090"},{"taxonomy":"berocket_brand","embeddable":true,"href":"https:\/\/stylingagenten.com\/fi\/wp-json\/wp\/v2\/berocket_brand?post=135090"}],"curies":[{"name":"wp","href":"https:\/\/api.w.org\/{rel}","templated":true}]}}