{"id":135063,"date":"2025-05-18T22:43:52","date_gmt":"2025-05-18T22:43:52","guid":{"rendered":"https:\/\/staging2.stylingagenten.com\/fi\/produkt\/givenchy-organza-edp-100ml\/"},"modified":"2026-04-14T09:08:28","modified_gmt":"2026-04-14T09:08:28","slug":"givenchy-organza-edp-100ml","status":"publish","type":"product","link":"https:\/\/stylingagenten.com\/fi\/tuote\/givenchy-organza-edp-100ml\/","title":{"rendered":"Givenchy Organza Edp 100ml"},"content":{"rendered":"<p>Givenchy Organza Edp lanseerattiin vuonna 1996, ja se on intensiivinen, l\u00e4mmin ja romanttinen tuoksu.<\/p>\n<p><strong>Tuoksutuoksu:<\/strong> kuusama, gardenia, jasmiini, iiris, pioni, ylang ylang , ruusuja, muskottip\u00e4hkin\u00e4\u00e4, meripihkaa, setri\u00e4 ja vaniljaa.<\/p>\n","protected":false},"excerpt":{"rendered":"<p>Givenchy Organza Edp lanseerattiin vuonna 1996, ja se on intensiivinen, l\u00e4mmin ja romanttinen tuoksu. Tuoksutuoksu: kuusama, gardenia, jasmiini, iiris, pioni, ylang ylang , ruusuja, muskottip\u00e4hkin\u00e4\u00e4, meripihkaa, setri\u00e4 ja vaniljaa.<\/p>\n","protected":false},"featured_media":135061,"comment_status":"open","ping_status":"closed","template":"","meta":{"_trash_the_other_posts":false},"product_brand":[],"product_cat":[1003,706],"product_tag":[2927],"berocket_brand":[1326],"class_list":{"0":"post-135063","1":"product","2":"type-product","3":"status-publish","4":"has-post-thumbnail","6":"product_cat-myydyimmat","7":"product_cat-naisten-eau-de-parfum","8":"product_tag-givenchy-organza-edp","9":"pa_brand-givenchy","10":"pa_variantti-100ml","11":"berocket_brand-givenchy","13":"first","14":"instock","15":"sale","16":"taxable","17":"shipping-taxable","18":"purchasable","19":"product-type-simple"},"_links":{"self":[{"href":"https:\/\/stylingagenten.com\/fi\/wp-json\/wp\/v2\/product\/135063","targetHints":{"allow":["GET"]}}],"collection":[{"href":"https:\/\/stylingagenten.com\/fi\/wp-json\/wp\/v2\/product"}],"about":[{"href":"https:\/\/stylingagenten.com\/fi\/wp-json\/wp\/v2\/types\/product"}],"replies":[{"embeddable":true,"href":"https:\/\/stylingagenten.com\/fi\/wp-json\/wp\/v2\/comments?post=135063"}],"version-history":[{"count":0,"href":"https:\/\/stylingagenten.com\/fi\/wp-json\/wp\/v2\/product\/135063\/revisions"}],"wp:featuredmedia":[{"embeddable":true,"href":"https:\/\/stylingagenten.com\/fi\/wp-json\/wp\/v2\/media\/135061"}],"wp:attachment":[{"href":"https:\/\/stylingagenten.com\/fi\/wp-json\/wp\/v2\/media?parent=135063"}],"wp:term":[{"taxonomy":"product_brand","embeddable":true,"href":"https:\/\/stylingagenten.com\/fi\/wp-json\/wp\/v2\/product_brand?post=135063"},{"taxonomy":"product_cat","embeddable":true,"href":"https:\/\/stylingagenten.com\/fi\/wp-json\/wp\/v2\/product_cat?post=135063"},{"taxonomy":"product_tag","embeddable":true,"href":"https:\/\/stylingagenten.com\/fi\/wp-json\/wp\/v2\/product_tag?post=135063"},{"taxonomy":"berocket_brand","embeddable":true,"href":"https:\/\/stylingagenten.com\/fi\/wp-json\/wp\/v2\/berocket_brand?post=135063"}],"curies":[{"name":"wp","href":"https:\/\/api.w.org\/{rel}","templated":true}]}}