{"id":135014,"date":"2025-05-18T22:43:37","date_gmt":"2025-05-18T22:43:37","guid":{"rendered":"https:\/\/staging2.stylingagenten.com\/fi\/produkt\/calvin-klein-ck-one-gold-edt-50ml\/"},"modified":"2025-11-19T11:50:53","modified_gmt":"2025-11-19T11:50:53","slug":"calvin-klein-ck-one-gold-edt-50ml","status":"publish","type":"product","link":"https:\/\/stylingagenten.com\/fi\/tuote\/calvin-klein-ck-one-gold-edt-50ml\/","title":{"rendered":"Calvin Klein CK One Gold Edt 50ml"},"content":{"rendered":"<p>Calvin Klein CK One Gold on raikas ja mehukas wc-vesi, jossa on puinen luonne, joka sopii sek\u00e4 miehille ett\u00e4 naisille. Energinen raikkaus yl\u00e4tuoksuissa saavutetaan ep\u00e4tavallisella viikunan, bergamotin ja salvian sekoituksella. Nerolin valoisaa syd\u00e4nt\u00e4 t\u00e4ydent\u00e4v\u00e4t jasmiinin ja violetin kukat. Aurinkoinen vetiver antaa tuoksulle syvyytt\u00e4 ja j\u00e4tt\u00e4\u00e4 nen\u00e4\u00e4n aistillisen ja l\u00e4mpim\u00e4n j\u00e4ljen. iho sek\u00e4 patsuli ja guajakkipuu.<\/p>\n<p>Yl\u00e4tuoksu: viikuna, bergamotti, salvia<br \/>Syd\u00e4ntuoksu: neroli, jasmiini, orvokki<br \/>Pohjatuoksu: vetiveria, patsuli, guajakkipuu<br \/> \/p&gt;<\/p>\n","protected":false},"excerpt":{"rendered":"<p>Calvin Klein CK One Gold on raikas ja mehukas wc-vesi, jossa on puinen luonne, joka sopii sek\u00e4 miehille ett\u00e4 naisille. Energinen raikkaus yl\u00e4tuoksuissa saavutetaan ep\u00e4tavallisella viikunan, bergamotin ja salvian sekoituksella. Nerolin valoisaa syd\u00e4nt\u00e4 t\u00e4ydent\u00e4v\u00e4t jasmiinin ja violetin kukat. Aurinkoinen vetiver antaa tuoksulle syvyytt\u00e4 ja j\u00e4tt\u00e4\u00e4 nen\u00e4\u00e4n aistillisen ja l\u00e4mpim\u00e4n j\u00e4ljen. iho sek\u00e4 patsuli ja guajakkipuu. [&hellip;]<\/p>\n","protected":false},"featured_media":135009,"comment_status":"open","ping_status":"closed","template":"","meta":{"_trash_the_other_posts":false},"product_brand":[],"product_cat":[749,713,709,707],"product_tag":[2641],"berocket_brand":[1014],"class_list":{"0":"post-135014","1":"product","2":"type-product","3":"status-publish","4":"has-post-thumbnail","6":"product_cat-calvin-klein-ck-one","7":"product_cat-hajuvesi-unisex","8":"product_cat-miesten-eau-de-toilette","9":"product_cat-naisten-eau-de-toilette","10":"product_tag-calvin-klein-ck-one-gold-edt","11":"pa_brand-calvin-klein","12":"pa_variantti-50ml","13":"berocket_brand-calvin-klein","15":"first","16":"outofstock","17":"sale","18":"taxable","19":"shipping-taxable","20":"purchasable","21":"product-type-simple"},"_links":{"self":[{"href":"https:\/\/stylingagenten.com\/fi\/wp-json\/wp\/v2\/product\/135014","targetHints":{"allow":["GET"]}}],"collection":[{"href":"https:\/\/stylingagenten.com\/fi\/wp-json\/wp\/v2\/product"}],"about":[{"href":"https:\/\/stylingagenten.com\/fi\/wp-json\/wp\/v2\/types\/product"}],"replies":[{"embeddable":true,"href":"https:\/\/stylingagenten.com\/fi\/wp-json\/wp\/v2\/comments?post=135014"}],"version-history":[{"count":0,"href":"https:\/\/stylingagenten.com\/fi\/wp-json\/wp\/v2\/product\/135014\/revisions"}],"wp:featuredmedia":[{"embeddable":true,"href":"https:\/\/stylingagenten.com\/fi\/wp-json\/wp\/v2\/media\/135009"}],"wp:attachment":[{"href":"https:\/\/stylingagenten.com\/fi\/wp-json\/wp\/v2\/media?parent=135014"}],"wp:term":[{"taxonomy":"product_brand","embeddable":true,"href":"https:\/\/stylingagenten.com\/fi\/wp-json\/wp\/v2\/product_brand?post=135014"},{"taxonomy":"product_cat","embeddable":true,"href":"https:\/\/stylingagenten.com\/fi\/wp-json\/wp\/v2\/product_cat?post=135014"},{"taxonomy":"product_tag","embeddable":true,"href":"https:\/\/stylingagenten.com\/fi\/wp-json\/wp\/v2\/product_tag?post=135014"},{"taxonomy":"berocket_brand","embeddable":true,"href":"https:\/\/stylingagenten.com\/fi\/wp-json\/wp\/v2\/berocket_brand?post=135014"}],"curies":[{"name":"wp","href":"https:\/\/api.w.org\/{rel}","templated":true}]}}