{"id":134964,"date":"2025-05-18T22:43:24","date_gmt":"2025-05-18T22:43:24","guid":{"rendered":"https:\/\/staging2.stylingagenten.com\/fi\/produkt\/lancome-la-vie-est-belle-edp-30ml\/"},"modified":"2025-11-19T10:57:36","modified_gmt":"2025-11-19T10:57:36","slug":"lancome-la-vie-est-belle-edp-30ml","status":"publish","type":"product","link":"https:\/\/stylingagenten.com\/fi\/tuote\/lancome-la-vie-est-belle-edp-30ml\/","title":{"rendered":"Lancome La Vie Est Belle Edp 30ml"},"content":{"rendered":"<p>Lancome La Vie Est Belle on inspiroitunut pienten ilosta ja nautinnosta; el\u00e4m\u00e4n asiat, jotka &auml;nd&aring; ei tarkoita mit\u00e4\u00e4n. Tuoksu on tyylik\u00e4s ja hienostunut, ja sen syd\u00e4mess\u00e4 on aistillisia kukkaisia \u200b\u200bharmoniaa: vanilja, tonkaba&ouml;na, patsuli.<\/p>\n<p><span style=\"font-family: Calibri;font-size: small\">&nbsp; <\/span><\/p>\n","protected":false},"excerpt":{"rendered":"<p>Lancome La Vie Est Belle on inspiroitunut pienten ilosta ja nautinnosta; el\u00e4m\u00e4n asiat, jotka &auml;nd&aring; ei tarkoita mit\u00e4\u00e4n. Tuoksu on tyylik\u00e4s ja hienostunut, ja sen syd\u00e4mess\u00e4 on aistillisia kukkaisia \u200b\u200bharmoniaa: vanilja, tonkaba&ouml;na, patsuli. &nbsp;<\/p>\n","protected":false},"featured_media":134961,"comment_status":"open","ping_status":"closed","template":"","meta":{"_trash_the_other_posts":false},"product_brand":[],"product_cat":[706],"product_tag":[],"berocket_brand":[1128],"class_list":{"0":"post-134964","1":"product","2":"type-product","3":"status-publish","4":"has-post-thumbnail","6":"product_cat-naisten-eau-de-parfum","7":"pa_brand-lancome","8":"berocket_brand-lancome","10":"first","11":"outofstock","12":"sale","13":"taxable","14":"shipping-taxable","15":"purchasable","16":"product-type-simple"},"_links":{"self":[{"href":"https:\/\/stylingagenten.com\/fi\/wp-json\/wp\/v2\/product\/134964","targetHints":{"allow":["GET"]}}],"collection":[{"href":"https:\/\/stylingagenten.com\/fi\/wp-json\/wp\/v2\/product"}],"about":[{"href":"https:\/\/stylingagenten.com\/fi\/wp-json\/wp\/v2\/types\/product"}],"replies":[{"embeddable":true,"href":"https:\/\/stylingagenten.com\/fi\/wp-json\/wp\/v2\/comments?post=134964"}],"version-history":[{"count":0,"href":"https:\/\/stylingagenten.com\/fi\/wp-json\/wp\/v2\/product\/134964\/revisions"}],"wp:featuredmedia":[{"embeddable":true,"href":"https:\/\/stylingagenten.com\/fi\/wp-json\/wp\/v2\/media\/134961"}],"wp:attachment":[{"href":"https:\/\/stylingagenten.com\/fi\/wp-json\/wp\/v2\/media?parent=134964"}],"wp:term":[{"taxonomy":"product_brand","embeddable":true,"href":"https:\/\/stylingagenten.com\/fi\/wp-json\/wp\/v2\/product_brand?post=134964"},{"taxonomy":"product_cat","embeddable":true,"href":"https:\/\/stylingagenten.com\/fi\/wp-json\/wp\/v2\/product_cat?post=134964"},{"taxonomy":"product_tag","embeddable":true,"href":"https:\/\/stylingagenten.com\/fi\/wp-json\/wp\/v2\/product_tag?post=134964"},{"taxonomy":"berocket_brand","embeddable":true,"href":"https:\/\/stylingagenten.com\/fi\/wp-json\/wp\/v2\/berocket_brand?post=134964"}],"curies":[{"name":"wp","href":"https:\/\/api.w.org\/{rel}","templated":true}]}}