{"id":134894,"date":"2025-05-18T22:42:58","date_gmt":"2025-05-18T22:42:58","guid":{"rendered":"https:\/\/staging2.stylingagenten.com\/fi\/produkt\/roberto-cavalli-just-cavalli-women-edt-50ml\/"},"modified":"2026-04-04T14:48:30","modified_gmt":"2026-04-04T14:48:30","slug":"roberto-cavalli-just-cavalli-women-edt-50ml","status":"publish","type":"product","link":"https:\/\/stylingagenten.com\/fi\/tuote\/roberto-cavalli-just-cavalli-women-edt-50ml\/","title":{"rendered":"Roberto Cavalli Just Cavalli Women Edt 50ml"},"content":{"rendered":"<p>Roberto Cavalli Just Cavalli Women Edt on provosoiva tuoksu. Se on nuori, eloisa, hauska, el\u00e4v\u00e4 ja t\u00e4ynn\u00e4 aistillisuutta.<\/p>\n<p><strong>Tuoksutuoksu:<\/strong> neroli, tiaaran kukka, puiset tuoksut.<br \/>&nbsp;<\/p>\n","protected":false},"excerpt":{"rendered":"<p>Roberto Cavalli Just Cavalli Women Edt on provosoiva tuoksu. Se on nuori, eloisa, hauska, el\u00e4v\u00e4 ja t\u00e4ynn\u00e4 aistillisuutta. Tuoksutuoksu: neroli, tiaaran kukka, puiset tuoksut.&nbsp;<\/p>\n","protected":false},"featured_media":134893,"comment_status":"open","ping_status":"closed","template":"","meta":{"_trash_the_other_posts":false},"product_brand":[],"product_cat":[707],"product_tag":[3943],"berocket_brand":[1074],"class_list":{"0":"post-134894","1":"product","2":"type-product","3":"status-publish","4":"has-post-thumbnail","6":"product_cat-naisten-eau-de-toilette","7":"product_tag-roberto-cavalli-just-cavalli-women-edt","8":"pa_brand-roberto-cavalli","9":"pa_variantti-50ml","10":"berocket_brand-roberto-cavalli","12":"first","13":"instock","14":"sale","15":"taxable","16":"shipping-taxable","17":"purchasable","18":"product-type-simple"},"_links":{"self":[{"href":"https:\/\/stylingagenten.com\/fi\/wp-json\/wp\/v2\/product\/134894","targetHints":{"allow":["GET"]}}],"collection":[{"href":"https:\/\/stylingagenten.com\/fi\/wp-json\/wp\/v2\/product"}],"about":[{"href":"https:\/\/stylingagenten.com\/fi\/wp-json\/wp\/v2\/types\/product"}],"replies":[{"embeddable":true,"href":"https:\/\/stylingagenten.com\/fi\/wp-json\/wp\/v2\/comments?post=134894"}],"version-history":[{"count":0,"href":"https:\/\/stylingagenten.com\/fi\/wp-json\/wp\/v2\/product\/134894\/revisions"}],"wp:featuredmedia":[{"embeddable":true,"href":"https:\/\/stylingagenten.com\/fi\/wp-json\/wp\/v2\/media\/134893"}],"wp:attachment":[{"href":"https:\/\/stylingagenten.com\/fi\/wp-json\/wp\/v2\/media?parent=134894"}],"wp:term":[{"taxonomy":"product_brand","embeddable":true,"href":"https:\/\/stylingagenten.com\/fi\/wp-json\/wp\/v2\/product_brand?post=134894"},{"taxonomy":"product_cat","embeddable":true,"href":"https:\/\/stylingagenten.com\/fi\/wp-json\/wp\/v2\/product_cat?post=134894"},{"taxonomy":"product_tag","embeddable":true,"href":"https:\/\/stylingagenten.com\/fi\/wp-json\/wp\/v2\/product_tag?post=134894"},{"taxonomy":"berocket_brand","embeddable":true,"href":"https:\/\/stylingagenten.com\/fi\/wp-json\/wp\/v2\/berocket_brand?post=134894"}],"curies":[{"name":"wp","href":"https:\/\/api.w.org\/{rel}","templated":true}]}}