{"id":134880,"date":"2025-05-18T22:42:51","date_gmt":"2025-05-18T22:42:51","guid":{"rendered":"https:\/\/staging2.stylingagenten.com\/fi\/produkt\/clean-reserve-sel-santal-edp-50ml\/"},"modified":"2026-03-11T22:01:41","modified_gmt":"2026-03-11T22:01:41","slug":"clean-reserve-sel-santal-edp-50ml","status":"publish","type":"product","link":"https:\/\/stylingagenten.com\/fi\/tuote\/clean-reserve-sel-santal-edp-50ml\/","title":{"rendered":"CLEAN Reserve Sel Santal Edp 50ml"},"content":{"rendered":"<p><strong>Clean Reserve Sel Santal<\/strong> -tuoksussa on raikkaat vihre\u00e4t tuoksut, joissa on vain ripaus mausteisuutta, joka luo makeutta. Inspiroitunut vertaansa vailla olevasta sitoutumisesta kauneuteen, rohkeudesta ja sis\u00e4isest\u00e4 voimasta. T\u00e4m\u00e4 tuoksu sopii t\u00e4ydellisesti Lemon Figin kanssa.<\/p>\n<p>Yl\u00e4tuoksu: Bergamotti<br \/>Syd\u00e4ntuoksu: Violetti<br \/> Pohjatuoksu: Dekadentti ambra ja styraksi<\/p>\n","protected":false},"excerpt":{"rendered":"<p>Clean Reserve Sel Santal -tuoksussa on raikkaat vihre\u00e4t tuoksut, joissa on vain ripaus mausteisuutta, joka luo makeutta. Inspiroitunut vertaansa vailla olevasta sitoutumisesta kauneuteen, rohkeudesta ja sis\u00e4isest\u00e4 voimasta. T\u00e4m\u00e4 tuoksu sopii t\u00e4ydellisesti Lemon Figin kanssa. Yl\u00e4tuoksu: BergamottiSyd\u00e4ntuoksu: Violetti Pohjatuoksu: Dekadentti ambra ja styraksi<\/p>\n","protected":false},"featured_media":134879,"comment_status":"open","ping_status":"closed","template":"","meta":{"_trash_the_other_posts":false},"product_brand":[],"product_cat":[999,1003,706,735],"product_tag":[],"berocket_brand":[1116],"class_list":{"0":"post-134880","1":"product","2":"type-product","3":"status-publish","4":"has-post-thumbnail","6":"product_cat-kampanjatarjous-naiselle","7":"product_cat-myydyimmat","8":"product_cat-naisten-eau-de-parfum","9":"product_cat-kampanjamme","10":"pa_brand-clean","11":"berocket_brand-clean","13":"first","14":"instock","15":"sale","16":"taxable","17":"shipping-taxable","18":"purchasable","19":"product-type-simple"},"_links":{"self":[{"href":"https:\/\/stylingagenten.com\/fi\/wp-json\/wp\/v2\/product\/134880","targetHints":{"allow":["GET"]}}],"collection":[{"href":"https:\/\/stylingagenten.com\/fi\/wp-json\/wp\/v2\/product"}],"about":[{"href":"https:\/\/stylingagenten.com\/fi\/wp-json\/wp\/v2\/types\/product"}],"replies":[{"embeddable":true,"href":"https:\/\/stylingagenten.com\/fi\/wp-json\/wp\/v2\/comments?post=134880"}],"version-history":[{"count":0,"href":"https:\/\/stylingagenten.com\/fi\/wp-json\/wp\/v2\/product\/134880\/revisions"}],"wp:featuredmedia":[{"embeddable":true,"href":"https:\/\/stylingagenten.com\/fi\/wp-json\/wp\/v2\/media\/134879"}],"wp:attachment":[{"href":"https:\/\/stylingagenten.com\/fi\/wp-json\/wp\/v2\/media?parent=134880"}],"wp:term":[{"taxonomy":"product_brand","embeddable":true,"href":"https:\/\/stylingagenten.com\/fi\/wp-json\/wp\/v2\/product_brand?post=134880"},{"taxonomy":"product_cat","embeddable":true,"href":"https:\/\/stylingagenten.com\/fi\/wp-json\/wp\/v2\/product_cat?post=134880"},{"taxonomy":"product_tag","embeddable":true,"href":"https:\/\/stylingagenten.com\/fi\/wp-json\/wp\/v2\/product_tag?post=134880"},{"taxonomy":"berocket_brand","embeddable":true,"href":"https:\/\/stylingagenten.com\/fi\/wp-json\/wp\/v2\/berocket_brand?post=134880"}],"curies":[{"name":"wp","href":"https:\/\/api.w.org\/{rel}","templated":true}]}}