{"id":134872,"date":"2025-05-18T22:42:47","date_gmt":"2025-05-18T22:42:47","guid":{"rendered":"https:\/\/staging2.stylingagenten.com\/fi\/produkt\/cacharel-amor-amor-edt-100ml\/"},"modified":"2025-11-19T11:54:05","modified_gmt":"2025-11-19T11:54:05","slug":"cacharel-amor-amor-edt-100ml","status":"publish","type":"product","link":"https:\/\/stylingagenten.com\/fi\/tuote\/cacharel-amor-amor-edt-100ml\/","title":{"rendered":"Cacharel Amor Amor Edt 100ml"},"content":{"rendered":"<p>Cacharel Amor Amor on intohimoinen ja aistillinen hajuvesi, joka juhlii rakkautta. Se on sek\u00e4 hedelm\u00e4inen ett\u00e4 kukkainen pehme\u00e4ss\u00e4 harmoniassa.<\/p>\n<p><strong>Tuoksutuoksu:<\/strong> mandariini, mustaherukka, kielo, valkoinen myski &amp; keltainen.<\/p>\n","protected":false},"excerpt":{"rendered":"<p>Cacharel Amor Amor on intohimoinen ja aistillinen hajuvesi, joka juhlii rakkautta. Se on sek\u00e4 hedelm\u00e4inen ett\u00e4 kukkainen pehme\u00e4ss\u00e4 harmoniassa. Tuoksutuoksu: mandariini, mustaherukka, kielo, valkoinen myski &amp; keltainen.<\/p>\n","protected":false},"featured_media":134868,"comment_status":"open","ping_status":"closed","template":"","meta":{"_trash_the_other_posts":false},"product_brand":[],"product_cat":[783,707],"product_tag":[2623],"berocket_brand":[1098],"class_list":{"0":"post-134872","1":"product","2":"type-product","3":"status-publish","4":"has-post-thumbnail","6":"product_cat-cacharel-amor-amor","7":"product_cat-naisten-eau-de-toilette","8":"product_tag-cacharel-amor-amor-edt","9":"pa_brand-cacharel","10":"pa_variantti-100ml","11":"berocket_brand-cacharel","13":"first","14":"outofstock","15":"sale","16":"taxable","17":"shipping-taxable","18":"purchasable","19":"product-type-simple"},"_links":{"self":[{"href":"https:\/\/stylingagenten.com\/fi\/wp-json\/wp\/v2\/product\/134872","targetHints":{"allow":["GET"]}}],"collection":[{"href":"https:\/\/stylingagenten.com\/fi\/wp-json\/wp\/v2\/product"}],"about":[{"href":"https:\/\/stylingagenten.com\/fi\/wp-json\/wp\/v2\/types\/product"}],"replies":[{"embeddable":true,"href":"https:\/\/stylingagenten.com\/fi\/wp-json\/wp\/v2\/comments?post=134872"}],"version-history":[{"count":0,"href":"https:\/\/stylingagenten.com\/fi\/wp-json\/wp\/v2\/product\/134872\/revisions"}],"wp:featuredmedia":[{"embeddable":true,"href":"https:\/\/stylingagenten.com\/fi\/wp-json\/wp\/v2\/media\/134868"}],"wp:attachment":[{"href":"https:\/\/stylingagenten.com\/fi\/wp-json\/wp\/v2\/media?parent=134872"}],"wp:term":[{"taxonomy":"product_brand","embeddable":true,"href":"https:\/\/stylingagenten.com\/fi\/wp-json\/wp\/v2\/product_brand?post=134872"},{"taxonomy":"product_cat","embeddable":true,"href":"https:\/\/stylingagenten.com\/fi\/wp-json\/wp\/v2\/product_cat?post=134872"},{"taxonomy":"product_tag","embeddable":true,"href":"https:\/\/stylingagenten.com\/fi\/wp-json\/wp\/v2\/product_tag?post=134872"},{"taxonomy":"berocket_brand","embeddable":true,"href":"https:\/\/stylingagenten.com\/fi\/wp-json\/wp\/v2\/berocket_brand?post=134872"}],"curies":[{"name":"wp","href":"https:\/\/api.w.org\/{rel}","templated":true}]}}