{"id":134863,"date":"2025-05-18T22:42:44","date_gmt":"2025-05-18T22:42:44","guid":{"rendered":"https:\/\/staging2.stylingagenten.com\/fi\/produkt\/elizabeth-arden-green-tea-sakura-blossom-edt-100ml\/"},"modified":"2026-04-09T14:48:58","modified_gmt":"2026-04-09T14:48:58","slug":"elizabeth-arden-green-tea-sakura-blossom-edt-100ml","status":"publish","type":"product","link":"https:\/\/stylingagenten.com\/fi\/tuote\/elizabeth-arden-green-tea-sakura-blossom-edt-100ml\/","title":{"rendered":"Elizabeth Arden Green Tea Sakura Blossom Edt 100ml"},"content":{"rendered":"<p>Elizabeth Ardenin <\/p>\n<p><strong>Green Tea Sakura Blossom Edt<\/strong> on luotu Sakura-puun inspiraation pohjalta. Puu, jonka ihania kukkia ja tuoksua voi kokea vain rajoitetun ajan; ole siell\u00e4 se kukkii.<\/p>\n<p>Alkutuoksu: makea manteli, mandariini, bergamotti\u00f6ljy, violetin lehti<br \/>Keskituoksu: Sakurapuun kukka, vihre\u00e4 tee, jasmiini sambac, valkoinen pioni<br \/>Pohjatuoksu: Ambrette fr&amp;ouml ;, myski, valkoinen koivu harmonikka<\/p>\n","protected":false},"excerpt":{"rendered":"<p>Elizabeth Ardenin Green Tea Sakura Blossom Edt on luotu Sakura-puun inspiraation pohjalta. Puu, jonka ihania kukkia ja tuoksua voi kokea vain rajoitetun ajan; ole siell\u00e4 se kukkii. Alkutuoksu: makea manteli, mandariini, bergamotti\u00f6ljy, violetin lehtiKeskituoksu: Sakurapuun kukka, vihre\u00e4 tee, jasmiini sambac, valkoinen pioniPohjatuoksu: Ambrette fr&amp;ouml ;, myski, valkoinen koivu harmonikka<\/p>\n","protected":false},"featured_media":134859,"comment_status":"open","ping_status":"closed","template":"","meta":{"_trash_the_other_posts":false},"product_brand":[],"product_cat":[759,1006,999,1003,707,735],"product_tag":[],"berocket_brand":[1303],"class_list":{"0":"post-134863","1":"product","2":"type-product","3":"status-publish","4":"has-post-thumbnail","6":"product_cat-elizabeth-arden-green-tea","7":"product_cat-kampanjahinta","8":"product_cat-kampanjatarjous-naiselle","9":"product_cat-myydyimmat","10":"product_cat-naisten-eau-de-toilette","11":"product_cat-kampanjamme","12":"pa_brand-elizabeth-arden","13":"berocket_brand-elizabeth-arden","15":"first","16":"instock","17":"sale","18":"taxable","19":"shipping-taxable","20":"purchasable","21":"product-type-simple"},"_links":{"self":[{"href":"https:\/\/stylingagenten.com\/fi\/wp-json\/wp\/v2\/product\/134863","targetHints":{"allow":["GET"]}}],"collection":[{"href":"https:\/\/stylingagenten.com\/fi\/wp-json\/wp\/v2\/product"}],"about":[{"href":"https:\/\/stylingagenten.com\/fi\/wp-json\/wp\/v2\/types\/product"}],"replies":[{"embeddable":true,"href":"https:\/\/stylingagenten.com\/fi\/wp-json\/wp\/v2\/comments?post=134863"}],"version-history":[{"count":0,"href":"https:\/\/stylingagenten.com\/fi\/wp-json\/wp\/v2\/product\/134863\/revisions"}],"wp:featuredmedia":[{"embeddable":true,"href":"https:\/\/stylingagenten.com\/fi\/wp-json\/wp\/v2\/media\/134859"}],"wp:attachment":[{"href":"https:\/\/stylingagenten.com\/fi\/wp-json\/wp\/v2\/media?parent=134863"}],"wp:term":[{"taxonomy":"product_brand","embeddable":true,"href":"https:\/\/stylingagenten.com\/fi\/wp-json\/wp\/v2\/product_brand?post=134863"},{"taxonomy":"product_cat","embeddable":true,"href":"https:\/\/stylingagenten.com\/fi\/wp-json\/wp\/v2\/product_cat?post=134863"},{"taxonomy":"product_tag","embeddable":true,"href":"https:\/\/stylingagenten.com\/fi\/wp-json\/wp\/v2\/product_tag?post=134863"},{"taxonomy":"berocket_brand","embeddable":true,"href":"https:\/\/stylingagenten.com\/fi\/wp-json\/wp\/v2\/berocket_brand?post=134863"}],"curies":[{"name":"wp","href":"https:\/\/api.w.org\/{rel}","templated":true}]}}