{"id":134844,"date":"2025-05-18T22:42:37","date_gmt":"2025-05-18T22:42:37","guid":{"rendered":"https:\/\/staging2.stylingagenten.com\/fi\/produkt\/oscar-de-la-renta-bella-rosa-edp-100ml\/"},"modified":"2026-04-05T10:48:30","modified_gmt":"2026-04-05T10:48:30","slug":"oscar-de-la-renta-bella-rosa-edp-100ml","status":"publish","type":"product","link":"https:\/\/stylingagenten.com\/fi\/tuote\/oscar-de-la-renta-bella-rosa-edp-100ml\/","title":{"rendered":"Oscar de la Renta Bella Rosa Edp 100ml"},"content":{"rendered":"<p>Oscar de la Rentan <\/p>\n<p><strong>Bella Rosa<\/strong> on Chypren kukkaistuoksu naisille. Siin\u00e4 on nuorekas ruusun tuoksu ja hienovaraisia \u200b\u200bpuumaisia \u200b\u200bvivahteita, mik\u00e4 tekee siit\u00e4 eritt\u00e4in hienostuneen ja naisellisen.<\/p>\n<p>Yl\u00e4tuoksu: Rose&eacute; pippuri, freesia ja mandariini<\/p>\n<p>Syd\u00e4ntuoksu: Vaaleanpunainen ruusu, jasmiini ja orris<\/p>\n<p>Pohjatuoksu: Patchouli, ambra ja santelipuu.<\/p>\n","protected":false},"excerpt":{"rendered":"<p>Oscar de la Rentan Bella Rosa on Chypren kukkaistuoksu naisille. Siin\u00e4 on nuorekas ruusun tuoksu ja hienovaraisia \u200b\u200bpuumaisia \u200b\u200bvivahteita, mik\u00e4 tekee siit\u00e4 eritt\u00e4in hienostuneen ja naisellisen. Yl\u00e4tuoksu: Rose&eacute; pippuri, freesia ja mandariini Syd\u00e4ntuoksu: Vaaleanpunainen ruusu, jasmiini ja orris Pohjatuoksu: Patchouli, ambra ja santelipuu.<\/p>\n","protected":false},"featured_media":134841,"comment_status":"open","ping_status":"closed","template":"","meta":{"_trash_the_other_posts":false},"product_brand":[],"product_cat":[1006,999,1003,706,969,735],"product_tag":[],"berocket_brand":[1047],"class_list":{"0":"post-134844","1":"product","2":"type-product","3":"status-publish","4":"has-post-thumbnail","6":"product_cat-kampanjahinta","7":"product_cat-kampanjatarjous-naiselle","8":"product_cat-myydyimmat","9":"product_cat-naisten-eau-de-parfum","10":"product_cat-oscar-de-la-renta-bella-rosa","11":"product_cat-kampanjamme","12":"pa_brand-oscar-de-la-renta","13":"berocket_brand-oscar-de-la-renta","15":"first","16":"outofstock","17":"sale","18":"taxable","19":"shipping-taxable","20":"purchasable","21":"product-type-simple"},"_links":{"self":[{"href":"https:\/\/stylingagenten.com\/fi\/wp-json\/wp\/v2\/product\/134844","targetHints":{"allow":["GET"]}}],"collection":[{"href":"https:\/\/stylingagenten.com\/fi\/wp-json\/wp\/v2\/product"}],"about":[{"href":"https:\/\/stylingagenten.com\/fi\/wp-json\/wp\/v2\/types\/product"}],"replies":[{"embeddable":true,"href":"https:\/\/stylingagenten.com\/fi\/wp-json\/wp\/v2\/comments?post=134844"}],"version-history":[{"count":0,"href":"https:\/\/stylingagenten.com\/fi\/wp-json\/wp\/v2\/product\/134844\/revisions"}],"wp:featuredmedia":[{"embeddable":true,"href":"https:\/\/stylingagenten.com\/fi\/wp-json\/wp\/v2\/media\/134841"}],"wp:attachment":[{"href":"https:\/\/stylingagenten.com\/fi\/wp-json\/wp\/v2\/media?parent=134844"}],"wp:term":[{"taxonomy":"product_brand","embeddable":true,"href":"https:\/\/stylingagenten.com\/fi\/wp-json\/wp\/v2\/product_brand?post=134844"},{"taxonomy":"product_cat","embeddable":true,"href":"https:\/\/stylingagenten.com\/fi\/wp-json\/wp\/v2\/product_cat?post=134844"},{"taxonomy":"product_tag","embeddable":true,"href":"https:\/\/stylingagenten.com\/fi\/wp-json\/wp\/v2\/product_tag?post=134844"},{"taxonomy":"berocket_brand","embeddable":true,"href":"https:\/\/stylingagenten.com\/fi\/wp-json\/wp\/v2\/berocket_brand?post=134844"}],"curies":[{"name":"wp","href":"https:\/\/api.w.org\/{rel}","templated":true}]}}