{"id":134834,"date":"2025-05-18T22:42:33","date_gmt":"2025-05-18T22:42:33","guid":{"rendered":"https:\/\/staging2.stylingagenten.com\/fi\/produkt\/oscar-de-la-renta-bella-blanca-edp-100ml\/"},"modified":"2026-04-02T09:38:39","modified_gmt":"2026-04-02T09:38:39","slug":"oscar-de-la-renta-bella-blanca-edp-100ml","status":"publish","type":"product","link":"https:\/\/stylingagenten.com\/fi\/tuote\/oscar-de-la-renta-bella-blanca-edp-100ml\/","title":{"rendered":"Oscar de la Renta Bella Blanca Edp 100ml"},"content":{"rendered":"<p>Oscar de la Rentan <\/p>\n<p><strong>Bella Blanca<\/strong> edustaa valkoisten kukkien luonnollista eleganssia ja puhdasta graceutta, jossa on puumaisia \u200b\u200bja lihaksikkaita pohjas\u00e4vyj\u00e4.<\/p>\n<p>Yl\u00e4tuoksu: pihlaja, kielo. laakso ja vihre\u00e4t lehdet<\/p>\n<p>Syd\u00e4ntuoksu: jasmiini, tuberoosi, appelsiininkukka ja ruusu<\/p>\n<p>Pohjatuoksu: Myski, santelipuu; ja valkoinen iiris.<\/p>\n","protected":false},"excerpt":{"rendered":"<p>Oscar de la Rentan Bella Blanca edustaa valkoisten kukkien luonnollista eleganssia ja puhdasta graceutta, jossa on puumaisia \u200b\u200bja lihaksikkaita pohjas\u00e4vyj\u00e4. Yl\u00e4tuoksu: pihlaja, kielo. laakso ja vihre\u00e4t lehdet Syd\u00e4ntuoksu: jasmiini, tuberoosi, appelsiininkukka ja ruusu Pohjatuoksu: Myski, santelipuu; ja valkoinen iiris.<\/p>\n","protected":false},"featured_media":134830,"comment_status":"open","ping_status":"closed","template":"","meta":{"_trash_the_other_posts":false},"product_brand":[],"product_cat":[706,968],"product_tag":[],"berocket_brand":[1047],"class_list":{"0":"post-134834","1":"product","2":"type-product","3":"status-publish","4":"has-post-thumbnail","6":"product_cat-naisten-eau-de-parfum","7":"product_cat-oscar-de-la-renta-bella-blanca","8":"pa_brand-oscar-de-la-renta","9":"berocket_brand-oscar-de-la-renta","11":"first","12":"instock","13":"sale","14":"taxable","15":"shipping-taxable","16":"purchasable","17":"product-type-simple"},"_links":{"self":[{"href":"https:\/\/stylingagenten.com\/fi\/wp-json\/wp\/v2\/product\/134834","targetHints":{"allow":["GET"]}}],"collection":[{"href":"https:\/\/stylingagenten.com\/fi\/wp-json\/wp\/v2\/product"}],"about":[{"href":"https:\/\/stylingagenten.com\/fi\/wp-json\/wp\/v2\/types\/product"}],"replies":[{"embeddable":true,"href":"https:\/\/stylingagenten.com\/fi\/wp-json\/wp\/v2\/comments?post=134834"}],"version-history":[{"count":0,"href":"https:\/\/stylingagenten.com\/fi\/wp-json\/wp\/v2\/product\/134834\/revisions"}],"wp:featuredmedia":[{"embeddable":true,"href":"https:\/\/stylingagenten.com\/fi\/wp-json\/wp\/v2\/media\/134830"}],"wp:attachment":[{"href":"https:\/\/stylingagenten.com\/fi\/wp-json\/wp\/v2\/media?parent=134834"}],"wp:term":[{"taxonomy":"product_brand","embeddable":true,"href":"https:\/\/stylingagenten.com\/fi\/wp-json\/wp\/v2\/product_brand?post=134834"},{"taxonomy":"product_cat","embeddable":true,"href":"https:\/\/stylingagenten.com\/fi\/wp-json\/wp\/v2\/product_cat?post=134834"},{"taxonomy":"product_tag","embeddable":true,"href":"https:\/\/stylingagenten.com\/fi\/wp-json\/wp\/v2\/product_tag?post=134834"},{"taxonomy":"berocket_brand","embeddable":true,"href":"https:\/\/stylingagenten.com\/fi\/wp-json\/wp\/v2\/berocket_brand?post=134834"}],"curies":[{"name":"wp","href":"https:\/\/api.w.org\/{rel}","templated":true}]}}