{"id":134821,"date":"2025-05-18T22:42:29","date_gmt":"2025-05-18T22:42:29","guid":{"rendered":"https:\/\/staging2.stylingagenten.com\/fi\/produkt\/zadig-voltaire-girls-can-say-anything-edp-30ml\/"},"modified":"2025-11-19T11:55:42","modified_gmt":"2025-11-19T11:55:42","slug":"zadig-voltaire-girls-can-say-anything-edp-30ml","status":"publish","type":"product","link":"https:\/\/stylingagenten.com\/fi\/tuote\/zadig-voltaire-girls-can-say-anything-edp-30ml\/","title":{"rendered":"Zadig Voltaire Girls Can Say Anything Edp 30ml"},"content":{"rendered":"<p><strong>Tyt\u00f6t voivat sanoa mit\u00e4 tahansa<\/strong> kirjoittaja Zadig &amp; Voltaire on Amber Fougere -tuoksu naisille.<\/p>\n<p>Yl\u00e4tuoksu: Iris ja pioni<br \/>Syd\u00e4ntuoksu: Tonkapapu<br \/>Pohjatuoksu: Vanilja, saniainen, myski ja ambra<\/ p><\/p>\n","protected":false},"excerpt":{"rendered":"<p>Tyt\u00f6t voivat sanoa mit\u00e4 tahansa kirjoittaja Zadig &amp; Voltaire on Amber Fougere -tuoksu naisille. Yl\u00e4tuoksu: Iris ja pioniSyd\u00e4ntuoksu: TonkapapuPohjatuoksu: Vanilja, saniainen, myski ja ambra<\/p>\n","protected":false},"featured_media":134820,"comment_status":"open","ping_status":"closed","template":"","meta":{"_trash_the_other_posts":false},"product_brand":[],"product_cat":[706],"product_tag":[],"berocket_brand":[1153],"class_list":{"0":"post-134821","1":"product","2":"type-product","3":"status-publish","4":"has-post-thumbnail","6":"product_cat-naisten-eau-de-parfum","7":"pa_brand-zadig-voltaire","8":"berocket_brand-zadig-voltaire","10":"first","11":"outofstock","12":"sale","13":"taxable","14":"shipping-taxable","15":"purchasable","16":"product-type-simple"},"_links":{"self":[{"href":"https:\/\/stylingagenten.com\/fi\/wp-json\/wp\/v2\/product\/134821","targetHints":{"allow":["GET"]}}],"collection":[{"href":"https:\/\/stylingagenten.com\/fi\/wp-json\/wp\/v2\/product"}],"about":[{"href":"https:\/\/stylingagenten.com\/fi\/wp-json\/wp\/v2\/types\/product"}],"replies":[{"embeddable":true,"href":"https:\/\/stylingagenten.com\/fi\/wp-json\/wp\/v2\/comments?post=134821"}],"version-history":[{"count":0,"href":"https:\/\/stylingagenten.com\/fi\/wp-json\/wp\/v2\/product\/134821\/revisions"}],"wp:featuredmedia":[{"embeddable":true,"href":"https:\/\/stylingagenten.com\/fi\/wp-json\/wp\/v2\/media\/134820"}],"wp:attachment":[{"href":"https:\/\/stylingagenten.com\/fi\/wp-json\/wp\/v2\/media?parent=134821"}],"wp:term":[{"taxonomy":"product_brand","embeddable":true,"href":"https:\/\/stylingagenten.com\/fi\/wp-json\/wp\/v2\/product_brand?post=134821"},{"taxonomy":"product_cat","embeddable":true,"href":"https:\/\/stylingagenten.com\/fi\/wp-json\/wp\/v2\/product_cat?post=134821"},{"taxonomy":"product_tag","embeddable":true,"href":"https:\/\/stylingagenten.com\/fi\/wp-json\/wp\/v2\/product_tag?post=134821"},{"taxonomy":"berocket_brand","embeddable":true,"href":"https:\/\/stylingagenten.com\/fi\/wp-json\/wp\/v2\/berocket_brand?post=134821"}],"curies":[{"name":"wp","href":"https:\/\/api.w.org\/{rel}","templated":true}]}}