{"id":134789,"date":"2025-05-18T22:42:13","date_gmt":"2025-05-18T22:42:13","guid":{"rendered":"https:\/\/staging2.stylingagenten.com\/fi\/produkt\/lolita-lempicka-mon-premier-parfum-edp-15ml\/"},"modified":"2025-11-19T11:58:50","modified_gmt":"2025-11-19T11:58:50","slug":"lolita-lempicka-mon-premier-parfum-edp-15ml","status":"publish","type":"product","link":"https:\/\/stylingagenten.com\/fi\/tuote\/lolita-lempicka-mon-premier-parfum-edp-15ml\/","title":{"rendered":"Lolita Lempicka Mon Premier Parfum Edp 15ml"},"content":{"rendered":"<p style='margin-top:0cm;margin-right:0cm;margin-bottom:8.0pt;margin-left:0cm;font-size:15px;font-family:\"Calibri\",sans-serif'> Lolita Lempicka mon premier parfum Edp on gourmand-tuoksu, joka perustuu lakritsiin. Herkk\u00e4 tuoksu, joka luo himon ja halun. Tuoksu alkaa violetilla ja iiriksell\u00e4 ja muuttuu sitten anikseksi. ja tonkab&ouml;na. Lopuksi Lolita Lempickan pohjatuoksussa on vaniljaa ja myski\u00e4. T\u00e4ss\u00e4 versiossa on \u00e4skett\u00e4in suunniteltu pullo, joka julkaistiin 20-vuotisjuhlan kunniaksi vuonna 2017.<\/p>\n<p style='margin: 0cm 0cm 8pt;font-family: \"Calibri\", sans-serif'>Yl\u00e4tuoksu: Stj&auml;rnanis, violetti, Murgr&ouml;na.<br \/>Syd\u00e4ntuoksu: Cur&ouml;rsb&auml;r, Irisjuuri, lakritsi, Amaryllis, Iris.<br \/> Pohjatuoksu: tonkapapu, vetiveria\u00f6ljy, valkoinen myski, konvehdit, vanilja.<\/p>\n","protected":false},"excerpt":{"rendered":"<p>Lolita Lempicka mon premier parfum Edp on gourmand-tuoksu, joka perustuu lakritsiin. Herkk\u00e4 tuoksu, joka luo himon ja halun. Tuoksu alkaa violetilla ja iiriksell\u00e4 ja muuttuu sitten anikseksi. ja tonkab&ouml;na. Lopuksi Lolita Lempickan pohjatuoksussa on vaniljaa ja myski\u00e4. T\u00e4ss\u00e4 versiossa on \u00e4skett\u00e4in suunniteltu pullo, joka julkaistiin 20-vuotisjuhlan kunniaksi vuonna 2017. Yl\u00e4tuoksu: Stj&auml;rnanis, violetti, Murgr&ouml;na.Syd\u00e4ntuoksu: Cur&ouml;rsb&auml;r, Irisjuuri, [&hellip;]<\/p>\n","protected":false},"featured_media":134788,"comment_status":"open","ping_status":"closed","template":"","meta":{"_trash_the_other_posts":false},"product_brand":[],"product_cat":[952,706],"product_tag":[3227],"berocket_brand":[1177],"class_list":{"0":"post-134789","1":"product","2":"type-product","3":"status-publish","4":"has-post-thumbnail","6":"product_cat-lolita-lempicka-mon-premier","7":"product_cat-naisten-eau-de-parfum","8":"product_tag-lolita-lempicka-mon-premier-parfum-edp","9":"pa_brand-lolita-lempicka","10":"pa_variantti-15ml","11":"berocket_brand-lolita-lempicka","13":"first","14":"outofstock","15":"sale","16":"taxable","17":"shipping-taxable","18":"purchasable","19":"product-type-simple"},"_links":{"self":[{"href":"https:\/\/stylingagenten.com\/fi\/wp-json\/wp\/v2\/product\/134789","targetHints":{"allow":["GET"]}}],"collection":[{"href":"https:\/\/stylingagenten.com\/fi\/wp-json\/wp\/v2\/product"}],"about":[{"href":"https:\/\/stylingagenten.com\/fi\/wp-json\/wp\/v2\/types\/product"}],"replies":[{"embeddable":true,"href":"https:\/\/stylingagenten.com\/fi\/wp-json\/wp\/v2\/comments?post=134789"}],"version-history":[{"count":0,"href":"https:\/\/stylingagenten.com\/fi\/wp-json\/wp\/v2\/product\/134789\/revisions"}],"wp:featuredmedia":[{"embeddable":true,"href":"https:\/\/stylingagenten.com\/fi\/wp-json\/wp\/v2\/media\/134788"}],"wp:attachment":[{"href":"https:\/\/stylingagenten.com\/fi\/wp-json\/wp\/v2\/media?parent=134789"}],"wp:term":[{"taxonomy":"product_brand","embeddable":true,"href":"https:\/\/stylingagenten.com\/fi\/wp-json\/wp\/v2\/product_brand?post=134789"},{"taxonomy":"product_cat","embeddable":true,"href":"https:\/\/stylingagenten.com\/fi\/wp-json\/wp\/v2\/product_cat?post=134789"},{"taxonomy":"product_tag","embeddable":true,"href":"https:\/\/stylingagenten.com\/fi\/wp-json\/wp\/v2\/product_tag?post=134789"},{"taxonomy":"berocket_brand","embeddable":true,"href":"https:\/\/stylingagenten.com\/fi\/wp-json\/wp\/v2\/berocket_brand?post=134789"}],"curies":[{"name":"wp","href":"https:\/\/api.w.org\/{rel}","templated":true}]}}