{"id":134784,"date":"2025-05-18T22:42:12","date_gmt":"2025-05-18T22:42:12","guid":{"rendered":"https:\/\/staging2.stylingagenten.com\/fi\/produkt\/anna-sui-fantasia-mermaid-edt-50ml\/"},"modified":"2025-11-19T11:59:46","modified_gmt":"2025-11-19T11:59:46","slug":"anna-sui-fantasia-mermaid-edt-50ml","status":"publish","type":"product","link":"https:\/\/stylingagenten.com\/fi\/tuote\/anna-sui-fantasia-mermaid-edt-50ml\/","title":{"rendered":"Anna Sui Fantasia Mermaid Edt 50ml"},"content":{"rendered":"<p>Anna Sui Fantasia Mermaid on lumoava ja aistillinen tuoksu, joka v\u00e4litt\u00e4\u00e4 naisellisuutta ja fantasiaa surrealistisella silkkisell\u00e4 tunteella. Fantasia Mermaidin vesikukkaset tuoksut her\u00e4tt\u00e4v\u00e4t mysteeri\u00e4, lumoa ja seikkailua.<\/p>\n<p>Yl\u00e4tuoksu: veriappelsiini, mandariini, kardemumma<br \/>Syd\u00e4ntuoksu: Jasmiini, Litsikukka<br \/>Pohjatuoksu: vaalea puu; , vanilja, Kulta, Tonk&ouml;nor<\/p>\n","protected":false},"excerpt":{"rendered":"<p>Anna Sui Fantasia Mermaid on lumoava ja aistillinen tuoksu, joka v\u00e4litt\u00e4\u00e4 naisellisuutta ja fantasiaa surrealistisella silkkisell\u00e4 tunteella. Fantasia Mermaidin vesikukkaset tuoksut her\u00e4tt\u00e4v\u00e4t mysteeri\u00e4, lumoa ja seikkailua. Yl\u00e4tuoksu: veriappelsiini, mandariini, kardemummaSyd\u00e4ntuoksu: Jasmiini, LitsikukkaPohjatuoksu: vaalea puu; , vanilja, Kulta, Tonk&ouml;nor<\/p>\n","protected":false},"featured_media":134782,"comment_status":"open","ping_status":"closed","template":"","meta":{"_trash_the_other_posts":false},"product_brand":[],"product_cat":[707],"product_tag":[2372],"berocket_brand":[1247],"class_list":{"0":"post-134784","1":"product","2":"type-product","3":"status-publish","4":"has-post-thumbnail","6":"product_cat-naisten-eau-de-toilette","7":"product_tag-anna-sui-fantasia-mermaid-edt","8":"pa_brand-anna-sui","9":"pa_variantti-50ml","10":"berocket_brand-anna-sui","12":"first","13":"outofstock","14":"sale","15":"taxable","16":"shipping-taxable","17":"purchasable","18":"product-type-simple"},"_links":{"self":[{"href":"https:\/\/stylingagenten.com\/fi\/wp-json\/wp\/v2\/product\/134784","targetHints":{"allow":["GET"]}}],"collection":[{"href":"https:\/\/stylingagenten.com\/fi\/wp-json\/wp\/v2\/product"}],"about":[{"href":"https:\/\/stylingagenten.com\/fi\/wp-json\/wp\/v2\/types\/product"}],"replies":[{"embeddable":true,"href":"https:\/\/stylingagenten.com\/fi\/wp-json\/wp\/v2\/comments?post=134784"}],"version-history":[{"count":0,"href":"https:\/\/stylingagenten.com\/fi\/wp-json\/wp\/v2\/product\/134784\/revisions"}],"wp:featuredmedia":[{"embeddable":true,"href":"https:\/\/stylingagenten.com\/fi\/wp-json\/wp\/v2\/media\/134782"}],"wp:attachment":[{"href":"https:\/\/stylingagenten.com\/fi\/wp-json\/wp\/v2\/media?parent=134784"}],"wp:term":[{"taxonomy":"product_brand","embeddable":true,"href":"https:\/\/stylingagenten.com\/fi\/wp-json\/wp\/v2\/product_brand?post=134784"},{"taxonomy":"product_cat","embeddable":true,"href":"https:\/\/stylingagenten.com\/fi\/wp-json\/wp\/v2\/product_cat?post=134784"},{"taxonomy":"product_tag","embeddable":true,"href":"https:\/\/stylingagenten.com\/fi\/wp-json\/wp\/v2\/product_tag?post=134784"},{"taxonomy":"berocket_brand","embeddable":true,"href":"https:\/\/stylingagenten.com\/fi\/wp-json\/wp\/v2\/berocket_brand?post=134784"}],"curies":[{"name":"wp","href":"https:\/\/api.w.org\/{rel}","templated":true}]}}