{"id":134738,"date":"2025-05-18T22:41:51","date_gmt":"2025-05-18T22:41:51","guid":{"rendered":"https:\/\/staging2.stylingagenten.com\/fi\/produkt\/guy-laroche-fidji-edp-50ml\/"},"modified":"2026-03-25T14:28:11","modified_gmt":"2026-03-25T14:28:11","slug":"guy-laroche-fidji-edp-50ml","status":"publish","type":"product","link":"https:\/\/stylingagenten.com\/fi\/tuote\/guy-laroche-fidji-edp-50ml\/","title":{"rendered":"Guy Laroche Fidji Edp 50ml"},"content":{"rendered":"<p>Guy Larochen Fidji lanseerattiin vuonna 1966. Aurinkoisten Fid\u017ein saarten inspiroima tuoksu on tullut uskomattoman suosituksi.<br \/>T\u00e4m\u00e4 on raikas, kukkainen ja puumainen tuoksu naisille.<br \/>Se sis\u00e4lt\u00e4\u00e4 galbanumia, hyasintia, sitruuna, bergamotti, ruusu, jasmiini, orvokki, ylang-ylang, neilikka, myski, patsuli, sandaali, meripihka, vetiveria\u00f6ljy, sammal.&nbsp;<\/p>\n","protected":false},"excerpt":{"rendered":"<p>Guy Larochen Fidji lanseerattiin vuonna 1966. Aurinkoisten Fid\u017ein saarten inspiroima tuoksu on tullut uskomattoman suosituksi.T\u00e4m\u00e4 on raikas, kukkainen ja puumainen tuoksu naisille.Se sis\u00e4lt\u00e4\u00e4 galbanumia, hyasintia, sitruuna, bergamotti, ruusu, jasmiini, orvokki, ylang-ylang, neilikka, myski, patsuli, sandaali, meripihka, vetiveria\u00f6ljy, sammal.&nbsp;<\/p>\n","protected":false},"featured_media":134736,"comment_status":"open","ping_status":"closed","template":"","meta":{"_trash_the_other_posts":false},"product_brand":[],"product_cat":[999,706,735],"product_tag":[],"berocket_brand":[1332],"class_list":{"0":"post-134738","1":"product","2":"type-product","3":"status-publish","4":"has-post-thumbnail","6":"product_cat-kampanjatarjous-naiselle","7":"product_cat-naisten-eau-de-parfum","8":"product_cat-kampanjamme","9":"pa_brand-guy-laroche","10":"berocket_brand-guy-laroche","12":"first","13":"instock","14":"sale","15":"taxable","16":"shipping-taxable","17":"purchasable","18":"product-type-simple"},"_links":{"self":[{"href":"https:\/\/stylingagenten.com\/fi\/wp-json\/wp\/v2\/product\/134738","targetHints":{"allow":["GET"]}}],"collection":[{"href":"https:\/\/stylingagenten.com\/fi\/wp-json\/wp\/v2\/product"}],"about":[{"href":"https:\/\/stylingagenten.com\/fi\/wp-json\/wp\/v2\/types\/product"}],"replies":[{"embeddable":true,"href":"https:\/\/stylingagenten.com\/fi\/wp-json\/wp\/v2\/comments?post=134738"}],"version-history":[{"count":0,"href":"https:\/\/stylingagenten.com\/fi\/wp-json\/wp\/v2\/product\/134738\/revisions"}],"wp:featuredmedia":[{"embeddable":true,"href":"https:\/\/stylingagenten.com\/fi\/wp-json\/wp\/v2\/media\/134736"}],"wp:attachment":[{"href":"https:\/\/stylingagenten.com\/fi\/wp-json\/wp\/v2\/media?parent=134738"}],"wp:term":[{"taxonomy":"product_brand","embeddable":true,"href":"https:\/\/stylingagenten.com\/fi\/wp-json\/wp\/v2\/product_brand?post=134738"},{"taxonomy":"product_cat","embeddable":true,"href":"https:\/\/stylingagenten.com\/fi\/wp-json\/wp\/v2\/product_cat?post=134738"},{"taxonomy":"product_tag","embeddable":true,"href":"https:\/\/stylingagenten.com\/fi\/wp-json\/wp\/v2\/product_tag?post=134738"},{"taxonomy":"berocket_brand","embeddable":true,"href":"https:\/\/stylingagenten.com\/fi\/wp-json\/wp\/v2\/berocket_brand?post=134738"}],"curies":[{"name":"wp","href":"https:\/\/api.w.org\/{rel}","templated":true}]}}