{"id":134710,"date":"2025-05-18T22:41:39","date_gmt":"2025-05-18T22:41:39","guid":{"rendered":"https:\/\/staging2.stylingagenten.com\/fi\/produkt\/juicy-couture-viva-la-juicy-neon-edp-50ml\/"},"modified":"2026-04-08T13:45:18","modified_gmt":"2026-04-08T13:45:18","slug":"juicy-couture-viva-la-juicy-neon-edp-50ml","status":"publish","type":"product","link":"https:\/\/stylingagenten.com\/fi\/tuote\/juicy-couture-viva-la-juicy-neon-edp-50ml\/","title":{"rendered":"Juicy Couture Viva La Juicy Neon Edp 50ml"},"content":{"rendered":"<p>Viva La Juicy NEON s\u00e4teilee ylellisyytt\u00e4, aistillisuutta ja ekstraglamia!<\/p>\n<p>Yl\u00e4tuoksu: greippi, sitruuna, vadelma<br \/>Syd\u00e4ntuoksu: appelsiininkukka, gardenia, jasmiini<br \/>Pohjatuoksu: myski, tonka, tr&auml;<\/p>\n","protected":false},"excerpt":{"rendered":"<p>Viva La Juicy NEON s\u00e4teilee ylellisyytt\u00e4, aistillisuutta ja ekstraglamia! Yl\u00e4tuoksu: greippi, sitruuna, vadelmaSyd\u00e4ntuoksu: appelsiininkukka, gardenia, jasmiiniPohjatuoksu: myski, tonka, tr&auml;<\/p>\n","protected":false},"featured_media":134707,"comment_status":"open","ping_status":"closed","template":"","meta":{"_trash_the_other_posts":false},"product_brand":[],"product_cat":[918,706],"product_tag":[3091],"berocket_brand":[1067],"class_list":{"0":"post-134710","1":"product","2":"type-product","3":"status-publish","4":"has-post-thumbnail","6":"product_cat-juicy-couture-viva-la-juicy","7":"product_cat-naisten-eau-de-parfum","8":"product_tag-juicy-couture-viva-la-juicy-neon-edp","9":"pa_brand-juicy-couture","10":"pa_variantti-50ml","11":"berocket_brand-juicy-couture","13":"first","14":"instock","15":"sale","16":"taxable","17":"shipping-taxable","18":"purchasable","19":"product-type-simple"},"_links":{"self":[{"href":"https:\/\/stylingagenten.com\/fi\/wp-json\/wp\/v2\/product\/134710","targetHints":{"allow":["GET"]}}],"collection":[{"href":"https:\/\/stylingagenten.com\/fi\/wp-json\/wp\/v2\/product"}],"about":[{"href":"https:\/\/stylingagenten.com\/fi\/wp-json\/wp\/v2\/types\/product"}],"replies":[{"embeddable":true,"href":"https:\/\/stylingagenten.com\/fi\/wp-json\/wp\/v2\/comments?post=134710"}],"version-history":[{"count":0,"href":"https:\/\/stylingagenten.com\/fi\/wp-json\/wp\/v2\/product\/134710\/revisions"}],"wp:featuredmedia":[{"embeddable":true,"href":"https:\/\/stylingagenten.com\/fi\/wp-json\/wp\/v2\/media\/134707"}],"wp:attachment":[{"href":"https:\/\/stylingagenten.com\/fi\/wp-json\/wp\/v2\/media?parent=134710"}],"wp:term":[{"taxonomy":"product_brand","embeddable":true,"href":"https:\/\/stylingagenten.com\/fi\/wp-json\/wp\/v2\/product_brand?post=134710"},{"taxonomy":"product_cat","embeddable":true,"href":"https:\/\/stylingagenten.com\/fi\/wp-json\/wp\/v2\/product_cat?post=134710"},{"taxonomy":"product_tag","embeddable":true,"href":"https:\/\/stylingagenten.com\/fi\/wp-json\/wp\/v2\/product_tag?post=134710"},{"taxonomy":"berocket_brand","embeddable":true,"href":"https:\/\/stylingagenten.com\/fi\/wp-json\/wp\/v2\/berocket_brand?post=134710"}],"curies":[{"name":"wp","href":"https:\/\/api.w.org\/{rel}","templated":true}]}}