{"id":134706,"date":"2025-05-18T22:41:37","date_gmt":"2025-05-18T22:41:37","guid":{"rendered":"https:\/\/staging2.stylingagenten.com\/fi\/produkt\/cacharel-noa-edt-50ml\/"},"modified":"2026-03-26T10:58:56","modified_gmt":"2026-03-26T10:58:56","slug":"cacharel-noa-edt-50ml","status":"publish","type":"product","link":"https:\/\/stylingagenten.com\/fi\/tuote\/cacharel-noa-edt-50ml\/","title":{"rendered":"Cacharel Noa Edt 50ml"},"content":{"rendered":"<p>Cacharel Noa Eau de Toilette on vuonna 1998 lanseerattu raikas, romanttinen ja puhdas tuoksu naisille. Sensuelli koostumus kukista, hienoista mausteista, samettisista hedelm\u00e4aromeista ja energisoivista kahvipavuista. Yl\u00e4osassa on puuterimaisia \u200b\u200btuoksuja freesiasta, ruususta, persikasta ja pionista, jotka yhdist\u00e4v\u00e4t syd\u00e4men ylang-ylang-kimpun. Pohja on puumainen ja sis\u00e4lt\u00e4\u00e4 kahvia ja suitsukkeita<\/p>\n","protected":false},"excerpt":{"rendered":"<p>Cacharel Noa Eau de Toilette on vuonna 1998 lanseerattu raikas, romanttinen ja puhdas tuoksu naisille. Sensuelli koostumus kukista, hienoista mausteista, samettisista hedelm\u00e4aromeista ja energisoivista kahvipavuista. Yl\u00e4osassa on puuterimaisia \u200b\u200btuoksuja freesiasta, ruususta, persikasta ja pionista, jotka yhdist\u00e4v\u00e4t syd\u00e4men ylang-ylang-kimpun. Pohja on puumainen ja sis\u00e4lt\u00e4\u00e4 kahvia ja suitsukkeita<\/p>\n","protected":false},"featured_media":134702,"comment_status":"open","ping_status":"closed","template":"","meta":{"_trash_the_other_posts":false},"product_brand":[],"product_cat":[999,707,735],"product_tag":[2627],"berocket_brand":[1098],"class_list":{"0":"post-134706","1":"product","2":"type-product","3":"status-publish","4":"has-post-thumbnail","6":"product_cat-kampanjatarjous-naiselle","7":"product_cat-naisten-eau-de-toilette","8":"product_cat-kampanjamme","9":"product_tag-cacharel-noa-edt","10":"pa_brand-cacharel","11":"pa_variantti-50ml","12":"berocket_brand-cacharel","14":"first","15":"instock","16":"sale","17":"taxable","18":"shipping-taxable","19":"purchasable","20":"product-type-simple"},"_links":{"self":[{"href":"https:\/\/stylingagenten.com\/fi\/wp-json\/wp\/v2\/product\/134706","targetHints":{"allow":["GET"]}}],"collection":[{"href":"https:\/\/stylingagenten.com\/fi\/wp-json\/wp\/v2\/product"}],"about":[{"href":"https:\/\/stylingagenten.com\/fi\/wp-json\/wp\/v2\/types\/product"}],"replies":[{"embeddable":true,"href":"https:\/\/stylingagenten.com\/fi\/wp-json\/wp\/v2\/comments?post=134706"}],"version-history":[{"count":0,"href":"https:\/\/stylingagenten.com\/fi\/wp-json\/wp\/v2\/product\/134706\/revisions"}],"wp:featuredmedia":[{"embeddable":true,"href":"https:\/\/stylingagenten.com\/fi\/wp-json\/wp\/v2\/media\/134702"}],"wp:attachment":[{"href":"https:\/\/stylingagenten.com\/fi\/wp-json\/wp\/v2\/media?parent=134706"}],"wp:term":[{"taxonomy":"product_brand","embeddable":true,"href":"https:\/\/stylingagenten.com\/fi\/wp-json\/wp\/v2\/product_brand?post=134706"},{"taxonomy":"product_cat","embeddable":true,"href":"https:\/\/stylingagenten.com\/fi\/wp-json\/wp\/v2\/product_cat?post=134706"},{"taxonomy":"product_tag","embeddable":true,"href":"https:\/\/stylingagenten.com\/fi\/wp-json\/wp\/v2\/product_tag?post=134706"},{"taxonomy":"berocket_brand","embeddable":true,"href":"https:\/\/stylingagenten.com\/fi\/wp-json\/wp\/v2\/berocket_brand?post=134706"}],"curies":[{"name":"wp","href":"https:\/\/api.w.org\/{rel}","templated":true}]}}