{"id":134667,"date":"2025-05-18T22:41:13","date_gmt":"2025-05-18T22:41:13","guid":{"rendered":"https:\/\/staging2.stylingagenten.com\/fi\/produkt\/shiseido-zen-edp-100ml\/"},"modified":"2026-03-20T23:27:28","modified_gmt":"2026-03-20T23:27:28","slug":"shiseido-zen-edp-100ml","status":"publish","type":"product","link":"https:\/\/stylingagenten.com\/fi\/tuote\/shiseido-zen-edp-100ml\/","title":{"rendered":"Shiseido Zen Edp 100ml"},"content":{"rendered":"<p>Shiseido Zen on hajuvesi, jossa on naisellinen sitrushedelmien ja ruusujen tuoksu. T\u00e4m\u00e4 hajuvesi k\u00e4ynnist\u00e4\u00e4 loputtomien mahdollisuuksien ilon.<\/p>\n<p><strong>Tuoksutuoksu:<\/strong> sitrushedelm\u00e4t, ananas, ruusu, omena, kielo, hyasintti, meripihka, patsuli ja myski.<\/p>\n","protected":false},"excerpt":{"rendered":"<p>Shiseido Zen on hajuvesi, jossa on naisellinen sitrushedelmien ja ruusujen tuoksu. T\u00e4m\u00e4 hajuvesi k\u00e4ynnist\u00e4\u00e4 loputtomien mahdollisuuksien ilon. Tuoksutuoksu: sitrushedelm\u00e4t, ananas, ruusu, omena, kielo, hyasintti, meripihka, patsuli ja myski.<\/p>\n","protected":false},"featured_media":429859,"comment_status":"open","ping_status":"closed","template":"","meta":{"_trash_the_other_posts":false},"product_brand":[],"product_cat":[1003,706],"product_tag":[4000],"berocket_brand":[1193],"class_list":{"0":"post-134667","1":"product","2":"type-product","3":"status-publish","4":"has-post-thumbnail","6":"product_cat-myydyimmat","7":"product_cat-naisten-eau-de-parfum","8":"product_tag-shiseido-zen-edp","9":"pa_brand-shiseido","10":"pa_variantti-100ml","11":"berocket_brand-shiseido","13":"first","14":"outofstock","15":"sale","16":"taxable","17":"shipping-taxable","18":"purchasable","19":"product-type-simple"},"_links":{"self":[{"href":"https:\/\/stylingagenten.com\/fi\/wp-json\/wp\/v2\/product\/134667","targetHints":{"allow":["GET"]}}],"collection":[{"href":"https:\/\/stylingagenten.com\/fi\/wp-json\/wp\/v2\/product"}],"about":[{"href":"https:\/\/stylingagenten.com\/fi\/wp-json\/wp\/v2\/types\/product"}],"replies":[{"embeddable":true,"href":"https:\/\/stylingagenten.com\/fi\/wp-json\/wp\/v2\/comments?post=134667"}],"version-history":[{"count":0,"href":"https:\/\/stylingagenten.com\/fi\/wp-json\/wp\/v2\/product\/134667\/revisions"}],"wp:featuredmedia":[{"embeddable":true,"href":"https:\/\/stylingagenten.com\/fi\/wp-json\/wp\/v2\/media\/429859"}],"wp:attachment":[{"href":"https:\/\/stylingagenten.com\/fi\/wp-json\/wp\/v2\/media?parent=134667"}],"wp:term":[{"taxonomy":"product_brand","embeddable":true,"href":"https:\/\/stylingagenten.com\/fi\/wp-json\/wp\/v2\/product_brand?post=134667"},{"taxonomy":"product_cat","embeddable":true,"href":"https:\/\/stylingagenten.com\/fi\/wp-json\/wp\/v2\/product_cat?post=134667"},{"taxonomy":"product_tag","embeddable":true,"href":"https:\/\/stylingagenten.com\/fi\/wp-json\/wp\/v2\/product_tag?post=134667"},{"taxonomy":"berocket_brand","embeddable":true,"href":"https:\/\/stylingagenten.com\/fi\/wp-json\/wp\/v2\/berocket_brand?post=134667"}],"curies":[{"name":"wp","href":"https:\/\/api.w.org\/{rel}","templated":true}]}}