{"id":134618,"date":"2025-05-18T22:40:41","date_gmt":"2025-05-18T22:40:41","guid":{"rendered":"https:\/\/staging2.stylingagenten.com\/fi\/produkt\/calvin-klein-eternity-for-women-edp-100ml\/"},"modified":"2026-04-12T08:38:36","modified_gmt":"2026-04-12T08:38:36","slug":"calvin-klein-eternity-for-women-edp-100ml","status":"publish","type":"product","link":"https:\/\/stylingagenten.com\/fi\/tuote\/calvin-klein-eternity-for-women-edp-100ml\/","title":{"rendered":"Calvin Klein Eternity For Women Edp 100ml"},"content":{"rendered":"<p>Calvin Klein Eternity on ajaton raikas tuoksu, joka on saanut inspiraationsa ikuisesta rakkaudesta ja romantiikasta. Hajuvesi luotiin kunnioittamaan Calvin Kleinin omia h\u00e4it\u00e4.<\/p>\n<p><strong>Tuoksutuoksu:<\/strong> mandariini, freesia, kielo, salvia, narsissit, keh\u00e4kukka, valkoinen lilja, jasmiini, ruusut , patchouli, santelipuu, myski ja meripihka.<\/p>\n","protected":false},"excerpt":{"rendered":"<p>Calvin Klein Eternity on ajaton raikas tuoksu, joka on saanut inspiraationsa ikuisesta rakkaudesta ja romantiikasta. Hajuvesi luotiin kunnioittamaan Calvin Kleinin omia h\u00e4it\u00e4. Tuoksutuoksu: mandariini, freesia, kielo, salvia, narsissit, keh\u00e4kukka, valkoinen lilja, jasmiini, ruusut , patchouli, santelipuu, myski ja meripihka.<\/p>\n","protected":false},"featured_media":134616,"comment_status":"open","ping_status":"closed","template":"","meta":{"_trash_the_other_posts":false},"product_brand":[],"product_cat":[794,1006,999,1003,706,735],"product_tag":[2652],"berocket_brand":[1014],"class_list":{"0":"post-134618","1":"product","2":"type-product","3":"status-publish","4":"has-post-thumbnail","6":"product_cat-calvin-klein-eternity-for-women","7":"product_cat-kampanjahinta","8":"product_cat-kampanjatarjous-naiselle","9":"product_cat-myydyimmat","10":"product_cat-naisten-eau-de-parfum","11":"product_cat-kampanjamme","12":"product_tag-calvin-klein-eternity-for-women-edp","13":"pa_brand-calvin-klein","14":"pa_variantti-100ml","15":"berocket_brand-calvin-klein","17":"first","18":"outofstock","19":"sale","20":"taxable","21":"shipping-taxable","22":"purchasable","23":"product-type-simple"},"_links":{"self":[{"href":"https:\/\/stylingagenten.com\/fi\/wp-json\/wp\/v2\/product\/134618","targetHints":{"allow":["GET"]}}],"collection":[{"href":"https:\/\/stylingagenten.com\/fi\/wp-json\/wp\/v2\/product"}],"about":[{"href":"https:\/\/stylingagenten.com\/fi\/wp-json\/wp\/v2\/types\/product"}],"replies":[{"embeddable":true,"href":"https:\/\/stylingagenten.com\/fi\/wp-json\/wp\/v2\/comments?post=134618"}],"version-history":[{"count":0,"href":"https:\/\/stylingagenten.com\/fi\/wp-json\/wp\/v2\/product\/134618\/revisions"}],"wp:featuredmedia":[{"embeddable":true,"href":"https:\/\/stylingagenten.com\/fi\/wp-json\/wp\/v2\/media\/134616"}],"wp:attachment":[{"href":"https:\/\/stylingagenten.com\/fi\/wp-json\/wp\/v2\/media?parent=134618"}],"wp:term":[{"taxonomy":"product_brand","embeddable":true,"href":"https:\/\/stylingagenten.com\/fi\/wp-json\/wp\/v2\/product_brand?post=134618"},{"taxonomy":"product_cat","embeddable":true,"href":"https:\/\/stylingagenten.com\/fi\/wp-json\/wp\/v2\/product_cat?post=134618"},{"taxonomy":"product_tag","embeddable":true,"href":"https:\/\/stylingagenten.com\/fi\/wp-json\/wp\/v2\/product_tag?post=134618"},{"taxonomy":"berocket_brand","embeddable":true,"href":"https:\/\/stylingagenten.com\/fi\/wp-json\/wp\/v2\/berocket_brand?post=134618"}],"curies":[{"name":"wp","href":"https:\/\/api.w.org\/{rel}","templated":true}]}}