{"id":134607,"date":"2025-05-18T22:40:34","date_gmt":"2025-05-18T22:40:34","guid":{"rendered":"https:\/\/staging2.stylingagenten.com\/fi\/produkt\/clean-classic-flower-fresh-edp-60ml\/"},"modified":"2026-03-25T14:28:48","modified_gmt":"2026-03-25T14:28:48","slug":"clean-classic-flower-fresh-edp-60ml","status":"publish","type":"product","link":"https:\/\/stylingagenten.com\/fi\/tuote\/clean-classic-flower-fresh-edp-60ml\/","title":{"rendered":"Clean Classic Flower Fresh Edp 60ml"},"content":{"rendered":"<p>CLEAN Flower Fresh &auml; on tuoksu, joka on saanut inspiraationsa auringosta kylpemisest\u00e4 tuulessa tanssivien luonnonvaraisten kukkien ymp\u00e4r\u00f6im\u00e4n\u00e4. Hajuvesi her\u00e4tt\u00e4\u00e4 iloa, joka muistuttaa aurinkoista tuulta yhdistettyn\u00e4 h\u00f6yhenen pehmeyteen, joka on saanut vaikutteita herkist\u00e4 kukista.<\/p>\n<p>Alkutuoksu: Bergamotti, Sitruunankuori, Fresh Air Accord<br \/>Syd\u00e4n; Alkutuoksu: N&auml;nekroosi, Gardenia, Jasmiini<br \/>Pohjatuoksu: ambra, myski, ka\u0161mirpuu&auml;<\/p>\n<p><\/p>\n","protected":false},"excerpt":{"rendered":"<p>CLEAN Flower Fresh &auml; on tuoksu, joka on saanut inspiraationsa auringosta kylpemisest\u00e4 tuulessa tanssivien luonnonvaraisten kukkien ymp\u00e4r\u00f6im\u00e4n\u00e4. Hajuvesi her\u00e4tt\u00e4\u00e4 iloa, joka muistuttaa aurinkoista tuulta yhdistettyn\u00e4 h\u00f6yhenen pehmeyteen, joka on saanut vaikutteita herkist\u00e4 kukista. Alkutuoksu: Bergamotti, Sitruunankuori, Fresh Air AccordSyd\u00e4n; Alkutuoksu: N&auml;nekroosi, Gardenia, JasmiiniPohjatuoksu: ambra, myski, ka\u0161mirpuu&auml;<\/p>\n","protected":false},"featured_media":134603,"comment_status":"open","ping_status":"closed","template":"","meta":{"_trash_the_other_posts":false},"product_brand":[],"product_cat":[999,706,735],"product_tag":[2707],"berocket_brand":[1116],"class_list":{"0":"post-134607","1":"product","2":"type-product","3":"status-publish","4":"has-post-thumbnail","6":"product_cat-kampanjatarjous-naiselle","7":"product_cat-naisten-eau-de-parfum","8":"product_cat-kampanjamme","9":"product_tag-clean-classic-flower-fresh-edp","10":"pa_brand-clean","11":"pa_variantti-60ml","12":"berocket_brand-clean","14":"first","15":"instock","16":"sale","17":"taxable","18":"shipping-taxable","19":"purchasable","20":"product-type-simple"},"_links":{"self":[{"href":"https:\/\/stylingagenten.com\/fi\/wp-json\/wp\/v2\/product\/134607","targetHints":{"allow":["GET"]}}],"collection":[{"href":"https:\/\/stylingagenten.com\/fi\/wp-json\/wp\/v2\/product"}],"about":[{"href":"https:\/\/stylingagenten.com\/fi\/wp-json\/wp\/v2\/types\/product"}],"replies":[{"embeddable":true,"href":"https:\/\/stylingagenten.com\/fi\/wp-json\/wp\/v2\/comments?post=134607"}],"version-history":[{"count":0,"href":"https:\/\/stylingagenten.com\/fi\/wp-json\/wp\/v2\/product\/134607\/revisions"}],"wp:featuredmedia":[{"embeddable":true,"href":"https:\/\/stylingagenten.com\/fi\/wp-json\/wp\/v2\/media\/134603"}],"wp:attachment":[{"href":"https:\/\/stylingagenten.com\/fi\/wp-json\/wp\/v2\/media?parent=134607"}],"wp:term":[{"taxonomy":"product_brand","embeddable":true,"href":"https:\/\/stylingagenten.com\/fi\/wp-json\/wp\/v2\/product_brand?post=134607"},{"taxonomy":"product_cat","embeddable":true,"href":"https:\/\/stylingagenten.com\/fi\/wp-json\/wp\/v2\/product_cat?post=134607"},{"taxonomy":"product_tag","embeddable":true,"href":"https:\/\/stylingagenten.com\/fi\/wp-json\/wp\/v2\/product_tag?post=134607"},{"taxonomy":"berocket_brand","embeddable":true,"href":"https:\/\/stylingagenten.com\/fi\/wp-json\/wp\/v2\/berocket_brand?post=134607"}],"curies":[{"name":"wp","href":"https:\/\/api.w.org\/{rel}","templated":true}]}}