{"id":134605,"date":"2025-05-18T22:40:33","date_gmt":"2025-05-18T22:40:33","guid":{"rendered":"https:\/\/staging2.stylingagenten.com\/fi\/produkt\/ariana-grande-god-is-a-woman-edp-50ml\/"},"modified":"2026-03-11T21:59:49","modified_gmt":"2026-03-11T21:59:49","slug":"ariana-grande-god-is-a-woman-edp-50ml","status":"publish","type":"product","link":"https:\/\/stylingagenten.com\/fi\/tuote\/ariana-grande-god-is-a-woman-edp-50ml\/","title":{"rendered":"Ariana Grande God Is A Woman Edp 50ml"},"content":{"rendered":"<p>Ariana Granden God is a Woman on odottamaton yhdistelm\u00e4 ylellisi\u00e4 ja luonnollisia ainesosia, jotka luovat fantastisen aistillisen ja intiimin kokemuksen. Koukuttava tuoksu, joka vie sinut myrskyyn! Hajuvesi koostuu 91 % luonnollisista ainesosista, ja se on vegaaninen ja julmuusvapaa.<\/p>\n<p>Alkutuoksu: Ambrette ja mehukas p\u00e4\u00e4ryn\u00e4<\/p>\n<p>Syd\u00e4ntuoksu: Orris ja turkkilaiset ruusun ter\u00e4lehdet<\/p>\n<p>Pohjatuoksu: Madagaskarin vanilja ja kermainen setripuu<\/p>\n","protected":false},"excerpt":{"rendered":"<p>Ariana Granden God is a Woman on odottamaton yhdistelm\u00e4 ylellisi\u00e4 ja luonnollisia ainesosia, jotka luovat fantastisen aistillisen ja intiimin kokemuksen. Koukuttava tuoksu, joka vie sinut myrskyyn! Hajuvesi koostuu 91 % luonnollisista ainesosista, ja se on vegaaninen ja julmuusvapaa. Alkutuoksu: Ambrette ja mehukas p\u00e4\u00e4ryn\u00e4 Syd\u00e4ntuoksu: Orris ja turkkilaiset ruusun ter\u00e4lehdet Pohjatuoksu: Madagaskarin vanilja ja kermainen setripuu<\/p>\n","protected":false},"featured_media":134602,"comment_status":"open","ping_status":"closed","template":"","meta":{"_trash_the_other_posts":false},"product_brand":[],"product_cat":[999,1003,706,735],"product_tag":[2425],"berocket_brand":[1201],"class_list":{"0":"post-134605","1":"product","2":"type-product","3":"status-publish","4":"has-post-thumbnail","6":"product_cat-kampanjatarjous-naiselle","7":"product_cat-myydyimmat","8":"product_cat-naisten-eau-de-parfum","9":"product_cat-kampanjamme","10":"product_tag-ariana-grande-god-is-a-woman-edp","11":"pa_brand-ariana-grande","12":"pa_variantti-50ml","13":"berocket_brand-ariana-grande","15":"first","16":"instock","17":"sale","18":"taxable","19":"shipping-taxable","20":"purchasable","21":"product-type-simple"},"_links":{"self":[{"href":"https:\/\/stylingagenten.com\/fi\/wp-json\/wp\/v2\/product\/134605","targetHints":{"allow":["GET"]}}],"collection":[{"href":"https:\/\/stylingagenten.com\/fi\/wp-json\/wp\/v2\/product"}],"about":[{"href":"https:\/\/stylingagenten.com\/fi\/wp-json\/wp\/v2\/types\/product"}],"replies":[{"embeddable":true,"href":"https:\/\/stylingagenten.com\/fi\/wp-json\/wp\/v2\/comments?post=134605"}],"version-history":[{"count":0,"href":"https:\/\/stylingagenten.com\/fi\/wp-json\/wp\/v2\/product\/134605\/revisions"}],"wp:featuredmedia":[{"embeddable":true,"href":"https:\/\/stylingagenten.com\/fi\/wp-json\/wp\/v2\/media\/134602"}],"wp:attachment":[{"href":"https:\/\/stylingagenten.com\/fi\/wp-json\/wp\/v2\/media?parent=134605"}],"wp:term":[{"taxonomy":"product_brand","embeddable":true,"href":"https:\/\/stylingagenten.com\/fi\/wp-json\/wp\/v2\/product_brand?post=134605"},{"taxonomy":"product_cat","embeddable":true,"href":"https:\/\/stylingagenten.com\/fi\/wp-json\/wp\/v2\/product_cat?post=134605"},{"taxonomy":"product_tag","embeddable":true,"href":"https:\/\/stylingagenten.com\/fi\/wp-json\/wp\/v2\/product_tag?post=134605"},{"taxonomy":"berocket_brand","embeddable":true,"href":"https:\/\/stylingagenten.com\/fi\/wp-json\/wp\/v2\/berocket_brand?post=134605"}],"curies":[{"name":"wp","href":"https:\/\/api.w.org\/{rel}","templated":true}]}}