{"id":134476,"date":"2025-05-18T22:38:03","date_gmt":"2025-05-18T22:38:03","guid":{"rendered":"https:\/\/staging2.stylingagenten.com\/fi\/produkt\/dolce-gabbana-light-blue-forever-edp-50ml\/"},"modified":"2026-04-06T22:28:34","modified_gmt":"2026-04-06T22:28:34","slug":"dolce-gabbana-light-blue-forever-edp-50ml","status":"publish","type":"product","link":"https:\/\/stylingagenten.com\/fi\/tuote\/dolce-gabbana-light-blue-forever-edp-50ml\/","title":{"rendered":"Dolce &amp; Gabbana Light Blue Forever Edp 50ml"},"content":{"rendered":"<p>Dolce &amp; Gabbana vangitsee ikuisen rakkauden hengen ikonisen Light Blue -tuoksusarjan uudella, vastustamattomalla rajoitetulla painoksella. Valmistaudu kes\u00e4n tuoksuun h\u00e4nelle, Light Blue Forever Pour Femme. Aistillinen parfyymivesi, joka juhlii todellista rakkautta sen kaikissa muodoissa, italialainen rakkaustarina, joka sijoittuu auringonpaisteeseen Caprille.<br \/>Yl\u00e4tuoksu: sitrushedelm\u00e4t, Granny Smith -omena<br \/>Syd\u00e4ntuoksu: Appelsiinin kukka, valkoiset kukat<br \/> &gt;Pohjatuoksu: Cashmeran, Cedarwood, Myski<\/p>\n","protected":false},"excerpt":{"rendered":"<p>Dolce &amp; Gabbana vangitsee ikuisen rakkauden hengen ikonisen Light Blue -tuoksusarjan uudella, vastustamattomalla rajoitetulla painoksella. Valmistaudu kes\u00e4n tuoksuun h\u00e4nelle, Light Blue Forever Pour Femme. Aistillinen parfyymivesi, joka juhlii todellista rakkautta sen kaikissa muodoissa, italialainen rakkaustarina, joka sijoittuu auringonpaisteeseen Caprille.Yl\u00e4tuoksu: sitrushedelm\u00e4t, Granny Smith -omenaSyd\u00e4ntuoksu: Appelsiinin kukka, valkoiset kukat &gt;Pohjatuoksu: Cashmeran, Cedarwood, Myski<\/p>\n","protected":false},"featured_media":134472,"comment_status":"open","ping_status":"closed","template":"","meta":{"_trash_the_other_posts":false},"product_brand":[],"product_cat":[832,999,706,735],"product_tag":[2832],"berocket_brand":[1292],"class_list":{"0":"post-134476","1":"product","2":"type-product","3":"status-publish","4":"has-post-thumbnail","6":"product_cat-dolce-gabbana-light-blue-women","7":"product_cat-kampanjatarjous-naiselle","8":"product_cat-naisten-eau-de-parfum","9":"product_cat-kampanjamme","10":"product_tag-dolce-gabbana-light-blue-forever-edp","11":"pa_brand-dolce-gabbana","12":"pa_variantti-50ml","13":"berocket_brand-dolce-gabbana","15":"first","16":"outofstock","17":"sale","18":"taxable","19":"shipping-taxable","20":"purchasable","21":"product-type-simple"},"_links":{"self":[{"href":"https:\/\/stylingagenten.com\/fi\/wp-json\/wp\/v2\/product\/134476","targetHints":{"allow":["GET"]}}],"collection":[{"href":"https:\/\/stylingagenten.com\/fi\/wp-json\/wp\/v2\/product"}],"about":[{"href":"https:\/\/stylingagenten.com\/fi\/wp-json\/wp\/v2\/types\/product"}],"replies":[{"embeddable":true,"href":"https:\/\/stylingagenten.com\/fi\/wp-json\/wp\/v2\/comments?post=134476"}],"version-history":[{"count":0,"href":"https:\/\/stylingagenten.com\/fi\/wp-json\/wp\/v2\/product\/134476\/revisions"}],"wp:featuredmedia":[{"embeddable":true,"href":"https:\/\/stylingagenten.com\/fi\/wp-json\/wp\/v2\/media\/134472"}],"wp:attachment":[{"href":"https:\/\/stylingagenten.com\/fi\/wp-json\/wp\/v2\/media?parent=134476"}],"wp:term":[{"taxonomy":"product_brand","embeddable":true,"href":"https:\/\/stylingagenten.com\/fi\/wp-json\/wp\/v2\/product_brand?post=134476"},{"taxonomy":"product_cat","embeddable":true,"href":"https:\/\/stylingagenten.com\/fi\/wp-json\/wp\/v2\/product_cat?post=134476"},{"taxonomy":"product_tag","embeddable":true,"href":"https:\/\/stylingagenten.com\/fi\/wp-json\/wp\/v2\/product_tag?post=134476"},{"taxonomy":"berocket_brand","embeddable":true,"href":"https:\/\/stylingagenten.com\/fi\/wp-json\/wp\/v2\/berocket_brand?post=134476"}],"curies":[{"name":"wp","href":"https:\/\/api.w.org\/{rel}","templated":true}]}}