{"id":134457,"date":"2025-05-18T22:38:00","date_gmt":"2025-05-18T22:38:00","guid":{"rendered":"https:\/\/staging2.stylingagenten.com\/fi\/produkt\/lolita-lempicka-sweet-edp-100ml\/"},"modified":"2026-03-30T07:31:18","modified_gmt":"2026-03-30T07:31:18","slug":"lolita-lempicka-sweet-edp-100ml","status":"publish","type":"product","link":"https:\/\/stylingagenten.com\/fi\/tuote\/lolita-lempicka-sweet-edp-100ml\/","title":{"rendered":"Lolita Lempicka Sweet Edp 100ml"},"content":{"rendered":"<p>Lolita Lempicka Sweet Edp on herkullinen ja flirttaileva tuoksu naisille, joka symboloi naisellisuutta ja kielletty\u00e4 hedelm\u00e4\u00e4.<br \/>Alkutuoksu: kirsikka, sokeroitu omena<br \/>Syd\u00e4ntuoksu: absoluuttinen kaakao, angelica, iiris<br \/>Pohjatuoksu: myski, kashmir. puuta<\/p>\n","protected":false},"excerpt":{"rendered":"<p>Lolita Lempicka Sweet Edp on herkullinen ja flirttaileva tuoksu naisille, joka symboloi naisellisuutta ja kielletty\u00e4 hedelm\u00e4\u00e4.Alkutuoksu: kirsikka, sokeroitu omenaSyd\u00e4ntuoksu: absoluuttinen kaakao, angelica, iirisPohjatuoksu: myski, kashmir. puuta<\/p>\n","protected":false},"featured_media":134456,"comment_status":"open","ping_status":"closed","template":"","meta":{"_trash_the_other_posts":false},"product_brand":[],"product_cat":[999,706,735],"product_tag":[3229],"berocket_brand":[1177],"class_list":{"0":"post-134457","1":"product","2":"type-product","3":"status-publish","4":"has-post-thumbnail","6":"product_cat-kampanjatarjous-naiselle","7":"product_cat-naisten-eau-de-parfum","8":"product_cat-kampanjamme","9":"product_tag-lolita-lempicka-sweet-edp","10":"pa_brand-lolita-lempicka","11":"pa_variantti-100ml","12":"berocket_brand-lolita-lempicka","14":"first","15":"instock","16":"sale","17":"taxable","18":"shipping-taxable","19":"purchasable","20":"product-type-simple"},"_links":{"self":[{"href":"https:\/\/stylingagenten.com\/fi\/wp-json\/wp\/v2\/product\/134457","targetHints":{"allow":["GET"]}}],"collection":[{"href":"https:\/\/stylingagenten.com\/fi\/wp-json\/wp\/v2\/product"}],"about":[{"href":"https:\/\/stylingagenten.com\/fi\/wp-json\/wp\/v2\/types\/product"}],"replies":[{"embeddable":true,"href":"https:\/\/stylingagenten.com\/fi\/wp-json\/wp\/v2\/comments?post=134457"}],"version-history":[{"count":0,"href":"https:\/\/stylingagenten.com\/fi\/wp-json\/wp\/v2\/product\/134457\/revisions"}],"wp:featuredmedia":[{"embeddable":true,"href":"https:\/\/stylingagenten.com\/fi\/wp-json\/wp\/v2\/media\/134456"}],"wp:attachment":[{"href":"https:\/\/stylingagenten.com\/fi\/wp-json\/wp\/v2\/media?parent=134457"}],"wp:term":[{"taxonomy":"product_brand","embeddable":true,"href":"https:\/\/stylingagenten.com\/fi\/wp-json\/wp\/v2\/product_brand?post=134457"},{"taxonomy":"product_cat","embeddable":true,"href":"https:\/\/stylingagenten.com\/fi\/wp-json\/wp\/v2\/product_cat?post=134457"},{"taxonomy":"product_tag","embeddable":true,"href":"https:\/\/stylingagenten.com\/fi\/wp-json\/wp\/v2\/product_tag?post=134457"},{"taxonomy":"berocket_brand","embeddable":true,"href":"https:\/\/stylingagenten.com\/fi\/wp-json\/wp\/v2\/berocket_brand?post=134457"}],"curies":[{"name":"wp","href":"https:\/\/api.w.org\/{rel}","templated":true}]}}