{"id":134445,"date":"2025-05-18T22:37:57","date_gmt":"2025-05-18T22:37:57","guid":{"rendered":"https:\/\/staging2.stylingagenten.com\/fi\/produkt\/elizabeth-arden-sunflowers-body-mist-236ml\/"},"modified":"2026-04-01T22:28:43","modified_gmt":"2026-04-01T22:28:43","slug":"elizabeth-arden-sunflowers-body-mist-236ml","status":"publish","type":"product","link":"https:\/\/stylingagenten.com\/fi\/tuote\/elizabeth-arden-sunflowers-body-mist-236ml\/","title":{"rendered":"Elizabeth Arden Sunflowers Body Mist 236ml"},"content":{"rendered":"<p>Elizabeth Arden Sunflowers on raikas, hedelm\u00e4inen ja kukkainen hajuvesi, jossa on melonin, ruusujen ja keh\u00e4kukan tuoksu.<br \/>Tuoksutuoksu: meloni, persikka, jasmiini, keh\u00e4kukka, ruusut, santelipuu ja sammal.<\/p>\n","protected":false},"excerpt":{"rendered":"<p>Elizabeth Arden Sunflowers on raikas, hedelm\u00e4inen ja kukkainen hajuvesi, jossa on melonin, ruusujen ja keh\u00e4kukan tuoksu.Tuoksutuoksu: meloni, persikka, jasmiini, keh\u00e4kukka, ruusut, santelipuu ja sammal.<\/p>\n","protected":false},"featured_media":134444,"comment_status":"open","ping_status":"closed","template":"","meta":{"_trash_the_other_posts":false},"product_brand":[],"product_cat":[585,760,1006,999,1003,735],"product_tag":[],"berocket_brand":[1303],"class_list":{"0":"post-134445","1":"product","2":"type-product","3":"status-publish","4":"has-post-thumbnail","6":"product_cat-bodymist-naiset","7":"product_cat-elizabeth-arden-sunflowers","8":"product_cat-kampanjahinta","9":"product_cat-kampanjatarjous-naiselle","10":"product_cat-myydyimmat","11":"product_cat-kampanjamme","12":"pa_brand-elizabeth-arden","13":"berocket_brand-elizabeth-arden","15":"first","16":"outofstock","17":"sale","18":"taxable","19":"shipping-taxable","20":"purchasable","21":"product-type-simple"},"_links":{"self":[{"href":"https:\/\/stylingagenten.com\/fi\/wp-json\/wp\/v2\/product\/134445","targetHints":{"allow":["GET"]}}],"collection":[{"href":"https:\/\/stylingagenten.com\/fi\/wp-json\/wp\/v2\/product"}],"about":[{"href":"https:\/\/stylingagenten.com\/fi\/wp-json\/wp\/v2\/types\/product"}],"replies":[{"embeddable":true,"href":"https:\/\/stylingagenten.com\/fi\/wp-json\/wp\/v2\/comments?post=134445"}],"version-history":[{"count":0,"href":"https:\/\/stylingagenten.com\/fi\/wp-json\/wp\/v2\/product\/134445\/revisions"}],"wp:featuredmedia":[{"embeddable":true,"href":"https:\/\/stylingagenten.com\/fi\/wp-json\/wp\/v2\/media\/134444"}],"wp:attachment":[{"href":"https:\/\/stylingagenten.com\/fi\/wp-json\/wp\/v2\/media?parent=134445"}],"wp:term":[{"taxonomy":"product_brand","embeddable":true,"href":"https:\/\/stylingagenten.com\/fi\/wp-json\/wp\/v2\/product_brand?post=134445"},{"taxonomy":"product_cat","embeddable":true,"href":"https:\/\/stylingagenten.com\/fi\/wp-json\/wp\/v2\/product_cat?post=134445"},{"taxonomy":"product_tag","embeddable":true,"href":"https:\/\/stylingagenten.com\/fi\/wp-json\/wp\/v2\/product_tag?post=134445"},{"taxonomy":"berocket_brand","embeddable":true,"href":"https:\/\/stylingagenten.com\/fi\/wp-json\/wp\/v2\/berocket_brand?post=134445"}],"curies":[{"name":"wp","href":"https:\/\/api.w.org\/{rel}","templated":true}]}}