{"id":134387,"date":"2025-05-18T22:37:48","date_gmt":"2025-05-18T22:37:48","guid":{"rendered":"https:\/\/staging2.stylingagenten.com\/fi\/produkt\/calvin-klein-women-edp-100ml\/"},"modified":"2026-04-13T07:09:25","modified_gmt":"2026-04-13T07:09:25","slug":"calvin-klein-women-edp-100ml","status":"publish","type":"product","link":"https:\/\/stylingagenten.com\/fi\/tuote\/calvin-klein-women-edp-100ml\/","title":{"rendered":"Calvin Klein Women Edp 100ml"},"content":{"rendered":"<p>Calvin Klein Women on naisellinen tuoksu, jossa on mukava ripaus aistillisuutta. Tuoksu perustuu j\u00e4nnite kirkkaan ja aromaattisen kukkaisen tuoreuden ja modernin koukuttavan puun s\u00e4vyjen v\u00e4lill\u00e4. Appelsiinin kukan keveys sekoittuu eukalyptuksen lehtien aistillisuuteen luoden tuoksun, jolla on ainutlaatuinen rakenne ilman rajoja. Calvin Klein Women on ep\u00e4tavanomaisen raikas ja puinen tuoksu NAISTEN Alaskasta, olibanum, ambrox<\/p>\n","protected":false},"excerpt":{"rendered":"<p>Calvin Klein Women on naisellinen tuoksu, jossa on mukava ripaus aistillisuutta. Tuoksu perustuu j\u00e4nnite kirkkaan ja aromaattisen kukkaisen tuoreuden ja modernin koukuttavan puun s\u00e4vyjen v\u00e4lill\u00e4. Appelsiinin kukan keveys sekoittuu eukalyptuksen lehtien aistillisuuteen luoden tuoksun, jolla on ainutlaatuinen rakenne ilman rajoja. Calvin Klein Women on ep\u00e4tavanomaisen raikas ja puinen tuoksu NAISTEN Alaskasta, olibanum, ambrox<\/p>\n","protected":false},"featured_media":134379,"comment_status":"open","ping_status":"closed","template":"","meta":{"_trash_the_other_posts":false},"product_brand":[],"product_cat":[737,1006,999,706,735],"product_tag":[2670],"berocket_brand":[1014],"class_list":{"0":"post-134387","1":"product","2":"type-product","3":"status-publish","4":"has-post-thumbnail","6":"product_cat-calvin-klein-women","7":"product_cat-kampanjahinta","8":"product_cat-kampanjatarjous-naiselle","9":"product_cat-naisten-eau-de-parfum","10":"product_cat-kampanjamme","11":"product_tag-calvin-klein-women-edp","12":"pa_brand-calvin-klein","13":"pa_variantti-100ml","14":"berocket_brand-calvin-klein","16":"first","17":"instock","18":"sale","19":"taxable","20":"shipping-taxable","21":"purchasable","22":"product-type-simple"},"_links":{"self":[{"href":"https:\/\/stylingagenten.com\/fi\/wp-json\/wp\/v2\/product\/134387","targetHints":{"allow":["GET"]}}],"collection":[{"href":"https:\/\/stylingagenten.com\/fi\/wp-json\/wp\/v2\/product"}],"about":[{"href":"https:\/\/stylingagenten.com\/fi\/wp-json\/wp\/v2\/types\/product"}],"replies":[{"embeddable":true,"href":"https:\/\/stylingagenten.com\/fi\/wp-json\/wp\/v2\/comments?post=134387"}],"version-history":[{"count":0,"href":"https:\/\/stylingagenten.com\/fi\/wp-json\/wp\/v2\/product\/134387\/revisions"}],"wp:featuredmedia":[{"embeddable":true,"href":"https:\/\/stylingagenten.com\/fi\/wp-json\/wp\/v2\/media\/134379"}],"wp:attachment":[{"href":"https:\/\/stylingagenten.com\/fi\/wp-json\/wp\/v2\/media?parent=134387"}],"wp:term":[{"taxonomy":"product_brand","embeddable":true,"href":"https:\/\/stylingagenten.com\/fi\/wp-json\/wp\/v2\/product_brand?post=134387"},{"taxonomy":"product_cat","embeddable":true,"href":"https:\/\/stylingagenten.com\/fi\/wp-json\/wp\/v2\/product_cat?post=134387"},{"taxonomy":"product_tag","embeddable":true,"href":"https:\/\/stylingagenten.com\/fi\/wp-json\/wp\/v2\/product_tag?post=134387"},{"taxonomy":"berocket_brand","embeddable":true,"href":"https:\/\/stylingagenten.com\/fi\/wp-json\/wp\/v2\/berocket_brand?post=134387"}],"curies":[{"name":"wp","href":"https:\/\/api.w.org\/{rel}","templated":true}]}}