{"id":134351,"date":"2025-05-18T22:37:42","date_gmt":"2025-05-18T22:37:42","guid":{"rendered":"https:\/\/staging2.stylingagenten.com\/fi\/produkt\/paco-rabanne-olympea-edp-30ml\/"},"modified":"2026-03-25T14:29:22","modified_gmt":"2026-03-25T14:29:22","slug":"paco-rabanne-olympea-edp-30ml","status":"publish","type":"product","link":"https:\/\/stylingagenten.com\/fi\/tuote\/paco-rabanne-olympea-edp-30ml\/","title":{"rendered":"Paco Rabanne Olympea Edp 30ml"},"content":{"rendered":"<p>Paco Rabanne Olympea on vertaansa vailla oleva tuoksuseikkailu, joka korostaa naisellista aistillisuuttasi. Seuraa p&aring; ainutlaatuinen matka liikkeellepaneva voima piilee j\u00e4rjestyksess\u00e4 ikoninen, jumalallinen ja aistillinen. Pullo edustaa voiton naisellista ilmett\u00e4, joka heijastuu vaaleanpunaisen, puhtaan valkoisen ja ruusukullan s\u00e4vyiss\u00e4.<\/p>\n<p><strong>&nbsp;Tuoksutuoksu:<\/strong> vesijasmiini, inkiv\u00e4\u00e4ri, mandariini, suola, vanilja, santelipuu, kashmirpuu ja keltainen.<\/p>\n","protected":false},"excerpt":{"rendered":"<p>Paco Rabanne Olympea on vertaansa vailla oleva tuoksuseikkailu, joka korostaa naisellista aistillisuuttasi. Seuraa p&aring; ainutlaatuinen matka liikkeellepaneva voima piilee j\u00e4rjestyksess\u00e4 ikoninen, jumalallinen ja aistillinen. Pullo edustaa voiton naisellista ilmett\u00e4, joka heijastuu vaaleanpunaisen, puhtaan valkoisen ja ruusukullan s\u00e4vyiss\u00e4. &nbsp;Tuoksutuoksu: vesijasmiini, inkiv\u00e4\u00e4ri, mandariini, suola, vanilja, santelipuu, kashmirpuu ja keltainen.<\/p>\n","protected":false},"featured_media":134349,"comment_status":"open","ping_status":"closed","template":"","meta":{"_trash_the_other_posts":false},"product_brand":[],"product_cat":[999,706,735],"product_tag":[3741],"berocket_brand":[1048],"class_list":{"0":"post-134351","1":"product","2":"type-product","3":"status-publish","4":"has-post-thumbnail","6":"product_cat-kampanjatarjous-naiselle","7":"product_cat-naisten-eau-de-parfum","8":"product_cat-kampanjamme","9":"product_tag-paco-rabanne-olympea-edp","10":"pa_brand-paco-rabanne","11":"pa_variantti-30ml","12":"berocket_brand-paco-rabanne","14":"first","15":"instock","16":"sale","17":"taxable","18":"shipping-taxable","19":"purchasable","20":"product-type-simple"},"_links":{"self":[{"href":"https:\/\/stylingagenten.com\/fi\/wp-json\/wp\/v2\/product\/134351","targetHints":{"allow":["GET"]}}],"collection":[{"href":"https:\/\/stylingagenten.com\/fi\/wp-json\/wp\/v2\/product"}],"about":[{"href":"https:\/\/stylingagenten.com\/fi\/wp-json\/wp\/v2\/types\/product"}],"replies":[{"embeddable":true,"href":"https:\/\/stylingagenten.com\/fi\/wp-json\/wp\/v2\/comments?post=134351"}],"version-history":[{"count":0,"href":"https:\/\/stylingagenten.com\/fi\/wp-json\/wp\/v2\/product\/134351\/revisions"}],"wp:featuredmedia":[{"embeddable":true,"href":"https:\/\/stylingagenten.com\/fi\/wp-json\/wp\/v2\/media\/134349"}],"wp:attachment":[{"href":"https:\/\/stylingagenten.com\/fi\/wp-json\/wp\/v2\/media?parent=134351"}],"wp:term":[{"taxonomy":"product_brand","embeddable":true,"href":"https:\/\/stylingagenten.com\/fi\/wp-json\/wp\/v2\/product_brand?post=134351"},{"taxonomy":"product_cat","embeddable":true,"href":"https:\/\/stylingagenten.com\/fi\/wp-json\/wp\/v2\/product_cat?post=134351"},{"taxonomy":"product_tag","embeddable":true,"href":"https:\/\/stylingagenten.com\/fi\/wp-json\/wp\/v2\/product_tag?post=134351"},{"taxonomy":"berocket_brand","embeddable":true,"href":"https:\/\/stylingagenten.com\/fi\/wp-json\/wp\/v2\/berocket_brand?post=134351"}],"curies":[{"name":"wp","href":"https:\/\/api.w.org\/{rel}","templated":true}]}}