{"id":134312,"date":"2025-05-18T22:37:35","date_gmt":"2025-05-18T22:37:35","guid":{"rendered":"https:\/\/staging2.stylingagenten.com\/fi\/produkt\/michael-kors-coral-edp-50ml\/"},"modified":"2025-11-19T12:11:36","modified_gmt":"2025-11-19T12:11:36","slug":"michael-kors-coral-edp-50ml","status":"publish","type":"product","link":"https:\/\/stylingagenten.com\/fi\/tuote\/michael-kors-coral-edp-50ml\/","title":{"rendered":"Michael Kors Coral Edp 50ml"},"content":{"rendered":"<p>Coral by Michael Kors on kukkainen hedelm\u00e4inen tuoksu naisille. Yl\u00e4tuoksu: mandariini, vaaleanpunainen greippi, mustaherukka, vaaleanpunainen pippuri ja sitruuna. Syd\u00e4ntuoksu: appelsiinin kukka, jasmiini, tuberoosi ja vadelma. Pohjatuoksu: ambroksaani, santelipuu, myski ja seetri.<\/p>\n","protected":false},"excerpt":{"rendered":"<p>Coral by Michael Kors on kukkainen hedelm\u00e4inen tuoksu naisille. Yl\u00e4tuoksu: mandariini, vaaleanpunainen greippi, mustaherukka, vaaleanpunainen pippuri ja sitruuna. Syd\u00e4ntuoksu: appelsiinin kukka, jasmiini, tuberoosi ja vadelma. Pohjatuoksu: ambroksaani, santelipuu, myski ja seetri.<\/p>\n","protected":false},"featured_media":134311,"comment_status":"open","ping_status":"closed","template":"","meta":{"_trash_the_other_posts":false},"product_brand":[],"product_cat":[706],"product_tag":[],"berocket_brand":[1109],"class_list":{"0":"post-134312","1":"product","2":"type-product","3":"status-publish","4":"has-post-thumbnail","6":"product_cat-naisten-eau-de-parfum","7":"pa_brand-michael-kors","8":"berocket_brand-michael-kors","10":"first","11":"outofstock","12":"sale","13":"taxable","14":"shipping-taxable","15":"purchasable","16":"product-type-simple"},"_links":{"self":[{"href":"https:\/\/stylingagenten.com\/fi\/wp-json\/wp\/v2\/product\/134312","targetHints":{"allow":["GET"]}}],"collection":[{"href":"https:\/\/stylingagenten.com\/fi\/wp-json\/wp\/v2\/product"}],"about":[{"href":"https:\/\/stylingagenten.com\/fi\/wp-json\/wp\/v2\/types\/product"}],"replies":[{"embeddable":true,"href":"https:\/\/stylingagenten.com\/fi\/wp-json\/wp\/v2\/comments?post=134312"}],"version-history":[{"count":0,"href":"https:\/\/stylingagenten.com\/fi\/wp-json\/wp\/v2\/product\/134312\/revisions"}],"wp:featuredmedia":[{"embeddable":true,"href":"https:\/\/stylingagenten.com\/fi\/wp-json\/wp\/v2\/media\/134311"}],"wp:attachment":[{"href":"https:\/\/stylingagenten.com\/fi\/wp-json\/wp\/v2\/media?parent=134312"}],"wp:term":[{"taxonomy":"product_brand","embeddable":true,"href":"https:\/\/stylingagenten.com\/fi\/wp-json\/wp\/v2\/product_brand?post=134312"},{"taxonomy":"product_cat","embeddable":true,"href":"https:\/\/stylingagenten.com\/fi\/wp-json\/wp\/v2\/product_cat?post=134312"},{"taxonomy":"product_tag","embeddable":true,"href":"https:\/\/stylingagenten.com\/fi\/wp-json\/wp\/v2\/product_tag?post=134312"},{"taxonomy":"berocket_brand","embeddable":true,"href":"https:\/\/stylingagenten.com\/fi\/wp-json\/wp\/v2\/berocket_brand?post=134312"}],"curies":[{"name":"wp","href":"https:\/\/api.w.org\/{rel}","templated":true}]}}