{"id":134297,"date":"2025-05-18T22:37:33","date_gmt":"2025-05-18T22:37:33","guid":{"rendered":"https:\/\/staging2.stylingagenten.com\/fi\/produkt\/chopard-love-chopard-edp-50ml\/"},"modified":"2026-03-26T18:23:42","modified_gmt":"2026-03-26T18:23:42","slug":"chopard-love-chopard-edp-50ml","status":"publish","type":"product","link":"https:\/\/stylingagenten.com\/fi\/tuote\/chopard-love-chopard-edp-50ml\/","title":{"rendered":"Chopard Love Chopard Edp 50ml"},"content":{"rendered":"<p>Love Chopard on Chopardin fantastinen kunnianosoitus ruusuille. Se on ylellinen ja eteerinen tuoksu, jonka on luonut parfyymimestari Alberto Morillas maailman kauneimmista ruusuista koostuvan py\u00f6rteen ymp\u00e4rille, joka on kietoutunut uskomattomaan paraatiin pitk\u00e4kestoisista luonnollisista ainesosista.<\/p>\n<p>Yl\u00e4tuoksu: damascena rose-infuusio, taifros, mandariini.<br \/>Syd\u00e4ntuoksu: Bulgarian damascena eteerinen \u00f6ljy, marokkolainen centifolia ruusu, jasmiini sambac, appelsiininkukka.<br \/>Pohjatuoksu: turkkilainen damascena ruusu absoluuttinen, patsuli.<\/p>\n","protected":false},"excerpt":{"rendered":"<p>Love Chopard on Chopardin fantastinen kunnianosoitus ruusuille. Se on ylellinen ja eteerinen tuoksu, jonka on luonut parfyymimestari Alberto Morillas maailman kauneimmista ruusuista koostuvan py\u00f6rteen ymp\u00e4rille, joka on kietoutunut uskomattomaan paraatiin pitk\u00e4kestoisista luonnollisista ainesosista. Yl\u00e4tuoksu: damascena rose-infuusio, taifros, mandariini.Syd\u00e4ntuoksu: Bulgarian damascena eteerinen \u00f6ljy, marokkolainen centifolia ruusu, jasmiini sambac, appelsiininkukka.Pohjatuoksu: turkkilainen damascena ruusu absoluuttinen, patsuli.<\/p>\n","protected":false},"featured_media":134292,"comment_status":"open","ping_status":"closed","template":"","meta":{"_trash_the_other_posts":false},"product_brand":[],"product_cat":[999,706,735],"product_tag":[2688],"berocket_brand":[1223],"class_list":{"0":"post-134297","1":"product","2":"type-product","3":"status-publish","4":"has-post-thumbnail","6":"product_cat-kampanjatarjous-naiselle","7":"product_cat-naisten-eau-de-parfum","8":"product_cat-kampanjamme","9":"product_tag-chopard-love-chopard-edp","10":"pa_brand-chopard","11":"pa_variantti-50ml","12":"berocket_brand-chopard","14":"first","15":"instock","16":"sale","17":"taxable","18":"shipping-taxable","19":"purchasable","20":"product-type-simple"},"_links":{"self":[{"href":"https:\/\/stylingagenten.com\/fi\/wp-json\/wp\/v2\/product\/134297","targetHints":{"allow":["GET"]}}],"collection":[{"href":"https:\/\/stylingagenten.com\/fi\/wp-json\/wp\/v2\/product"}],"about":[{"href":"https:\/\/stylingagenten.com\/fi\/wp-json\/wp\/v2\/types\/product"}],"replies":[{"embeddable":true,"href":"https:\/\/stylingagenten.com\/fi\/wp-json\/wp\/v2\/comments?post=134297"}],"version-history":[{"count":0,"href":"https:\/\/stylingagenten.com\/fi\/wp-json\/wp\/v2\/product\/134297\/revisions"}],"wp:featuredmedia":[{"embeddable":true,"href":"https:\/\/stylingagenten.com\/fi\/wp-json\/wp\/v2\/media\/134292"}],"wp:attachment":[{"href":"https:\/\/stylingagenten.com\/fi\/wp-json\/wp\/v2\/media?parent=134297"}],"wp:term":[{"taxonomy":"product_brand","embeddable":true,"href":"https:\/\/stylingagenten.com\/fi\/wp-json\/wp\/v2\/product_brand?post=134297"},{"taxonomy":"product_cat","embeddable":true,"href":"https:\/\/stylingagenten.com\/fi\/wp-json\/wp\/v2\/product_cat?post=134297"},{"taxonomy":"product_tag","embeddable":true,"href":"https:\/\/stylingagenten.com\/fi\/wp-json\/wp\/v2\/product_tag?post=134297"},{"taxonomy":"berocket_brand","embeddable":true,"href":"https:\/\/stylingagenten.com\/fi\/wp-json\/wp\/v2\/berocket_brand?post=134297"}],"curies":[{"name":"wp","href":"https:\/\/api.w.org\/{rel}","templated":true}]}}