{"id":134271,"date":"2025-05-18T22:37:28","date_gmt":"2025-05-18T22:37:28","guid":{"rendered":"https:\/\/staging2.stylingagenten.com\/fi\/produkt\/viktor-rolf-flowerbomb-edp-20ml\/"},"modified":"2026-03-25T14:27:32","modified_gmt":"2026-03-25T14:27:32","slug":"viktor-rolf-flowerbomb-edp-20ml","status":"publish","type":"product","link":"https:\/\/stylingagenten.com\/fi\/tuote\/viktor-rolf-flowerbomb-edp-20ml\/","title":{"rendered":"Viktor &amp; Rolf Flowerbomb Edp 20ml"},"content":{"rendered":"<p>Viktor &amp; Rolf Flowerbomb Edp on l\u00e4mmin ja romanttinen tuoksu aistillisella ja seksikk\u00e4\u00e4ll\u00e4 kukkaistuoksulla, joka sopii, kun haluat tuntea olosi erityiseksi tai haluat vaikuttaa ymp\u00e4rist\u00f6\u00f6si. <\/p>\n<p>Tuoksutuoksu: bergamotti, intialainen osmanthus, sambac jasmiini, cattleya-orkidea, freesia, ruusut, myski ja patsuli.<\/p>\n","protected":false},"excerpt":{"rendered":"<p>Viktor &amp; Rolf Flowerbomb Edp on l\u00e4mmin ja romanttinen tuoksu aistillisella ja seksikk\u00e4\u00e4ll\u00e4 kukkaistuoksulla, joka sopii, kun haluat tuntea olosi erityiseksi tai haluat vaikuttaa ymp\u00e4rist\u00f6\u00f6si. Tuoksutuoksu: bergamotti, intialainen osmanthus, sambac jasmiini, cattleya-orkidea, freesia, ruusut, myski ja patsuli.<\/p>\n","protected":false},"featured_media":134270,"comment_status":"open","ping_status":"closed","template":"","meta":{"_trash_the_other_posts":false},"product_brand":[],"product_cat":[999,706,735],"product_tag":[4059],"berocket_brand":[1997],"class_list":{"0":"post-134271","1":"product","2":"type-product","3":"status-publish","4":"has-post-thumbnail","6":"product_cat-kampanjatarjous-naiselle","7":"product_cat-naisten-eau-de-parfum","8":"product_cat-kampanjamme","9":"product_tag-viktor-rolf-flowerbomb-edp","10":"pa_brand-viktorrolf","11":"pa_variantti-20ml","12":"berocket_brand-viktoramp","14":"first","15":"instock","16":"sale","17":"taxable","18":"shipping-taxable","19":"purchasable","20":"product-type-simple"},"_links":{"self":[{"href":"https:\/\/stylingagenten.com\/fi\/wp-json\/wp\/v2\/product\/134271","targetHints":{"allow":["GET"]}}],"collection":[{"href":"https:\/\/stylingagenten.com\/fi\/wp-json\/wp\/v2\/product"}],"about":[{"href":"https:\/\/stylingagenten.com\/fi\/wp-json\/wp\/v2\/types\/product"}],"replies":[{"embeddable":true,"href":"https:\/\/stylingagenten.com\/fi\/wp-json\/wp\/v2\/comments?post=134271"}],"version-history":[{"count":0,"href":"https:\/\/stylingagenten.com\/fi\/wp-json\/wp\/v2\/product\/134271\/revisions"}],"wp:featuredmedia":[{"embeddable":true,"href":"https:\/\/stylingagenten.com\/fi\/wp-json\/wp\/v2\/media\/134270"}],"wp:attachment":[{"href":"https:\/\/stylingagenten.com\/fi\/wp-json\/wp\/v2\/media?parent=134271"}],"wp:term":[{"taxonomy":"product_brand","embeddable":true,"href":"https:\/\/stylingagenten.com\/fi\/wp-json\/wp\/v2\/product_brand?post=134271"},{"taxonomy":"product_cat","embeddable":true,"href":"https:\/\/stylingagenten.com\/fi\/wp-json\/wp\/v2\/product_cat?post=134271"},{"taxonomy":"product_tag","embeddable":true,"href":"https:\/\/stylingagenten.com\/fi\/wp-json\/wp\/v2\/product_tag?post=134271"},{"taxonomy":"berocket_brand","embeddable":true,"href":"https:\/\/stylingagenten.com\/fi\/wp-json\/wp\/v2\/berocket_brand?post=134271"}],"curies":[{"name":"wp","href":"https:\/\/api.w.org\/{rel}","templated":true}]}}